{"id":124997,"date":"2026-05-07T09:36:34","date_gmt":"2026-05-07T07:36:34","guid":{"rendered":"https:\/\/one-horizon.ch\/product\/roslyn-71\/"},"modified":"2026-05-07T09:36:34","modified_gmt":"2026-05-07T07:36:34","slug":"roslyn-71","status":"publish","type":"product","link":"https:\/\/one-horizon.ch\/fr\/product\/roslyn-71\/","title":{"rendered":"Roslyn 7.1"},"content":{"rendered":"<p>Le Roslyn 7.1 est un sac \u00e0 bandouli\u00e8re g\u00e9n\u00e9reux de 7clouds avec beaucoup d&#8217;espace pour le quotidien. Fabriqu\u00e9 en Tarpaulin et en RPET recycl\u00e9, il est dot\u00e9 de d\u00e9tails en cuir certifi\u00e9s LGW et d&#8217;une bretelle r\u00e9glable. <\/p>\n<h2>Mat\u00e9riaux et durabilit\u00e9<\/h2>\n<p>Ext\u00e9rieur en <strong>Tarpaulin<\/strong> robuste, int\u00e9rieur en <strong>RPET<\/strong> recycl\u00e9. Les d\u00e9tails en cuir sont <strong>certifi\u00e9s LGW<\/strong> (Leather Working Group) &#8211; pour un traitement responsable du cuir. <\/p>\n<h2>\u00c9quipement<\/h2>\n<ul>\n<li>1 poche zipp\u00e9e avec acc\u00e8s par fermeture \u00e9clair<\/li>\n<li>2 poches int\u00e9rieures<\/li>\n<li>Dimensions : 24 \u00d7 17 \u00d7 6 cm (L\/H\/P)<\/li>\n<li>Fabriqu\u00e9 \u00e0 la main dans une usine certifi\u00e9e BSCI<\/li>\n<\/ul>\n<h2>5 variantes de couleurs<\/h2>\n<p>Disponible en noir, bleu clair-bleu, orange-bleu, blanc-gris et blanc-saumon.<\/p>\n","protected":false},"excerpt":{"rendered":"<p>Sac \u00e0 bandouli\u00e8re spacieux en Tarpaulin et RPET avec d\u00e9tails en cuir certifi\u00e9s LGW. Acc\u00e8s zipp\u00e9, 1 poche zipp\u00e9e, 2 poches int\u00e9rieures. Fait \u00e0 la main, certifi\u00e9 BSCI. Dimensions : 24 \u00d7 17 \u00d7 6 cm.   <\/p>\n","protected":false},"featured_media":124166,"comment_status":"open","ping_status":"closed","template":"","meta":{"_acf_changed":false},"product_brand":[2984],"product_cat":[2519],"product_tag":[],"class_list":{"0":"post-124997","1":"product","2":"type-product","3":"status-publish","4":"has-post-thumbnail","6":"product_brand-7clouds","7":"product_cat-sac-a-bandouliere","9":"first","10":"onbackorder","11":"taxable","12":"shipping-taxable","13":"purchasable","14":"product-type-variable"},"acf":[],"_links":{"self":[{"href":"https:\/\/one-horizon.ch\/fr\/wp-json\/wp\/v2\/product\/124997","targetHints":{"allow":["GET"]}}],"collection":[{"href":"https:\/\/one-horizon.ch\/fr\/wp-json\/wp\/v2\/product"}],"about":[{"href":"https:\/\/one-horizon.ch\/fr\/wp-json\/wp\/v2\/types\/product"}],"replies":[{"embeddable":true,"href":"https:\/\/one-horizon.ch\/fr\/wp-json\/wp\/v2\/comments?post=124997"}],"wp:featuredmedia":[{"embeddable":true,"href":"https:\/\/one-horizon.ch\/fr\/wp-json\/wp\/v2\/media\/124166"}],"wp:attachment":[{"href":"https:\/\/one-horizon.ch\/fr\/wp-json\/wp\/v2\/media?parent=124997"}],"wp:term":[{"taxonomy":"product_brand","embeddable":true,"href":"https:\/\/one-horizon.ch\/fr\/wp-json\/wp\/v2\/product_brand?post=124997"},{"taxonomy":"product_cat","embeddable":true,"href":"https:\/\/one-horizon.ch\/fr\/wp-json\/wp\/v2\/product_cat?post=124997"},{"taxonomy":"product_tag","embeddable":true,"href":"https:\/\/one-horizon.ch\/fr\/wp-json\/wp\/v2\/product_tag?post=124997"}],"curies":[{"name":"wp","href":"https:\/\/api.w.org\/{rel}","templated":true}]}}