{"id":125021,"date":"2026-05-07T09:40:57","date_gmt":"2026-05-07T07:40:57","guid":{"rendered":"https:\/\/one-horizon.ch\/product\/shawi-71\/"},"modified":"2026-05-07T09:40:57","modified_gmt":"2026-05-07T07:40:57","slug":"shawi-71","status":"publish","type":"product","link":"https:\/\/one-horizon.ch\/fr\/product\/shawi-71\/","title":{"rendered":"Shawi 7.1"},"content":{"rendered":"<p>Le Shawi 7.1 est un sac \u00e0 dos l\u00e9ger pour ordinateur portable con\u00e7u par 7clouds pour une utilisation quotidienne en ville. Le mat\u00e9riau ext\u00e9rieur imperm\u00e9able en RPET recycl\u00e9 prot\u00e8ge efficacement le contenu de l&#8217;humidit\u00e9 &#8211; et en fait un choix durable. <\/p>\n<h2>\u00c9quipement<\/h2>\n<ul>\n<li>Compartiment pour ordinateur portable pouvant accueillir des appareils jusqu&#8217;\u00e0 14 pouces<\/li>\n<li>Acc\u00e8s zipp\u00e9 avec 2 poches<\/li>\n<li>Poche ext\u00e9rieure zipp\u00e9e (avant)<\/li>\n<li>Bandouli\u00e8re r\u00e9glable<\/li>\n<li>Dimensions : 27 \u00d7 38 \u00d7 11 cm (L\/H\/P)<\/li>\n<li>Poids : 600 g | Volume : 11,3 litres<\/li>\n<\/ul>\n<h2>Mat\u00e9riau<\/h2>\n<p>Ext\u00e9rieur en <strong>RPET<\/strong> (polyester recycl\u00e9) <strong>imperm\u00e9able<\/strong> &#8211; l\u00e9ger, robuste et fabriqu\u00e9 dans le respect de l&#8217;environnement.<\/p>\n<h2>6 variantes de couleurs<\/h2>\n<p>Disponible en blanc-blanc, noir-blanc, vert-orange, gris-rose clair, bleu clair-noir et menthe-noir.<\/p>\n","protected":false},"excerpt":{"rendered":"<p>Sac \u00e0 dos l\u00e9ger pour ordinateur portable en RPET imperm\u00e9able pour une utilisation quotidienne en ville. Compartiment pour ordinateur portable jusqu&#8217;\u00e0 14 pouces, acc\u00e8s zipp\u00e9, 2 poches, bandouli\u00e8res r\u00e9glables. 11,3 litres. Dimensions : 27 \u00d7 38 \u00d7 11 cm.   <\/p>\n","protected":false},"featured_media":124271,"comment_status":"open","ping_status":"closed","template":"","meta":{"_acf_changed":false},"product_brand":[2984],"product_cat":[867],"product_tag":[],"class_list":{"0":"post-125021","1":"product","2":"type-product","3":"status-publish","4":"has-post-thumbnail","6":"product_brand-7clouds","7":"product_cat-sacs-a-dos","9":"first","10":"onbackorder","11":"taxable","12":"shipping-taxable","13":"purchasable","14":"product-type-variable"},"acf":[],"_links":{"self":[{"href":"https:\/\/one-horizon.ch\/fr\/wp-json\/wp\/v2\/product\/125021","targetHints":{"allow":["GET"]}}],"collection":[{"href":"https:\/\/one-horizon.ch\/fr\/wp-json\/wp\/v2\/product"}],"about":[{"href":"https:\/\/one-horizon.ch\/fr\/wp-json\/wp\/v2\/types\/product"}],"replies":[{"embeddable":true,"href":"https:\/\/one-horizon.ch\/fr\/wp-json\/wp\/v2\/comments?post=125021"}],"wp:featuredmedia":[{"embeddable":true,"href":"https:\/\/one-horizon.ch\/fr\/wp-json\/wp\/v2\/media\/124271"}],"wp:attachment":[{"href":"https:\/\/one-horizon.ch\/fr\/wp-json\/wp\/v2\/media?parent=125021"}],"wp:term":[{"taxonomy":"product_brand","embeddable":true,"href":"https:\/\/one-horizon.ch\/fr\/wp-json\/wp\/v2\/product_brand?post=125021"},{"taxonomy":"product_cat","embeddable":true,"href":"https:\/\/one-horizon.ch\/fr\/wp-json\/wp\/v2\/product_cat?post=125021"},{"taxonomy":"product_tag","embeddable":true,"href":"https:\/\/one-horizon.ch\/fr\/wp-json\/wp\/v2\/product_tag?post=125021"}],"curies":[{"name":"wp","href":"https:\/\/api.w.org\/{rel}","templated":true}]}}