{"id":125047,"date":"2026-05-07T10:08:11","date_gmt":"2026-05-07T08:08:11","guid":{"rendered":"https:\/\/one-horizon.ch\/product\/erkan-7-1\/"},"modified":"2026-05-07T10:08:11","modified_gmt":"2026-05-07T08:08:11","slug":"erkan-7-1","status":"publish","type":"product","link":"https:\/\/one-horizon.ch\/fr\/product\/erkan-7-1\/","title":{"rendered":"Erkan 7.1"},"content":{"rendered":"<p>L&#8217;Erkan 7.1 de 7clouds est un sac messager pour ordinateur portable fin, fabriqu\u00e9 en PET recycl\u00e9 durable selon les normes GRS. L\u00e9ger, fonctionnel et con\u00e7u pour la vie urbaine de tous les jours &#8211; que ce soit sur le trajet domicile-travail, \u00e0 v\u00e9lo ou en d\u00e9placement dans la ville. <\/p>\n<h2>Une organisation bien pens\u00e9e<\/h2>\n<p>Le compartiment principal comprend une poche rembourr\u00e9e pour ordinateur portable jusqu&#8217;\u00e0 14 pouces et deux poches pour tout ce dont vous avez besoin. La poche zipp\u00e9e s\u00e9par\u00e9e \u00e0 l&#8217;avant permet de garder \u00e0 port\u00e9e de main les objets dont vous avez besoin au quotidien. Gr\u00e2ce \u00e0 la bandouli\u00e8re r\u00e9glable et \u00e0 la sangle frontale int\u00e9gr\u00e9e, le sac reste bien en place, m\u00eame \u00e0 v\u00e9lo.  <\/p>\n<h2>Durable jusque dans les moindres d\u00e9tails<\/h2>\n<p>95 % des mat\u00e9riaux &#8211; dessus, doublure et fermetures &#8211; sont en PET recycl\u00e9 certifi\u00e9 GRS. Un choix \u00e9l\u00e9gant avec une r\u00e9elle valeur ajout\u00e9e pour l&#8217;environnement. <\/p>\n<ul>\n<li><strong>Compartiment pour ordinateur portable :<\/strong> jusqu&#8217;\u00e0 14 pouces<\/li>\n<li><strong>Int\u00e9rieur :<\/strong> 2 poches<\/li>\n<li><strong>Avant :<\/strong> poche zipp\u00e9e<\/li>\n<li><strong>Bandouli\u00e8re :<\/strong> r\u00e9glable, avec sangle frontale<\/li>\n<li><strong>Dimensions :<\/strong> 38 \u00d7 28 \u00d7 11 cm | 11,5 litres<\/li>\n<li><strong>Poids :<\/strong> 600 g<\/li>\n<li><strong>Mat\u00e9riau :<\/strong> 95% de PET recycl\u00e9 certifi\u00e9 GRS<\/li>\n<\/ul>\n","protected":false},"excerpt":{"rendered":"<p>Sac messager pour ordinateur portable fin, fabriqu\u00e9 \u00e0 partir de PET recycl\u00e9 certifi\u00e9 GRS \u00e0 95%. Compartiment pour ordinateur portable jusqu&#8217;\u00e0 14 pouces, espace de rangement de 11,5 litres et sangle frontale pour un transport s\u00fbr &#8211; m\u00eame \u00e0 v\u00e9lo. Disponible en 5 couleurs.  <\/p>\n","protected":false},"featured_media":124386,"comment_status":"open","ping_status":"closed","template":"","meta":{"_acf_changed":false},"product_brand":[2984],"product_cat":[2519],"product_tag":[],"class_list":{"0":"post-125047","1":"product","2":"type-product","3":"status-publish","4":"has-post-thumbnail","6":"product_brand-7clouds","7":"product_cat-sac-a-bandouliere","9":"first","10":"onbackorder","11":"taxable","12":"shipping-taxable","13":"purchasable","14":"product-type-variable"},"acf":[],"_links":{"self":[{"href":"https:\/\/one-horizon.ch\/fr\/wp-json\/wp\/v2\/product\/125047","targetHints":{"allow":["GET"]}}],"collection":[{"href":"https:\/\/one-horizon.ch\/fr\/wp-json\/wp\/v2\/product"}],"about":[{"href":"https:\/\/one-horizon.ch\/fr\/wp-json\/wp\/v2\/types\/product"}],"replies":[{"embeddable":true,"href":"https:\/\/one-horizon.ch\/fr\/wp-json\/wp\/v2\/comments?post=125047"}],"wp:featuredmedia":[{"embeddable":true,"href":"https:\/\/one-horizon.ch\/fr\/wp-json\/wp\/v2\/media\/124386"}],"wp:attachment":[{"href":"https:\/\/one-horizon.ch\/fr\/wp-json\/wp\/v2\/media?parent=125047"}],"wp:term":[{"taxonomy":"product_brand","embeddable":true,"href":"https:\/\/one-horizon.ch\/fr\/wp-json\/wp\/v2\/product_brand?post=125047"},{"taxonomy":"product_cat","embeddable":true,"href":"https:\/\/one-horizon.ch\/fr\/wp-json\/wp\/v2\/product_cat?post=125047"},{"taxonomy":"product_tag","embeddable":true,"href":"https:\/\/one-horizon.ch\/fr\/wp-json\/wp\/v2\/product_tag?post=125047"}],"curies":[{"name":"wp","href":"https:\/\/api.w.org\/{rel}","templated":true}]}}