{"id":125049,"date":"2026-05-07T10:29:43","date_gmt":"2026-05-07T08:29:43","guid":{"rendered":"https:\/\/one-horizon.ch\/product\/melen-7-1\/"},"modified":"2026-05-07T10:29:43","modified_gmt":"2026-05-07T08:29:43","slug":"melen-7-1","status":"publish","type":"product","link":"https:\/\/one-horizon.ch\/fr\/product\/melen-7-1\/","title":{"rendered":"Melen 7.1"},"content":{"rendered":"<p>Le Melen 7.1 de 7clouds est un porte-monnaie prot\u00e9g\u00e9 contre la RFID en tarpaulin recycl\u00e9 &#8211; fabriqu\u00e9 avec des b\u00e2ches usag\u00e9es achet\u00e9es en Suisse, nettoy\u00e9es et d\u00e9coup\u00e9es aux formats appropri\u00e9s. Son int\u00e9rieur en cuir tann\u00e9 v\u00e9g\u00e9tal en fait plus qu&#8217;un portefeuille standard. <\/p>\n<h2>Upcycling de Suisse<\/h2>\n<p>Chaque Melen 7.1 est une pi\u00e8ce en soi : les b\u00e2ches utilis\u00e9es varient en patine et en caract\u00e8re &#8211; aucun porte-monnaie ne ressemble \u00e0 un autre. L&#8217;upcycling \u00e0 la suisse, de mani\u00e8re coh\u00e9rente et avec l&#8217;amour du d\u00e9tail. <\/p>\n<h2>S\u00fbr et clair<\/h2>\n<p>Un film de protection RFID int\u00e9gr\u00e9 emp\u00eache la lecture non autoris\u00e9e des donn\u00e9es des cartes de cr\u00e9dit et bancaires. 7 compartiments pour cartes de cr\u00e9dit, 2 poches, une poche zipp\u00e9e pour la monnaie et un compartiment pour les billets de banque permettent de tout garder \u00e0 port\u00e9e de main et de mani\u00e8re structur\u00e9e. <\/p>\n<ul>\n<li><strong>Poches pour cartes de cr\u00e9dit :<\/strong> 7<\/li>\n<li><strong>Poches :<\/strong> 2<\/li>\n<li><strong>Compartiment \u00e0 monnaie :<\/strong> fermeture \u00e0 glissi\u00e8re<\/li>\n<li><strong>Casier de notes :<\/strong> 1<\/li>\n<li><strong>Protection :<\/strong> s\u00e9curis\u00e9e par RFID<\/li>\n<li><strong>Dimensions :<\/strong> 11 \u00d7 14 \u00d7 2 cm<\/li>\n<li><strong>Ext\u00e9rieur de la maison :<\/strong> Upcycled Tarpaulin (b\u00e2ches suisses)<\/li>\n<li><strong>Int\u00e9rieur en cuir :<\/strong> Cuir tann\u00e9 v\u00e9g\u00e9tal<\/li>\n<\/ul>\n","protected":false},"excerpt":{"rendered":"<p>Portefeuille RFID en b\u00e2che Tarpaulin suisse recycl\u00e9e avec int\u00e9rieur en cuir tann\u00e9 v\u00e9g\u00e9tal. 7 compartiments pour cartes, 2 poches, compartiment pour pi\u00e8ces de monnaie et compartiment pour billets &#8211; chaque pi\u00e8ce est unique, disponible en 6 couleurs. <\/p>\n","protected":false},"featured_media":124781,"comment_status":"open","ping_status":"closed","template":"","meta":{"_acf_changed":false},"product_brand":[2984],"product_cat":[1908],"product_tag":[],"class_list":{"0":"post-125049","1":"product","2":"type-product","3":"status-publish","4":"has-post-thumbnail","6":"product_brand-7clouds","7":"product_cat-portefeuille","9":"first","10":"onbackorder","11":"taxable","12":"shipping-taxable","13":"purchasable","14":"product-type-variable"},"acf":[],"_links":{"self":[{"href":"https:\/\/one-horizon.ch\/fr\/wp-json\/wp\/v2\/product\/125049","targetHints":{"allow":["GET"]}}],"collection":[{"href":"https:\/\/one-horizon.ch\/fr\/wp-json\/wp\/v2\/product"}],"about":[{"href":"https:\/\/one-horizon.ch\/fr\/wp-json\/wp\/v2\/types\/product"}],"replies":[{"embeddable":true,"href":"https:\/\/one-horizon.ch\/fr\/wp-json\/wp\/v2\/comments?post=125049"}],"wp:featuredmedia":[{"embeddable":true,"href":"https:\/\/one-horizon.ch\/fr\/wp-json\/wp\/v2\/media\/124781"}],"wp:attachment":[{"href":"https:\/\/one-horizon.ch\/fr\/wp-json\/wp\/v2\/media?parent=125049"}],"wp:term":[{"taxonomy":"product_brand","embeddable":true,"href":"https:\/\/one-horizon.ch\/fr\/wp-json\/wp\/v2\/product_brand?post=125049"},{"taxonomy":"product_cat","embeddable":true,"href":"https:\/\/one-horizon.ch\/fr\/wp-json\/wp\/v2\/product_cat?post=125049"},{"taxonomy":"product_tag","embeddable":true,"href":"https:\/\/one-horizon.ch\/fr\/wp-json\/wp\/v2\/product_tag?post=125049"}],"curies":[{"name":"wp","href":"https:\/\/api.w.org\/{rel}","templated":true}]}}