{"id":125069,"date":"2026-05-07T10:19:27","date_gmt":"2026-05-07T08:19:27","guid":{"rendered":"https:\/\/one-horizon.ch\/product\/mekun-7-1\/"},"modified":"2026-05-07T10:19:27","modified_gmt":"2026-05-07T08:19:27","slug":"mekun-7-1","status":"publish","type":"product","link":"https:\/\/one-horizon.ch\/fr\/product\/mekun-7-1\/","title":{"rendered":"Mekun 7.1"},"content":{"rendered":"<p>Le Mekun 7.1 de 7clouds est un porte-monnaie s\u00e9curis\u00e9 RFID en tarpaulin robuste et en cuir certifi\u00e9 LGW. Fabriqu\u00e9 \u00e0 la main et certifi\u00e9 BSCI, c&#8217;est un compagnon fiable au quotidien avec un syst\u00e8me de rangement de cartes bien organis\u00e9. <\/p>\n<h2>Un espace de rangement compact pour le quotidien<\/h2>\n<p>7 compartiments pour cartes de cr\u00e9dit, un compartiment zipp\u00e9 pour la monnaie et un compartiment pour les billets de banque permettent de tout garder \u00e0 port\u00e9e de main &#8211; dans un espace r\u00e9duit, sans compromis sur l&#8217;organisation.<\/p>\n<h2>S\u00fbr et certifi\u00e9<\/h2>\n<p>Gr\u00e2ce \u00e0 la protection RFID, les donn\u00e9es des cartes sont prot\u00e9g\u00e9es de mani\u00e8re fiable contre toute lecture ind\u00e9sirable. Le cuir est certifi\u00e9 LGW et la production est contr\u00f4l\u00e9e par la BSCI, pour une fabrication responsable. <\/p>\n<ul>\n<li><strong>Poches pour cartes de cr\u00e9dit :<\/strong> 7<\/li>\n<li><strong>Compartiment \u00e0 monnaie :<\/strong> fermeture \u00e0 glissi\u00e8re<\/li>\n<li><strong>Casier de notes :<\/strong> 1<\/li>\n<li><strong>Protection :<\/strong> s\u00e9curis\u00e9e par RFID<\/li>\n<li><strong>Dimensions :<\/strong> 12 \u00d7 9.5 \u00d7 1.5 cm<\/li>\n<li><strong>Mat\u00e9riau :<\/strong> Tarpaulin, cuir certifi\u00e9 LGW<\/li>\n<li><strong>Production :<\/strong> artisanale, certifi\u00e9e BSCI<\/li>\n<\/ul>\n","protected":false},"excerpt":{"rendered":"<p>Porte-monnaie compact RFID en tarpaulin et cuir certifi\u00e9 LGW. 7 compartiments pour cartes de cr\u00e9dit, un compartiment zipp\u00e9 pour la monnaie et un compartiment pour les billets &#8211; fabriqu\u00e9 \u00e0 la main, certifi\u00e9 BSCI, disponible en 5 couleurs. <\/p>\n","protected":false},"featured_media":124610,"comment_status":"open","ping_status":"closed","template":"","meta":{"_acf_changed":false},"product_brand":[2984],"product_cat":[1908],"product_tag":[],"class_list":{"0":"post-125069","1":"product","2":"type-product","3":"status-publish","4":"has-post-thumbnail","6":"product_brand-7clouds","7":"product_cat-portefeuille","9":"first","10":"onbackorder","11":"taxable","12":"shipping-taxable","13":"purchasable","14":"product-type-variable"},"acf":[],"_links":{"self":[{"href":"https:\/\/one-horizon.ch\/fr\/wp-json\/wp\/v2\/product\/125069","targetHints":{"allow":["GET"]}}],"collection":[{"href":"https:\/\/one-horizon.ch\/fr\/wp-json\/wp\/v2\/product"}],"about":[{"href":"https:\/\/one-horizon.ch\/fr\/wp-json\/wp\/v2\/types\/product"}],"replies":[{"embeddable":true,"href":"https:\/\/one-horizon.ch\/fr\/wp-json\/wp\/v2\/comments?post=125069"}],"wp:featuredmedia":[{"embeddable":true,"href":"https:\/\/one-horizon.ch\/fr\/wp-json\/wp\/v2\/media\/124610"}],"wp:attachment":[{"href":"https:\/\/one-horizon.ch\/fr\/wp-json\/wp\/v2\/media?parent=125069"}],"wp:term":[{"taxonomy":"product_brand","embeddable":true,"href":"https:\/\/one-horizon.ch\/fr\/wp-json\/wp\/v2\/product_brand?post=125069"},{"taxonomy":"product_cat","embeddable":true,"href":"https:\/\/one-horizon.ch\/fr\/wp-json\/wp\/v2\/product_cat?post=125069"},{"taxonomy":"product_tag","embeddable":true,"href":"https:\/\/one-horizon.ch\/fr\/wp-json\/wp\/v2\/product_tag?post=125069"}],"curies":[{"name":"wp","href":"https:\/\/api.w.org\/{rel}","templated":true}]}}