{"id":125085,"date":"2026-05-07T10:11:39","date_gmt":"2026-05-07T08:11:39","guid":{"rendered":"https:\/\/one-horizon.ch\/product\/heloy-7-1\/"},"modified":"2026-05-07T10:11:39","modified_gmt":"2026-05-07T08:11:39","slug":"heloy-7-1","status":"publish","type":"product","link":"https:\/\/one-horizon.ch\/fr\/product\/heloy-7-1\/","title":{"rendered":"Heloy 7.1"},"content":{"rendered":"<p>Le Heloy 7.1 de 7clouds est un sac \u00e0 dos polyvalent pour ordinateur portable, fabriqu\u00e9 \u00e0 partir de PET recycl\u00e9 certifi\u00e9 GRS \u00e0 95%. Il combine l\u00e9g\u00e8ret\u00e9 et organisation intelligente &#8211; id\u00e9al pour les trajets domicile-travail et tous ceux qui ont beaucoup \u00e0 faire chaque jour. <\/p>\n<h2>Tout est \u00e0 sa place<\/h2>\n<p>Le compartiment principal spacieux peut accueillir un ordinateur portable jusqu&#8217;\u00e0 15 pouces et offre suffisamment de place pour tous les essentiels. Une poche zipp\u00e9e \u00e0 l&#8217;avant et une autre \u00e0 l&#8217;arri\u00e8re permettent de garder des objets \u00e0 port\u00e9e de main, tandis que deux poches lat\u00e9rales permettent de ranger une bouteille et un parapluie. <\/p>\n<h2>Le confort en d\u00e9placement<\/h2>\n<p>Des bretelles et une sangle de poitrine r\u00e9glables ainsi qu&#8217;une sangle frontale assurent un maintien s\u00fbr &#8211; m\u00eame \u00e0 v\u00e9lo. Avec seulement 970 g, c&#8217;est un compagnon l\u00e9ger pour les longues journ\u00e9es. <\/p>\n<h2>Durable jusque dans les moindres d\u00e9tails<\/h2>\n<p>95 % des mat\u00e9riaux &#8211; tige, doublure et fermetures &#8211; sont en PET recycl\u00e9 certifi\u00e9 GRS.<\/p>\n<ul>\n<li><strong>Compartiment pour ordinateur portable :<\/strong> jusqu&#8217;\u00e0 15 pouces<\/li>\n<li><strong>Avant :<\/strong> poche zipp\u00e9e<\/li>\n<li><strong>Dos :<\/strong> Poche zipp\u00e9e<\/li>\n<li><strong>Pages :<\/strong> 2 poches<\/li>\n<li><strong>Sangles :<\/strong> sangles d&#8217;\u00e9paule et de poitrine r\u00e9glables, sangle frontale<\/li>\n<li><strong>Dimensions :<\/strong> 28 \u00d7 44 \u00d7 15 cm | 18.5 litres<\/li>\n<li><strong>Poids :<\/strong> 970 g<\/li>\n<li><strong>Mat\u00e9riau :<\/strong> 95% de PET recycl\u00e9 certifi\u00e9 GRS<\/li>\n<\/ul>\n","protected":false},"excerpt":{"rendered":"<p>Sac \u00e0 dos l\u00e9ger pour ordinateur portable, fabriqu\u00e9 \u00e0 partir de PET recycl\u00e9 certifi\u00e9 GRS \u00e0 95%. Compartiment pour ordinateur portable jusqu&#8217;\u00e0 15 pouces, 18,5 litres d&#8217;espace de rangement et sangles d&#8217;\u00e9paule et de poitrine r\u00e9glables pour un confort maximal &#8211; m\u00eame \u00e0 v\u00e9lo. <\/p>\n","protected":false},"featured_media":124452,"comment_status":"open","ping_status":"closed","template":"","meta":{"_acf_changed":false},"product_brand":[2984],"product_cat":[867],"product_tag":[],"class_list":{"0":"post-125085","1":"product","2":"type-product","3":"status-publish","4":"has-post-thumbnail","6":"product_brand-7clouds","7":"product_cat-sacs-a-dos","9":"first","10":"onbackorder","11":"taxable","12":"shipping-taxable","13":"purchasable","14":"product-type-variable"},"acf":[],"_links":{"self":[{"href":"https:\/\/one-horizon.ch\/fr\/wp-json\/wp\/v2\/product\/125085","targetHints":{"allow":["GET"]}}],"collection":[{"href":"https:\/\/one-horizon.ch\/fr\/wp-json\/wp\/v2\/product"}],"about":[{"href":"https:\/\/one-horizon.ch\/fr\/wp-json\/wp\/v2\/types\/product"}],"replies":[{"embeddable":true,"href":"https:\/\/one-horizon.ch\/fr\/wp-json\/wp\/v2\/comments?post=125085"}],"wp:featuredmedia":[{"embeddable":true,"href":"https:\/\/one-horizon.ch\/fr\/wp-json\/wp\/v2\/media\/124452"}],"wp:attachment":[{"href":"https:\/\/one-horizon.ch\/fr\/wp-json\/wp\/v2\/media?parent=125085"}],"wp:term":[{"taxonomy":"product_brand","embeddable":true,"href":"https:\/\/one-horizon.ch\/fr\/wp-json\/wp\/v2\/product_brand?post=125085"},{"taxonomy":"product_cat","embeddable":true,"href":"https:\/\/one-horizon.ch\/fr\/wp-json\/wp\/v2\/product_cat?post=125085"},{"taxonomy":"product_tag","embeddable":true,"href":"https:\/\/one-horizon.ch\/fr\/wp-json\/wp\/v2\/product_tag?post=125085"}],"curies":[{"name":"wp","href":"https:\/\/api.w.org\/{rel}","templated":true}]}}