{"id":125109,"date":"2026-05-07T10:23:11","date_gmt":"2026-05-07T08:23:11","guid":{"rendered":"https:\/\/one-horizon.ch\/product\/simse-7-1\/"},"modified":"2026-05-07T10:23:11","modified_gmt":"2026-05-07T08:23:11","slug":"simse-7-1","status":"publish","type":"product","link":"https:\/\/one-horizon.ch\/fr\/product\/simse-7-1\/","title":{"rendered":"Simse 7.1"},"content":{"rendered":"<p>Le Simse 7.1 de 7clouds est un sac \u00e0 dos shopper l\u00e9ger pour femmes, fabriqu\u00e9 en RPET (polyester recycl\u00e9) durable. Le tissu ext\u00e9rieur imperm\u00e9able prot\u00e8ge efficacement le contenu, tandis qu&#8217;un syst\u00e8me de compartiments bien pens\u00e9 est fait pour la vie quotidienne en ville. <\/p>\n<h2>Une organisation intelligente<\/h2>\n<p>Un compartiment zipp\u00e9 et trois poches int\u00e9rieures offrent un espace de rangement suffisant pour les besoins quotidiens. Deux poches avant zipp\u00e9es permettent de garder \u00e0 port\u00e9e de main les objets dont on a souvent besoin. Des bretelles r\u00e9glables assurent un confort de transport optimal.  <\/p>\n<h2>L\u00e9ger et durable<\/h2>\n<p>Avec un poids de seulement 520 g et un volume de 9 litres, le Simse 7.1 est le compagnon id\u00e9al pour les activit\u00e9s urbaines &#8211; compact, l\u00e9ger et fabriqu\u00e9 en polyester recycl\u00e9 choisi dans le respect de l&#8217;environnement.<\/p>\n<ul>\n<li><strong>Int\u00e9rieur :<\/strong> 1 poche zipp\u00e9e, 3 poches<\/li>\n<li><strong>Avant :<\/strong> 2 compartiments zipp\u00e9s<\/li>\n<li><strong>Sangles d&#8217;\u00e9paule :<\/strong> r\u00e9glables<\/li>\n<li><strong>Mat\u00e9riau :<\/strong> RPET (polyester recycl\u00e9 imperm\u00e9able)<\/li>\n<li><strong>Dimensions :<\/strong> 38 \u00d7 40 \u00d7 14 cm | 9 litres<\/li>\n<li><strong>Poids :<\/strong> 520 g<\/li>\n<\/ul>\n","protected":false},"excerpt":{"rendered":"<p>Sac \u00e0 dos Shopper l\u00e9ger pour femme en RPET (polyester recycl\u00e9) imperm\u00e9able. Avec poche int\u00e9rieure zipp\u00e9e, trois poches, deux poches avant zipp\u00e9es et bretelles r\u00e9glables &#8211; 9 litres, 520 g, 5 couleurs. <\/p>\n","protected":false},"featured_media":124700,"comment_status":"open","ping_status":"closed","template":"","meta":{"_acf_changed":false},"product_brand":[2984],"product_cat":[867],"product_tag":[],"class_list":{"0":"post-125109","1":"product","2":"type-product","3":"status-publish","4":"has-post-thumbnail","6":"product_brand-7clouds","7":"product_cat-sacs-a-dos","9":"first","10":"onbackorder","11":"taxable","12":"shipping-taxable","13":"purchasable","14":"product-type-variable"},"acf":[],"_links":{"self":[{"href":"https:\/\/one-horizon.ch\/fr\/wp-json\/wp\/v2\/product\/125109","targetHints":{"allow":["GET"]}}],"collection":[{"href":"https:\/\/one-horizon.ch\/fr\/wp-json\/wp\/v2\/product"}],"about":[{"href":"https:\/\/one-horizon.ch\/fr\/wp-json\/wp\/v2\/types\/product"}],"replies":[{"embeddable":true,"href":"https:\/\/one-horizon.ch\/fr\/wp-json\/wp\/v2\/comments?post=125109"}],"wp:featuredmedia":[{"embeddable":true,"href":"https:\/\/one-horizon.ch\/fr\/wp-json\/wp\/v2\/media\/124700"}],"wp:attachment":[{"href":"https:\/\/one-horizon.ch\/fr\/wp-json\/wp\/v2\/media?parent=125109"}],"wp:term":[{"taxonomy":"product_brand","embeddable":true,"href":"https:\/\/one-horizon.ch\/fr\/wp-json\/wp\/v2\/product_brand?post=125109"},{"taxonomy":"product_cat","embeddable":true,"href":"https:\/\/one-horizon.ch\/fr\/wp-json\/wp\/v2\/product_cat?post=125109"},{"taxonomy":"product_tag","embeddable":true,"href":"https:\/\/one-horizon.ch\/fr\/wp-json\/wp\/v2\/product_tag?post=125109"}],"curies":[{"name":"wp","href":"https:\/\/api.w.org\/{rel}","templated":true}]}}