{"id":125116,"date":"2026-05-07T10:15:35","date_gmt":"2026-05-07T08:15:35","guid":{"rendered":"https:\/\/one-horizon.ch\/product\/keron-7-1\/"},"modified":"2026-05-07T10:15:35","modified_gmt":"2026-05-07T08:15:35","slug":"keron-7-1","status":"publish","type":"product","link":"https:\/\/one-horizon.ch\/fr\/product\/keron-7-1\/","title":{"rendered":"K\u00e9ron 7.1"},"content":{"rendered":"<p>Le Keron 7.1 de 7clouds est un porte-monnaie prot\u00e9g\u00e9 contre la RFID, fabriqu\u00e9 en tarpaulin robuste et en cuir certifi\u00e9 LGW. Fabriqu\u00e9 \u00e0 la main et certifi\u00e9 BSCI, c&#8217;est un compagnon fonctionnel de tous les jours au design \u00e9pur\u00e9 et \u00e0 la protection fiable. <\/p>\n<h2>Organis\u00e9 dans un espace r\u00e9duit<\/h2>\n<p>8 compartiments pour cartes de cr\u00e9dit, un compartiment zipp\u00e9 pour la monnaie et un compartiment pour les billets offrent tout ce dont vous avez besoin au quotidien &#8211; de mani\u00e8re compacte, claire et \u00e0 port\u00e9e de main.<\/p>\n<h2>S\u00fbr contre l&#8217;abus de donn\u00e9es<\/h2>\n<p>La protection RFID int\u00e9gr\u00e9e emp\u00eache la lecture non d\u00e9sir\u00e9e des donn\u00e9es de la carte. Le cuir est certifi\u00e9 conforme \u00e0 la norme LGW (Leather Working Group) &#8211; pour une production responsable. <\/p>\n<ul>\n<li><strong>Poches pour cartes de cr\u00e9dit :<\/strong> 8<\/li>\n<li><strong>Compartiment \u00e0 monnaie :<\/strong> fermeture \u00e0 glissi\u00e8re<\/li>\n<li><strong>Casier de notes :<\/strong> 1<\/li>\n<li><strong>Protection :<\/strong> s\u00e9curis\u00e9e par RFID<\/li>\n<li><strong>Dimensions :<\/strong> 8 \u00d7 10 \u00d7 1,5 cm<\/li>\n<li><strong>Mat\u00e9riau :<\/strong> Tarpaulin, cuir certifi\u00e9 LGW<\/li>\n<li><strong>Production :<\/strong> artisanale, certifi\u00e9e BSCI<\/li>\n<\/ul>\n","protected":false},"excerpt":{"rendered":"<p>Porte-monnaie compact RFID en tarpaulin et cuir certifi\u00e9 LGW. 8 emplacements pour cartes de cr\u00e9dit, un compartiment zipp\u00e9 pour la monnaie et un compartiment pour les billets &#8211; fabriqu\u00e9 \u00e0 la main, certifi\u00e9 BSCI, disponible en 6 couleurs. <\/p>\n","protected":false},"featured_media":124513,"comment_status":"open","ping_status":"closed","template":"","meta":{"_acf_changed":false},"product_brand":[2984],"product_cat":[1908],"product_tag":[],"class_list":{"0":"post-125116","1":"product","2":"type-product","3":"status-publish","4":"has-post-thumbnail","6":"product_brand-7clouds","7":"product_cat-portefeuille","9":"first","10":"onbackorder","11":"taxable","12":"shipping-taxable","13":"purchasable","14":"product-type-variable"},"acf":[],"_links":{"self":[{"href":"https:\/\/one-horizon.ch\/fr\/wp-json\/wp\/v2\/product\/125116","targetHints":{"allow":["GET"]}}],"collection":[{"href":"https:\/\/one-horizon.ch\/fr\/wp-json\/wp\/v2\/product"}],"about":[{"href":"https:\/\/one-horizon.ch\/fr\/wp-json\/wp\/v2\/types\/product"}],"replies":[{"embeddable":true,"href":"https:\/\/one-horizon.ch\/fr\/wp-json\/wp\/v2\/comments?post=125116"}],"wp:featuredmedia":[{"embeddable":true,"href":"https:\/\/one-horizon.ch\/fr\/wp-json\/wp\/v2\/media\/124513"}],"wp:attachment":[{"href":"https:\/\/one-horizon.ch\/fr\/wp-json\/wp\/v2\/media?parent=125116"}],"wp:term":[{"taxonomy":"product_brand","embeddable":true,"href":"https:\/\/one-horizon.ch\/fr\/wp-json\/wp\/v2\/product_brand?post=125116"},{"taxonomy":"product_cat","embeddable":true,"href":"https:\/\/one-horizon.ch\/fr\/wp-json\/wp\/v2\/product_cat?post=125116"},{"taxonomy":"product_tag","embeddable":true,"href":"https:\/\/one-horizon.ch\/fr\/wp-json\/wp\/v2\/product_tag?post=125116"}],"curies":[{"name":"wp","href":"https:\/\/api.w.org\/{rel}","templated":true}]}}