{"id":125123,"date":"2026-05-07T10:39:15","date_gmt":"2026-05-07T08:39:15","guid":{"rendered":"https:\/\/one-horizon.ch\/product\/segan-7-1\/"},"modified":"2026-05-07T10:39:15","modified_gmt":"2026-05-07T08:39:15","slug":"segan-7-1","status":"publish","type":"product","link":"https:\/\/one-horizon.ch\/fr\/product\/segan-7-1\/","title":{"rendered":"Segan 7.1"},"content":{"rendered":"<p>Le Segan 7.1 est un porte-monnaie fabriqu\u00e9 \u00e0 partir de b\u00e2ches publicitaires recycl\u00e9es &#8211; achet\u00e9es en Suisse, nettoy\u00e9es et transform\u00e9es en un portefeuille mince de grande capacit\u00e9. Chaque pi\u00e8ce est unique, avec un aspect tarpaulin incomparable. <\/p>\n<h2>Protection RFID et int\u00e9rieur en cuir<\/h2>\n<p>Un film de blocage RFID int\u00e9gr\u00e9 prot\u00e8ge efficacement les cartes de cr\u00e9dit et les cartes de d\u00e9bit contre toute lecture non autoris\u00e9e. L&#8217;int\u00e9rieur en cuir tann\u00e9 v\u00e9g\u00e9tal est r\u00e9sistant et produit de mani\u00e8re \u00e9quitable. <\/p>\n<h2>Beaucoup d&#8217;espace pour tout ce qui est important<\/h2>\n<ul>\n<li><strong>14 fentes pour cartes de cr\u00e9dit<\/strong> pour une collection compl\u00e8te de cartes<\/li>\n<li><strong>2 pochettes<\/strong> pour re\u00e7us et notes<\/li>\n<li><strong>1 compartiment transparent<\/strong> pour carte d&#8217;identit\u00e9 ou abonnement g\u00e9n\u00e9ral<\/li>\n<li><strong>2 compartiments zipp\u00e9s<\/strong> pour la monnaie ou les petits extras<\/li>\n<\/ul>\n<h2>Donn\u00e9es dimensionnelles<\/h2>\n<ul>\n<li><strong>Taille :<\/strong> 9,5 \u00d7 2 \u00d7 17 cm<\/li>\n<li><strong>Ext\u00e9rieur de la maison :<\/strong> Upcycling-Tarpaulin<\/li>\n<li><strong>Int\u00e9rieur en cuir :<\/strong> Cuir tann\u00e9 v\u00e9g\u00e9tal<\/li>\n<\/ul>\n","protected":false},"excerpt":{"rendered":"<p>Portefeuille en tarpaulin recycl\u00e9 avec protection RFID et int\u00e9rieur en cuir. 14 compartiments pour cartes, 1 compartiment transparent et 2 compartiments zipp\u00e9s &#8211; organis\u00e9 au maximum, produit \u00e9quitablement en Suisse. <\/p>\n","protected":false},"featured_media":124910,"comment_status":"open","ping_status":"closed","template":"","meta":{"_acf_changed":false},"product_brand":[2984],"product_cat":[1908],"product_tag":[],"class_list":{"0":"post-125123","1":"product","2":"type-product","3":"status-publish","4":"has-post-thumbnail","6":"product_brand-7clouds","7":"product_cat-portefeuille","9":"first","10":"onbackorder","11":"taxable","12":"shipping-taxable","13":"purchasable","14":"product-type-variable"},"acf":[],"_links":{"self":[{"href":"https:\/\/one-horizon.ch\/fr\/wp-json\/wp\/v2\/product\/125123","targetHints":{"allow":["GET"]}}],"collection":[{"href":"https:\/\/one-horizon.ch\/fr\/wp-json\/wp\/v2\/product"}],"about":[{"href":"https:\/\/one-horizon.ch\/fr\/wp-json\/wp\/v2\/types\/product"}],"replies":[{"embeddable":true,"href":"https:\/\/one-horizon.ch\/fr\/wp-json\/wp\/v2\/comments?post=125123"}],"wp:featuredmedia":[{"embeddable":true,"href":"https:\/\/one-horizon.ch\/fr\/wp-json\/wp\/v2\/media\/124910"}],"wp:attachment":[{"href":"https:\/\/one-horizon.ch\/fr\/wp-json\/wp\/v2\/media?parent=125123"}],"wp:term":[{"taxonomy":"product_brand","embeddable":true,"href":"https:\/\/one-horizon.ch\/fr\/wp-json\/wp\/v2\/product_brand?post=125123"},{"taxonomy":"product_cat","embeddable":true,"href":"https:\/\/one-horizon.ch\/fr\/wp-json\/wp\/v2\/product_cat?post=125123"},{"taxonomy":"product_tag","embeddable":true,"href":"https:\/\/one-horizon.ch\/fr\/wp-json\/wp\/v2\/product_tag?post=125123"}],"curies":[{"name":"wp","href":"https:\/\/api.w.org\/{rel}","templated":true}]}}