{"id":125193,"date":"2026-05-07T10:43:50","date_gmt":"2026-05-07T08:43:50","guid":{"rendered":"https:\/\/one-horizon.ch\/product\/penci-7-1\/"},"modified":"2026-05-07T10:43:50","modified_gmt":"2026-05-07T08:43:50","slug":"penci-7-1","status":"publish","type":"product","link":"https:\/\/one-horizon.ch\/fr\/product\/penci-7-1\/","title":{"rendered":"Penci 7.1"},"content":{"rendered":"<p>Le Penci 7.1 est un \u00e9tui \u00e0 crayons fabriqu\u00e9 \u00e0 partir de tarpaulin recycl\u00e9 et de tissu RPET &#8211; robuste, imperm\u00e9able et travaill\u00e9 avec du cuir issu d&#8217;une production \u00e9quitable. Chaque pi\u00e8ce est fabriqu\u00e9e \u00e0 la main et certifi\u00e9e BSCI. Le cuir porte la certification LGW (Leather Working Group) pour un tannage responsable.  <\/p>\n<h2>Un int\u00e9rieur bien pens\u00e9<\/h2>\n<p>L&#8217;\u00e9tui \u00e0 stylos offre suffisamment de place pour les stylos, marqueurs, r\u00e8gles et autres accessoires d&#8217;\u00e9criture. Le compartiment int\u00e9rieur est clairement divis\u00e9 et se ferme en toute s\u00e9curit\u00e9 gr\u00e2ce \u00e0 une fermeture \u00e9clair. <\/p>\n<h2>Mat\u00e9riel et production<\/h2>\n<ul>\n<li><strong>Ext\u00e9rieur de la maison :<\/strong> Tarpaulin recycl\u00e9 &amp; RPET<\/li>\n<li><strong>Int\u00e9rieur en cuir :<\/strong> Cuir tann\u00e9 v\u00e9g\u00e9tal (certifi\u00e9 LGW)<\/li>\n<li><strong>Production :<\/strong> artisanale, certifi\u00e9e BSCI<\/li>\n<\/ul>\n<h2>Donn\u00e9es dimensionnelles<\/h2>\n<ul>\n<li><strong>Taille :<\/strong> 19 \u00d7 6 \u00d7 7 cm (L \u00d7 L \u00d7 P)<\/li>\n<\/ul>\n","protected":false},"excerpt":{"rendered":"<p>Pochette \u00e0 crayons en Tarpaulin &amp; RPET recycl\u00e9s avec int\u00e9rieur en cuir (certifi\u00e9e LGW). Robuste, r\u00e9sistant \u00e0 l&#8217;eau, fabriqu\u00e9 \u00e0 la main. Dimensions : 19 \u00d7 6 \u00d7 7 cm. Disponible en 6 couleurs.   <\/p>\n","protected":false},"featured_media":125143,"comment_status":"open","ping_status":"closed","template":"","meta":{"_acf_changed":false},"product_brand":[2984],"product_cat":[3253],"product_tag":[],"class_list":{"0":"post-125193","1":"product","2":"type-product","3":"status-publish","4":"has-post-thumbnail","6":"product_brand-7clouds","7":"product_cat-rangement-organiseur","9":"first","10":"onbackorder","11":"taxable","12":"shipping-taxable","13":"product-type-variable"},"acf":[],"_links":{"self":[{"href":"https:\/\/one-horizon.ch\/fr\/wp-json\/wp\/v2\/product\/125193","targetHints":{"allow":["GET"]}}],"collection":[{"href":"https:\/\/one-horizon.ch\/fr\/wp-json\/wp\/v2\/product"}],"about":[{"href":"https:\/\/one-horizon.ch\/fr\/wp-json\/wp\/v2\/types\/product"}],"replies":[{"embeddable":true,"href":"https:\/\/one-horizon.ch\/fr\/wp-json\/wp\/v2\/comments?post=125193"}],"wp:featuredmedia":[{"embeddable":true,"href":"https:\/\/one-horizon.ch\/fr\/wp-json\/wp\/v2\/media\/125143"}],"wp:attachment":[{"href":"https:\/\/one-horizon.ch\/fr\/wp-json\/wp\/v2\/media?parent=125193"}],"wp:term":[{"taxonomy":"product_brand","embeddable":true,"href":"https:\/\/one-horizon.ch\/fr\/wp-json\/wp\/v2\/product_brand?post=125193"},{"taxonomy":"product_cat","embeddable":true,"href":"https:\/\/one-horizon.ch\/fr\/wp-json\/wp\/v2\/product_cat?post=125193"},{"taxonomy":"product_tag","embeddable":true,"href":"https:\/\/one-horizon.ch\/fr\/wp-json\/wp\/v2\/product_tag?post=125193"}],"curies":[{"name":"wp","href":"https:\/\/api.w.org\/{rel}","templated":true}]}}