{"id":126209,"date":"2026-05-08T16:48:49","date_gmt":"2026-05-08T14:48:49","guid":{"rendered":"https:\/\/one-horizon.ch\/product\/margelisch-lamar-1-leder-rucksack\/"},"modified":"2026-05-08T16:48:49","modified_gmt":"2026-05-08T14:48:49","slug":"margelisch-lamar-1-leder-rucksack","status":"publish","type":"product","link":"https:\/\/one-horizon.ch\/fr\/product\/margelisch-lamar-1-leder-rucksack\/","title":{"rendered":"Lamar 1"},"content":{"rendered":"<p>Le <strong>Lamar 1<\/strong> de Margelisch est une pi\u00e8ce particuli\u00e8re : fabriqu\u00e9 en cuir de buffle tann\u00e9 sans chrome selon la m\u00e9thode traditionnelle du tannage v\u00e9g\u00e9tal, ce sac \u00e0 dos a une profondeur et une force de caract\u00e8re qu&#8217;aucun autre mat\u00e9riau ne peut \u00e9galer. Chaque pi\u00e8ce est unique et se patine avec le temps. <\/p>\n<h2>Cuir v\u00e9g\u00e9tal sans chrome &#8211; le meilleur de la nature<\/h2>\n<p>Le cuir de buffle du Lamar 1 est tann\u00e9 sans chrome &#8211; un proc\u00e9d\u00e9 traditionnel et respectueux de l&#8217;environnement qui pr\u00e9serve la structure naturelle du cuir. Le r\u00e9sultat est un cuir plus solide, plus durable et plus r\u00e9sistant que les mat\u00e9riaux tann\u00e9s de mani\u00e8re conventionnelle. <\/p>\n<h2>D\u00e9tails techniques<\/h2>\n<ul>\n<li><strong>Dimensions :<\/strong> 28 \u00d7 10 \u00d7 34 cm (L \u00d7 P \u00d7 H)<\/li>\n<li><strong>Compartiment pour ordinateur portable :<\/strong> jusqu&#8217;\u00e0 12 pouces<\/li>\n<li><strong>Mat\u00e9riau :<\/strong> cuir de buffle, tannage v\u00e9g\u00e9tal (sans chrome)<\/li>\n<li><strong>Couleur :<\/strong> Marron<\/li>\n<\/ul>\n","protected":false},"excerpt":{"rendered":"<p>Le Lamar 1 de Margelisch est un sac \u00e0 dos exclusif en cuir de buffle tann\u00e9 sans chrome &#8211; tannage v\u00e9g\u00e9tal, durable et unique. Avec compartiment pour ordinateur portable 12&#8221;, 28\u00d710\u00d734 cm, en marron. <\/p>\n","protected":false},"featured_media":0,"comment_status":"open","ping_status":"closed","template":"","meta":{"_acf_changed":false},"product_brand":[3019],"product_cat":[867],"product_tag":[3292,3295],"class_list":{"0":"post-126209","1":"product","2":"type-product","3":"status-publish","5":"product_brand-margelisch","6":"product_cat-sacs-a-dos","7":"product_tag-pour-lui","8":"product_tag-pour-vous","9":"pa_farbe-cuir-de-buffle","10":"pa_holz-marron","12":"first","13":"outofstock","14":"taxable","15":"shipping-taxable","16":"purchasable","17":"product-type-simple"},"acf":[],"_links":{"self":[{"href":"https:\/\/one-horizon.ch\/fr\/wp-json\/wp\/v2\/product\/126209","targetHints":{"allow":["GET"]}}],"collection":[{"href":"https:\/\/one-horizon.ch\/fr\/wp-json\/wp\/v2\/product"}],"about":[{"href":"https:\/\/one-horizon.ch\/fr\/wp-json\/wp\/v2\/types\/product"}],"replies":[{"embeddable":true,"href":"https:\/\/one-horizon.ch\/fr\/wp-json\/wp\/v2\/comments?post=126209"}],"wp:attachment":[{"href":"https:\/\/one-horizon.ch\/fr\/wp-json\/wp\/v2\/media?parent=126209"}],"wp:term":[{"taxonomy":"product_brand","embeddable":true,"href":"https:\/\/one-horizon.ch\/fr\/wp-json\/wp\/v2\/product_brand?post=126209"},{"taxonomy":"product_cat","embeddable":true,"href":"https:\/\/one-horizon.ch\/fr\/wp-json\/wp\/v2\/product_cat?post=126209"},{"taxonomy":"product_tag","embeddable":true,"href":"https:\/\/one-horizon.ch\/fr\/wp-json\/wp\/v2\/product_tag?post=126209"}],"curies":[{"name":"wp","href":"https:\/\/api.w.org\/{rel}","templated":true}]}}