{"id":126211,"date":"2026-05-08T16:48:42","date_gmt":"2026-05-08T14:48:42","guid":{"rendered":"https:\/\/one-horizon.ch\/product\/margelisch-benox-1-leder-rucksack\/"},"modified":"2026-05-08T16:48:42","modified_gmt":"2026-05-08T14:48:42","slug":"margelisch-benox-1-leder-rucksack","status":"publish","type":"product","link":"https:\/\/one-horizon.ch\/fr\/product\/margelisch-benox-1-leder-rucksack\/","title":{"rendered":"Benox-1"},"content":{"rendered":"<p>Le <strong>Benox-1<\/strong> est le plus grand sac \u00e0 dos de la collection en cuir Margelisch. Avec une hauteur de 43 cm et un compartiment rembourr\u00e9 pour ordinateur portable 15&#8221;, il offre suffisamment de place pour une journ\u00e9e de travail compl\u00e8te &#8211; le tout log\u00e9 dans un sac \u00e0 dos en cuir au caract\u00e8re intemporel. Le cuir de vache certifi\u00e9 LWG est synonyme de finition durable et de qualit\u00e9.  <\/p>\n<h2>Pour les longues journ\u00e9es et les grandes t\u00e2ches<\/h2>\n<p>Le Benox-1 s&#8217;adresse \u00e0 tous ceux qui doivent emporter beaucoup de choses, de l&#8217;ordinateur portable 15&#8221; aux documents en passant par d&#8217;autres essentiels du quotidien. La doublure en poly-coton est robuste et facile \u00e0 entretenir, et l&#8217;ensemble des finitions correspond aux standards \u00e9lev\u00e9s de la collection Margelisch. <\/p>\n<h2>D\u00e9tails techniques<\/h2>\n<ul>\n<li><strong>Dimensions :<\/strong> 29 \u00d7 13 \u00d7 43 cm (L \u00d7 P \u00d7 H)<\/li>\n<li><strong>Poids :<\/strong> 1,2 kg<\/li>\n<li><strong>Compartiment pour ordinateur portable :<\/strong> jusqu&#8217;\u00e0 15 pouces<\/li>\n<li><strong>Mat\u00e9riau ext\u00e9rieur :<\/strong> Cuir de vache, certifi\u00e9 LWG<\/li>\n<li><strong>Mat\u00e9riau int\u00e9rieur :<\/strong> Poly-Coton<\/li>\n<li><strong>Couleur :<\/strong> Noir<\/li>\n<\/ul>\n","protected":false},"excerpt":{"rendered":"<p>Le Benox-1 de Margelisch est le plus grand sac \u00e0 dos de la collection cuir &#8211; avec un compartiment pour ordinateur portable 15&#8221;, un volume de 29\u00d713\u00d743 cm et un cuir de vache certifi\u00e9 LWG. Id\u00e9al pour les journ\u00e9es de travail bien remplies. <\/p>\n","protected":false},"featured_media":125278,"comment_status":"open","ping_status":"closed","template":"","meta":{"_acf_changed":false},"product_brand":[3019],"product_cat":[867],"product_tag":[3292,3295],"class_list":{"0":"post-126211","1":"product","2":"type-product","3":"status-publish","4":"has-post-thumbnail","6":"product_brand-margelisch","7":"product_cat-sacs-a-dos","8":"product_tag-pour-lui","9":"product_tag-pour-vous","10":"pa_farbe-cuir-de-vache","11":"pa_farbe-poly-coton","12":"pa_holz-noir","14":"first","15":"onbackorder","16":"taxable","17":"shipping-taxable","18":"purchasable","19":"product-type-simple"},"acf":[],"_links":{"self":[{"href":"https:\/\/one-horizon.ch\/fr\/wp-json\/wp\/v2\/product\/126211","targetHints":{"allow":["GET"]}}],"collection":[{"href":"https:\/\/one-horizon.ch\/fr\/wp-json\/wp\/v2\/product"}],"about":[{"href":"https:\/\/one-horizon.ch\/fr\/wp-json\/wp\/v2\/types\/product"}],"replies":[{"embeddable":true,"href":"https:\/\/one-horizon.ch\/fr\/wp-json\/wp\/v2\/comments?post=126211"}],"wp:featuredmedia":[{"embeddable":true,"href":"https:\/\/one-horizon.ch\/fr\/wp-json\/wp\/v2\/media\/125278"}],"wp:attachment":[{"href":"https:\/\/one-horizon.ch\/fr\/wp-json\/wp\/v2\/media?parent=126211"}],"wp:term":[{"taxonomy":"product_brand","embeddable":true,"href":"https:\/\/one-horizon.ch\/fr\/wp-json\/wp\/v2\/product_brand?post=126211"},{"taxonomy":"product_cat","embeddable":true,"href":"https:\/\/one-horizon.ch\/fr\/wp-json\/wp\/v2\/product_cat?post=126211"},{"taxonomy":"product_tag","embeddable":true,"href":"https:\/\/one-horizon.ch\/fr\/wp-json\/wp\/v2\/product_tag?post=126211"}],"curies":[{"name":"wp","href":"https:\/\/api.w.org\/{rel}","templated":true}]}}