{"id":126213,"date":"2026-05-08T16:48:34","date_gmt":"2026-05-08T14:48:34","guid":{"rendered":"https:\/\/one-horizon.ch\/product\/margelisch-kemin-1-leder-rucksack\/"},"modified":"2026-05-08T16:48:34","modified_gmt":"2026-05-08T14:48:34","slug":"margelisch-kemin-1-leder-rucksack","status":"publish","type":"product","link":"https:\/\/one-horizon.ch\/fr\/product\/margelisch-kemin-1-leder-rucksack\/","title":{"rendered":"Kemin-1"},"content":{"rendered":"<p>Le <strong>Kemin-1<\/strong> de Margelisch est un \u00e9l\u00e9gant sac \u00e0 dos en cuir au profil \u00e9troit avec un compartiment pour ordinateur portable 14&#8221; int\u00e9gr\u00e9. Le cuir de vache certifi\u00e9 LWG utilis\u00e9 pour le dessus est synonyme de production responsable &#8211; et d&#8217;une qualit\u00e9 qui est visiblement et sensiblement meilleure. <\/p>\n<h2>Mince, fonctionnel, \u00e9l\u00e9gant<\/h2>\n<p>Le Kemin-1 associe une apparence ext\u00e9rieure \u00e9lanc\u00e9e \u00e0 un am\u00e9nagement int\u00e9rieur bien pens\u00e9. Le compartiment rembourr\u00e9 pour ordinateur portable peut accueillir des appareils jusqu&#8217;\u00e0 14 pouces, tandis que d&#8217;autres poches permettent de ranger les essentiels du quotidien. Son poids plume de 800 g seulement le rend agr\u00e9able \u00e0 porter.  <\/p>\n<h2>D\u00e9tails techniques<\/h2>\n<ul>\n<li><strong>Dimensions :<\/strong> 28 \u00d7 12 \u00d7 40 cm (L \u00d7 P \u00d7 H)<\/li>\n<li><strong>Poids :<\/strong> 800 g<\/li>\n<li><strong>Compartiment pour ordinateur portable :<\/strong> jusqu&#8217;\u00e0 14 pouces<\/li>\n<li><strong>Mat\u00e9riau ext\u00e9rieur :<\/strong> Cuir de vache, certifi\u00e9 LWG<\/li>\n<li><strong>Mat\u00e9riau int\u00e9rieur :<\/strong> Poly-Coton<\/li>\n<li><strong>Couleur :<\/strong> Noir<\/li>\n<\/ul>\n","protected":false},"excerpt":{"rendered":"<p>Le Kemin-1 de Margelisch allie un profil mince (28\u00d712\u00d740 cm) \u00e0 une protection pour ordinateur portable 14&#8221; &#8211; en cuir de vache certifi\u00e9 LWG, il ne p\u00e8se que 800 g. Un sac \u00e0 dos \u00e9l\u00e9gant pour tous les jours. <\/p>\n","protected":false},"featured_media":125275,"comment_status":"open","ping_status":"closed","template":"","meta":{"_acf_changed":false},"product_brand":[3019],"product_cat":[867],"product_tag":[3292,3295],"class_list":{"0":"post-126213","1":"product","2":"type-product","3":"status-publish","4":"has-post-thumbnail","6":"product_brand-margelisch","7":"product_cat-sacs-a-dos","8":"product_tag-pour-lui","9":"product_tag-pour-vous","10":"pa_farbe-cuir-de-vache","11":"pa_farbe-poly-coton","12":"pa_holz-noir","14":"first","15":"onbackorder","16":"taxable","17":"shipping-taxable","18":"purchasable","19":"product-type-simple"},"acf":[],"_links":{"self":[{"href":"https:\/\/one-horizon.ch\/fr\/wp-json\/wp\/v2\/product\/126213","targetHints":{"allow":["GET"]}}],"collection":[{"href":"https:\/\/one-horizon.ch\/fr\/wp-json\/wp\/v2\/product"}],"about":[{"href":"https:\/\/one-horizon.ch\/fr\/wp-json\/wp\/v2\/types\/product"}],"replies":[{"embeddable":true,"href":"https:\/\/one-horizon.ch\/fr\/wp-json\/wp\/v2\/comments?post=126213"}],"wp:featuredmedia":[{"embeddable":true,"href":"https:\/\/one-horizon.ch\/fr\/wp-json\/wp\/v2\/media\/125275"}],"wp:attachment":[{"href":"https:\/\/one-horizon.ch\/fr\/wp-json\/wp\/v2\/media?parent=126213"}],"wp:term":[{"taxonomy":"product_brand","embeddable":true,"href":"https:\/\/one-horizon.ch\/fr\/wp-json\/wp\/v2\/product_brand?post=126213"},{"taxonomy":"product_cat","embeddable":true,"href":"https:\/\/one-horizon.ch\/fr\/wp-json\/wp\/v2\/product_cat?post=126213"},{"taxonomy":"product_tag","embeddable":true,"href":"https:\/\/one-horizon.ch\/fr\/wp-json\/wp\/v2\/product_tag?post=126213"}],"curies":[{"name":"wp","href":"https:\/\/api.w.org\/{rel}","templated":true}]}}