{"id":126216,"date":"2026-05-08T16:48:12","date_gmt":"2026-05-08T14:48:12","guid":{"rendered":"https:\/\/one-horizon.ch\/product\/margelisch-lene-1-leder-rucksack\/"},"modified":"2026-05-08T16:48:12","modified_gmt":"2026-05-08T14:48:12","slug":"margelisch-lene-1-leder-rucksack","status":"publish","type":"product","link":"https:\/\/one-horizon.ch\/fr\/product\/margelisch-lene-1-leder-rucksack\/","title":{"rendered":"Lene-1"},"content":{"rendered":"<p>Le <strong>Lene-1<\/strong> est le sac \u00e0 dos le plus l\u00e9ger de la collection en cuir Margelisch. Avec seulement 700 g, il est le compagnon id\u00e9al de tous les jours pour tous ceux qui attachent de l&#8217;importance \u00e0 la qualit\u00e9 sans pour autant porter un poids inutile. Le dessus en cuir de vache certifi\u00e9 LWG est synonyme de fabrication durable et de longue dur\u00e9e de vie.  <\/p>\n<h2>L\u00e9ger, plat, sans compromis<\/h2>\n<p>Son profil extr\u00eamement fin de seulement 10 cm de profondeur et son poids plume font du Lene-1 le compagnon id\u00e9al pour la ville. Le compartiment rembourr\u00e9 pour ordinateur portable 14&#8221; offre n\u00e9anmoins une protection fiable \u00e0 l&#8217;appareil. La doublure en polycoton assure la structure et la durabilit\u00e9.  <\/p>\n<h2>D\u00e9tails techniques<\/h2>\n<ul>\n<li><strong>Dimensions :<\/strong> 28 \u00d7 10 \u00d7 39 cm (L \u00d7 P \u00d7 H)<\/li>\n<li><strong>Poids :<\/strong> 700 g<\/li>\n<li><strong>Compartiment pour ordinateur portable :<\/strong> jusqu&#8217;\u00e0 14 pouces<\/li>\n<li><strong>Mat\u00e9riau ext\u00e9rieur :<\/strong> Cuir de vache, certifi\u00e9 LWG<\/li>\n<li><strong>Mat\u00e9riau int\u00e9rieur :<\/strong> Poly-Coton<\/li>\n<li><strong>Couleur :<\/strong> Noir<\/li>\n<\/ul>\n","protected":false},"excerpt":{"rendered":"<p>Le Lene-1 de Margelisch est le sac \u00e0 dos en cuir le plus l\u00e9ger de la collection &#8211; 700 g seulement, avec un compartiment pour ordinateur portable 14&#8221; et un cuir de vache certifi\u00e9 LWG. Profil mince (28\u00d710\u00d739 cm), CHF 188.90. <\/p>\n","protected":false},"featured_media":125266,"comment_status":"open","ping_status":"closed","template":"","meta":{"_acf_changed":false},"product_brand":[3019],"product_cat":[867],"product_tag":[3292,3295],"class_list":{"0":"post-126216","1":"product","2":"type-product","3":"status-publish","4":"has-post-thumbnail","6":"product_brand-margelisch","7":"product_cat-sacs-a-dos","8":"product_tag-pour-lui","9":"product_tag-pour-vous","10":"pa_farbe-cuir-de-vache","11":"pa_farbe-poly-coton","12":"pa_holz-noir","14":"first","15":"onbackorder","16":"taxable","17":"shipping-taxable","18":"purchasable","19":"product-type-simple"},"acf":[],"_links":{"self":[{"href":"https:\/\/one-horizon.ch\/fr\/wp-json\/wp\/v2\/product\/126216","targetHints":{"allow":["GET"]}}],"collection":[{"href":"https:\/\/one-horizon.ch\/fr\/wp-json\/wp\/v2\/product"}],"about":[{"href":"https:\/\/one-horizon.ch\/fr\/wp-json\/wp\/v2\/types\/product"}],"replies":[{"embeddable":true,"href":"https:\/\/one-horizon.ch\/fr\/wp-json\/wp\/v2\/comments?post=126216"}],"wp:featuredmedia":[{"embeddable":true,"href":"https:\/\/one-horizon.ch\/fr\/wp-json\/wp\/v2\/media\/125266"}],"wp:attachment":[{"href":"https:\/\/one-horizon.ch\/fr\/wp-json\/wp\/v2\/media?parent=126216"}],"wp:term":[{"taxonomy":"product_brand","embeddable":true,"href":"https:\/\/one-horizon.ch\/fr\/wp-json\/wp\/v2\/product_brand?post=126216"},{"taxonomy":"product_cat","embeddable":true,"href":"https:\/\/one-horizon.ch\/fr\/wp-json\/wp\/v2\/product_cat?post=126216"},{"taxonomy":"product_tag","embeddable":true,"href":"https:\/\/one-horizon.ch\/fr\/wp-json\/wp\/v2\/product_tag?post=126216"}],"curies":[{"name":"wp","href":"https:\/\/api.w.org\/{rel}","templated":true}]}}