{"id":126220,"date":"2026-05-08T16:48:05","date_gmt":"2026-05-08T14:48:05","guid":{"rendered":"https:\/\/one-horizon.ch\/product\/margelisch-moor-1-leder-rucksack\/"},"modified":"2026-05-08T16:48:05","modified_gmt":"2026-05-08T14:48:05","slug":"margelisch-moor-1-leder-rucksack","status":"publish","type":"product","link":"https:\/\/one-horizon.ch\/fr\/product\/margelisch-moor-1-leder-rucksack\/","title":{"rendered":"Marais-1"},"content":{"rendered":"<p>Le <strong>Moor-1<\/strong> de Margelisch se distingue par sa construction exceptionnellement plate &#8211; avec seulement 11 cm de profondeur, il est proche du dos et donc tr\u00e8s agr\u00e9able \u00e0 porter. Le dessus en cuir de vache certifi\u00e9 LWG assure une longue dur\u00e9e de vie et d\u00e9veloppe une patine pleine de caract\u00e8re. <\/p>\n<h2>Empreinte minimale, style maximal<\/h2>\n<p>Malgr\u00e9 sa forme plate, le Moor-1 offre un compartiment rembourr\u00e9 pour ordinateur portable 14&#8221; et d&#8217;autres possibilit\u00e9s d&#8217;organisation \u00e0 l&#8217;int\u00e9rieur. La doublure en polycoton prot\u00e8ge le contenu et donne au sac \u00e0 dos sa forme. <\/p>\n<h2>D\u00e9tails techniques<\/h2>\n<ul>\n<li><strong>Dimensions :<\/strong> 28 \u00d7 11 \u00d7 38 cm (L \u00d7 P \u00d7 H)<\/li>\n<li><strong>Poids :<\/strong> 1,0 kg<\/li>\n<li><strong>Compartiment pour ordinateur portable :<\/strong> jusqu&#8217;\u00e0 14 pouces<\/li>\n<li><strong>Mat\u00e9riau ext\u00e9rieur :<\/strong> Cuir de vache, certifi\u00e9 LWG<\/li>\n<li><strong>Mat\u00e9riau int\u00e9rieur :<\/strong> Poly-Coton<\/li>\n<li><strong>Couleur :<\/strong> Noir<\/li>\n<\/ul>\n","protected":false},"excerpt":{"rendered":"<p>Le Moor-1 de Margelisch est un sac \u00e0 dos en cuir fin, en cuir de vache certifi\u00e9 LWG, avec un compartiment pour ordinateur portable 14&#8221;. Profondeur particuli\u00e8rement faible (28\u00d711\u00d738 cm) pour un port \u00e9l\u00e9gant. <\/p>\n","protected":false},"featured_media":125263,"comment_status":"open","ping_status":"closed","template":"","meta":{"_acf_changed":false},"product_brand":[3019],"product_cat":[867],"product_tag":[3292,3295],"class_list":{"0":"post-126220","1":"product","2":"type-product","3":"status-publish","4":"has-post-thumbnail","6":"product_brand-margelisch","7":"product_cat-sacs-a-dos","8":"product_tag-pour-lui","9":"product_tag-pour-vous","10":"pa_farbe-cuir-de-vache","11":"pa_farbe-poly-coton","12":"pa_holz-noir","14":"first","15":"onbackorder","16":"taxable","17":"shipping-taxable","18":"purchasable","19":"product-type-simple"},"acf":[],"_links":{"self":[{"href":"https:\/\/one-horizon.ch\/fr\/wp-json\/wp\/v2\/product\/126220","targetHints":{"allow":["GET"]}}],"collection":[{"href":"https:\/\/one-horizon.ch\/fr\/wp-json\/wp\/v2\/product"}],"about":[{"href":"https:\/\/one-horizon.ch\/fr\/wp-json\/wp\/v2\/types\/product"}],"replies":[{"embeddable":true,"href":"https:\/\/one-horizon.ch\/fr\/wp-json\/wp\/v2\/comments?post=126220"}],"wp:featuredmedia":[{"embeddable":true,"href":"https:\/\/one-horizon.ch\/fr\/wp-json\/wp\/v2\/media\/125263"}],"wp:attachment":[{"href":"https:\/\/one-horizon.ch\/fr\/wp-json\/wp\/v2\/media?parent=126220"}],"wp:term":[{"taxonomy":"product_brand","embeddable":true,"href":"https:\/\/one-horizon.ch\/fr\/wp-json\/wp\/v2\/product_brand?post=126220"},{"taxonomy":"product_cat","embeddable":true,"href":"https:\/\/one-horizon.ch\/fr\/wp-json\/wp\/v2\/product_cat?post=126220"},{"taxonomy":"product_tag","embeddable":true,"href":"https:\/\/one-horizon.ch\/fr\/wp-json\/wp\/v2\/product_tag?post=126220"}],"curies":[{"name":"wp","href":"https:\/\/api.w.org\/{rel}","templated":true}]}}