{"id":126221,"date":"2026-05-08T16:48:19","date_gmt":"2026-05-08T14:48:19","guid":{"rendered":"https:\/\/one-horizon.ch\/product\/margelisch-igos-1-leder-rucksack\/"},"modified":"2026-05-08T16:48:19","modified_gmt":"2026-05-08T14:48:19","slug":"margelisch-igos-1-leder-rucksack","status":"publish","type":"product","link":"https:\/\/one-horizon.ch\/fr\/product\/margelisch-igos-1-leder-rucksack\/","title":{"rendered":"Igos-1"},"content":{"rendered":"<p>Le <strong>Igos-1<\/strong> de Margelisch est un sac \u00e0 dos en cuir polyvalent qui convient aussi bien pour le bureau que pour les loisirs. Le dessus en cuir de vache certifi\u00e9 LWG convainc par sa qualit\u00e9 et son aspect naturel, qui d\u00e9veloppe une patine unique avec le temps. <\/p>\n<h2>\u00c9quilibr\u00e9 en termes de forme et de fonction<\/h2>\n<p>Le format \u00e9quilibr\u00e9 de l&#8217;Igos-1 offre suffisamment d&#8217;espace pour le travail quotidien sans \u00eatre encombrant. Le compartiment rembourr\u00e9 pour ordinateur portable 14&#8221; est facilement accessible et la doublure en polycoton maintient le contenu en place. <\/p>\n<h2>D\u00e9tails techniques<\/h2>\n<ul>\n<li><strong>Dimensions :<\/strong> 28 \u00d7 13 \u00d7 40 cm (L \u00d7 P \u00d7 H)<\/li>\n<li><strong>Poids :<\/strong> 1,0 kg<\/li>\n<li><strong>Compartiment pour ordinateur portable :<\/strong> jusqu&#8217;\u00e0 14 pouces<\/li>\n<li><strong>Mat\u00e9riau ext\u00e9rieur :<\/strong> Cuir de vache, certifi\u00e9 LWG<\/li>\n<li><strong>Mat\u00e9riau int\u00e9rieur :<\/strong> Poly-Coton<\/li>\n<li><strong>Couleur :<\/strong> Noir<\/li>\n<\/ul>\n","protected":false},"excerpt":{"rendered":"<p>Le Igos-1 de Margelisch est un sac \u00e0 dos en cuir polyvalent avec un compartiment pour ordinateur portable 14&#8221; en cuir de vache certifi\u00e9 LWG. Format \u00e9quilibr\u00e9 (28\u00d713\u00d740 cm), 1 kg &#8211; pour le bureau et les loisirs. <\/p>\n","protected":false},"featured_media":125269,"comment_status":"open","ping_status":"closed","template":"","meta":{"_acf_changed":false},"product_brand":[3019],"product_cat":[867],"product_tag":[3292,3295],"class_list":{"0":"post-126221","1":"product","2":"type-product","3":"status-publish","4":"has-post-thumbnail","6":"product_brand-margelisch","7":"product_cat-sacs-a-dos","8":"product_tag-pour-lui","9":"product_tag-pour-vous","10":"pa_farbe-cuir-de-vache","11":"pa_farbe-poly-coton","12":"pa_holz-noir","14":"first","15":"onbackorder","16":"taxable","17":"shipping-taxable","18":"purchasable","19":"product-type-simple"},"acf":[],"_links":{"self":[{"href":"https:\/\/one-horizon.ch\/fr\/wp-json\/wp\/v2\/product\/126221","targetHints":{"allow":["GET"]}}],"collection":[{"href":"https:\/\/one-horizon.ch\/fr\/wp-json\/wp\/v2\/product"}],"about":[{"href":"https:\/\/one-horizon.ch\/fr\/wp-json\/wp\/v2\/types\/product"}],"replies":[{"embeddable":true,"href":"https:\/\/one-horizon.ch\/fr\/wp-json\/wp\/v2\/comments?post=126221"}],"wp:featuredmedia":[{"embeddable":true,"href":"https:\/\/one-horizon.ch\/fr\/wp-json\/wp\/v2\/media\/125269"}],"wp:attachment":[{"href":"https:\/\/one-horizon.ch\/fr\/wp-json\/wp\/v2\/media?parent=126221"}],"wp:term":[{"taxonomy":"product_brand","embeddable":true,"href":"https:\/\/one-horizon.ch\/fr\/wp-json\/wp\/v2\/product_brand?post=126221"},{"taxonomy":"product_cat","embeddable":true,"href":"https:\/\/one-horizon.ch\/fr\/wp-json\/wp\/v2\/product_cat?post=126221"},{"taxonomy":"product_tag","embeddable":true,"href":"https:\/\/one-horizon.ch\/fr\/wp-json\/wp\/v2\/product_tag?post=126221"}],"curies":[{"name":"wp","href":"https:\/\/api.w.org\/{rel}","templated":true}]}}