{"id":126226,"date":"2026-05-08T17:03:45","date_gmt":"2026-05-08T15:03:45","guid":{"rendered":"https:\/\/one-horizon.ch\/product\/margelisch-bex-2-umhaengetasche\/"},"modified":"2026-05-08T17:03:45","modified_gmt":"2026-05-08T15:03:45","slug":"margelisch-bex-2-umhaengetasche","status":"publish","type":"product","link":"https:\/\/one-horizon.ch\/fr\/product\/margelisch-bex-2-umhaengetasche\/","title":{"rendered":"Bex 2"},"content":{"rendered":"<p>Le <strong>Bex 2<\/strong> de Margelisch est un talent d&#8217;organisation dans une forme compacte. Ce sac \u00e0 bandouli\u00e8re en cuir de buffle tann\u00e9 \u00e0 l&#8217;aide de plantes et sans chrome est fabriqu\u00e9 \u00e0 la main avec une profondeur et une texture qu&#8217;aucun autre cuir ne peut \u00e9galer. Il d\u00e9veloppe une patine unique avec le temps.  <\/p>\n<h2>Petit par la forme, grand par l&#8217;int\u00e9rieur<\/h2>\n<p>Quatre poches int\u00e9rieures en Blue Denim, une poche \u00e0 rabat sur le devant et une poche arri\u00e8re zipp\u00e9e &#8211; le Bex 2 offre tout ce dont vous avez besoin au quotidien. Sa bandouli\u00e8re r\u00e9glable lui conf\u00e8re une grande souplesse d&#8217;utilisation. <\/p>\n<h2>D\u00e9tails techniques<\/h2>\n<ul>\n<li><strong>Dimensions :<\/strong> 20 \u00d7 7 \u00d7 25 cm (L \u00d7 P \u00d7 H)<\/li>\n<li><strong>Mat\u00e9riau :<\/strong> cuir de buffle 2,5 mm, tannage v\u00e9g\u00e9tal, sans chrome<\/li>\n<li><strong>Doublure :<\/strong> coton (Blue Denim)<\/li>\n<li><strong>Int\u00e9rieur :<\/strong> 4 poches<\/li>\n<li><strong>Ext\u00e9rieur :<\/strong> Poche (rabat), poche zipp\u00e9e<\/li>\n<li><strong>Couleur :<\/strong> Antico Brown<\/li>\n<\/ul>\n","protected":false},"excerpt":{"rendered":"<p>Le Bex 2 de Margelisch est un sac \u00e0 bandouli\u00e8re compact en cuir de buffle tann\u00e9 sans chrome &#8211; avec 4 poches int\u00e9rieures, une poche frontale et une poche arri\u00e8re zipp\u00e9e. Dimensions : 20\u00d77\u00d725 cm. <\/p>\n","protected":false},"featured_media":0,"comment_status":"open","ping_status":"closed","template":"","meta":{"_acf_changed":false},"product_brand":[3019],"product_cat":[2519],"product_tag":[3292,3295],"class_list":{"0":"post-126226","1":"product","2":"type-product","3":"status-publish","5":"product_brand-margelisch","6":"product_cat-sac-a-bandouliere","7":"product_tag-pour-lui","8":"product_tag-pour-vous","9":"pa_farbe-marron-antique","11":"first","12":"outofstock","13":"taxable","14":"shipping-taxable","15":"purchasable","16":"product-type-simple"},"acf":[],"_links":{"self":[{"href":"https:\/\/one-horizon.ch\/fr\/wp-json\/wp\/v2\/product\/126226","targetHints":{"allow":["GET"]}}],"collection":[{"href":"https:\/\/one-horizon.ch\/fr\/wp-json\/wp\/v2\/product"}],"about":[{"href":"https:\/\/one-horizon.ch\/fr\/wp-json\/wp\/v2\/types\/product"}],"replies":[{"embeddable":true,"href":"https:\/\/one-horizon.ch\/fr\/wp-json\/wp\/v2\/comments?post=126226"}],"wp:attachment":[{"href":"https:\/\/one-horizon.ch\/fr\/wp-json\/wp\/v2\/media?parent=126226"}],"wp:term":[{"taxonomy":"product_brand","embeddable":true,"href":"https:\/\/one-horizon.ch\/fr\/wp-json\/wp\/v2\/product_brand?post=126226"},{"taxonomy":"product_cat","embeddable":true,"href":"https:\/\/one-horizon.ch\/fr\/wp-json\/wp\/v2\/product_cat?post=126226"},{"taxonomy":"product_tag","embeddable":true,"href":"https:\/\/one-horizon.ch\/fr\/wp-json\/wp\/v2\/product_tag?post=126226"}],"curies":[{"name":"wp","href":"https:\/\/api.w.org\/{rel}","templated":true}]}}