{"id":126227,"date":"2026-05-08T16:47:50","date_gmt":"2026-05-08T14:47:50","guid":{"rendered":"https:\/\/one-horizon.ch\/product\/margelisch-anoi-1-leder-rucksack\/"},"modified":"2026-05-08T16:47:50","modified_gmt":"2026-05-08T14:47:50","slug":"margelisch-anoi-1-leder-rucksack","status":"publish","type":"product","link":"https:\/\/one-horizon.ch\/fr\/product\/margelisch-anoi-1-leder-rucksack\/","title":{"rendered":"Anoi-1"},"content":{"rendered":"<p>L&#8217;<strong>Anoi-1<\/strong> de Margelisch offre plus de largeur et de capacit\u00e9 que de nombreux sacs \u00e0 dos classiques &#8211; id\u00e9al si vous transportez beaucoup de choses au quotidien. Le dessus en cuir de vache certifi\u00e9 LWG est r\u00e9sistant et d\u00e9veloppe une belle patine avec le temps. <\/p>\n<h2>Avec protection pour ordinateur portable pour le travail quotidien<\/h2>\n<p>Le slot rembourr\u00e9 pour ordinateur portable peut accueillir des appareils jusqu&#8217;\u00e0 14 pouces et les prot\u00e9ger efficacement. La doublure en polycoton et les coutures soigneusement travaill\u00e9es font de l&#8217;Anoi-1 un compagnon de tous les jours, au travail comme en d\u00e9placement. <\/p>\n<h2>D\u00e9tails techniques<\/h2>\n<ul>\n<li><strong>Dimensions :<\/strong> 30 \u00d7 15 \u00d7 37 cm (L \u00d7 P \u00d7 H)<\/li>\n<li><strong>Poids :<\/strong> 1,2 kg<\/li>\n<li><strong>Compartiment pour ordinateur portable :<\/strong> jusqu&#8217;\u00e0 14 pouces<\/li>\n<li><strong>Mat\u00e9riau ext\u00e9rieur :<\/strong> Cuir de vache, certifi\u00e9 LWG<\/li>\n<li><strong>Mat\u00e9riau int\u00e9rieur :<\/strong> Poly-Coton<\/li>\n<li><strong>Couleur :<\/strong> Noir<\/li>\n<\/ul>\n","protected":false},"excerpt":{"rendered":"<p>Le Anoi-1 de Margelisch est un sac \u00e0 dos en cuir spacieux avec un compartiment pour ordinateur portable 14&#8221;, en cuir de vache certifi\u00e9 LWG. Format large (30\u00d715\u00d737 cm), id\u00e9al pour le bureau et les voyages. <\/p>\n","protected":false},"featured_media":125257,"comment_status":"open","ping_status":"closed","template":"","meta":{"_acf_changed":false},"product_brand":[3019],"product_cat":[867],"product_tag":[3292,3295],"class_list":{"0":"post-126227","1":"product","2":"type-product","3":"status-publish","4":"has-post-thumbnail","6":"product_brand-margelisch","7":"product_cat-sacs-a-dos","8":"product_tag-pour-lui","9":"product_tag-pour-vous","10":"pa_farbe-cuir-de-vache","11":"pa_farbe-poly-coton","12":"pa_holz-noir","14":"first","15":"onbackorder","16":"taxable","17":"shipping-taxable","18":"purchasable","19":"product-type-simple"},"acf":[],"_links":{"self":[{"href":"https:\/\/one-horizon.ch\/fr\/wp-json\/wp\/v2\/product\/126227","targetHints":{"allow":["GET"]}}],"collection":[{"href":"https:\/\/one-horizon.ch\/fr\/wp-json\/wp\/v2\/product"}],"about":[{"href":"https:\/\/one-horizon.ch\/fr\/wp-json\/wp\/v2\/types\/product"}],"replies":[{"embeddable":true,"href":"https:\/\/one-horizon.ch\/fr\/wp-json\/wp\/v2\/comments?post=126227"}],"wp:featuredmedia":[{"embeddable":true,"href":"https:\/\/one-horizon.ch\/fr\/wp-json\/wp\/v2\/media\/125257"}],"wp:attachment":[{"href":"https:\/\/one-horizon.ch\/fr\/wp-json\/wp\/v2\/media?parent=126227"}],"wp:term":[{"taxonomy":"product_brand","embeddable":true,"href":"https:\/\/one-horizon.ch\/fr\/wp-json\/wp\/v2\/product_brand?post=126227"},{"taxonomy":"product_cat","embeddable":true,"href":"https:\/\/one-horizon.ch\/fr\/wp-json\/wp\/v2\/product_cat?post=126227"},{"taxonomy":"product_tag","embeddable":true,"href":"https:\/\/one-horizon.ch\/fr\/wp-json\/wp\/v2\/product_tag?post=126227"}],"curies":[{"name":"wp","href":"https:\/\/api.w.org\/{rel}","templated":true}]}}