{"id":126230,"date":"2026-05-08T17:03:40","date_gmt":"2026-05-08T15:03:40","guid":{"rendered":"https:\/\/one-horizon.ch\/product\/margelisch-gini-2-umhaengetasche\/"},"modified":"2026-05-08T17:03:40","modified_gmt":"2026-05-08T15:03:40","slug":"margelisch-gini-2-umhaengetasche","status":"publish","type":"product","link":"https:\/\/one-horizon.ch\/fr\/product\/margelisch-gini-2-umhaengetasche\/","title":{"rendered":"Gini 2"},"content":{"rendered":"<p>Le <strong>Gini 2<\/strong> de Margelisch allie durabilit\u00e9 et sens du style : le cuir de vache tann\u00e9 \u00e0 base de plantes et sans chrome est lav\u00e9 et huil\u00e9 &#8211; il en r\u00e9sulte une surface au caract\u00e8re fort et au charme r\u00e9tro qui \u00e9volue avec le temps. La doublure en coton certifi\u00e9 Fairtrade compl\u00e8te le profil de durabilit\u00e9. <\/p>\n<h2>Un port polyvalent<\/h2>\n<p>Le syst\u00e8me de portage flexible du Gini 2 permet de l&#8217;utiliser comme un sac \u00e0 main d\u00e9contract\u00e9 ou comme un sac \u00e0 bandouli\u00e8re. A l&#8217;int\u00e9rieur, deux poches en denim bleu, un compartiment pour tablette (10 pouces) et une poche ext\u00e9rieure zipp\u00e9e offrent beaucoup de place et d&#8217;ordre. <\/p>\n<h2>D\u00e9tails techniques<\/h2>\n<ul>\n<li><strong>Dimensions :<\/strong> 30 \u00d7 8 \u00d7 19 cm (L \u00d7 P \u00d7 H)<\/li>\n<li><strong>Mat\u00e9riau :<\/strong> cuir de vache, tannage v\u00e9g\u00e9tal, sans chrome<\/li>\n<li><strong>Doublure :<\/strong> coton (certifi\u00e9 bio et commerce \u00e9quitable)<\/li>\n<li><strong>Int\u00e9rieur :<\/strong> 2 poches, poche pour tablette 10 pouces<\/li>\n<li><strong>A l&#8217;ext\u00e9rieur :<\/strong> Poche zipp\u00e9e<\/li>\n<\/ul>\n","protected":false},"excerpt":{"rendered":"<p>Le Gini 2 de Margelisch est fabriqu\u00e9 en cuir de vache tann\u00e9 \u00e0 base de plantes et en coton issu du commerce \u00e9quitable &#8211; avec un compartiment pour tablette (10&#8221;), 2 poches et un syst\u00e8me de transport flexible. Dimensions : 30\u00d78\u00d719 cm. <\/p>\n","protected":false},"featured_media":0,"comment_status":"open","ping_status":"closed","template":"","meta":{"_acf_changed":false},"product_brand":[3019],"product_cat":[2519],"product_tag":[3292,3295],"class_list":{"0":"post-126230","1":"product","2":"type-product","3":"status-publish","5":"product_brand-margelisch","6":"product_cat-sac-a-bandouliere","7":"product_tag-pour-lui","8":"product_tag-pour-vous","9":"pa_farbe-ananas-fr","10":"pa_farbe-vert-boue","12":"first","13":"outofstock","14":"taxable","15":"shipping-taxable","16":"purchasable","17":"product-type-variable"},"acf":[],"_links":{"self":[{"href":"https:\/\/one-horizon.ch\/fr\/wp-json\/wp\/v2\/product\/126230","targetHints":{"allow":["GET"]}}],"collection":[{"href":"https:\/\/one-horizon.ch\/fr\/wp-json\/wp\/v2\/product"}],"about":[{"href":"https:\/\/one-horizon.ch\/fr\/wp-json\/wp\/v2\/types\/product"}],"replies":[{"embeddable":true,"href":"https:\/\/one-horizon.ch\/fr\/wp-json\/wp\/v2\/comments?post=126230"}],"wp:attachment":[{"href":"https:\/\/one-horizon.ch\/fr\/wp-json\/wp\/v2\/media?parent=126230"}],"wp:term":[{"taxonomy":"product_brand","embeddable":true,"href":"https:\/\/one-horizon.ch\/fr\/wp-json\/wp\/v2\/product_brand?post=126230"},{"taxonomy":"product_cat","embeddable":true,"href":"https:\/\/one-horizon.ch\/fr\/wp-json\/wp\/v2\/product_cat?post=126230"},{"taxonomy":"product_tag","embeddable":true,"href":"https:\/\/one-horizon.ch\/fr\/wp-json\/wp\/v2\/product_tag?post=126230"}],"curies":[{"name":"wp","href":"https:\/\/api.w.org\/{rel}","templated":true}]}}