{"id":126231,"date":"2026-05-08T16:47:42","date_gmt":"2026-05-08T14:47:42","guid":{"rendered":"https:\/\/one-horizon.ch\/product\/margelisch-renu-1-leder-rucksack\/"},"modified":"2026-05-08T16:47:42","modified_gmt":"2026-05-08T14:47:42","slug":"margelisch-renu-1-leder-rucksack","status":"publish","type":"product","link":"https:\/\/one-horizon.ch\/fr\/product\/margelisch-renu-1-leder-rucksack\/","title":{"rendered":"Renu-1"},"content":{"rendered":"<p>Le <strong>Renu-1<\/strong> de Margelisch est un sac \u00e0 dos en cuir qui allie qualit\u00e9 et intemporalit\u00e9. Le dessus en cuir de vache certifi\u00e9 LWG est synonyme de cuir produit de mani\u00e8re responsable &#8211; durable, r\u00e9sistant et avec un caract\u00e8re naturel qui s&#8217;embellit avec le temps. <\/p>\n<h2>Un design \u00e9pur\u00e9 pour le quotidien<\/h2>\n<p>Le Renu-1 s\u00e9duit par son design simple et bien pens\u00e9, sans d\u00e9tails superflus. La doublure int\u00e9rieure en poly-coton est facile \u00e0 entretenir et donne de la structure au sac \u00e0 dos. Plusieurs poches int\u00e9rieures permettent d&#8217;organiser correctement les affaires de la journ\u00e9e.  <\/p>\n<h2>D\u00e9tails techniques<\/h2>\n<ul>\n<li><strong>Dimensions :<\/strong> 26 \u00d7 15 \u00d7 38 cm (L \u00d7 P \u00d7 H)<\/li>\n<li><strong>Poids :<\/strong> 800 g<\/li>\n<li><strong>Mat\u00e9riau ext\u00e9rieur :<\/strong> Cuir de vache, certifi\u00e9 LWG<\/li>\n<li><strong>Mat\u00e9riau int\u00e9rieur :<\/strong> Poly-Coton<\/li>\n<li><strong>Couleur :<\/strong> Noir<\/li>\n<\/ul>\n","protected":false},"excerpt":{"rendered":"<p>Le Renu-1 de Margelisch est un sac \u00e0 dos classique en cuir de vache certifi\u00e9 LWG &#8211; robuste, intemporel et id\u00e9al pour une utilisation quotidienne. Format compact (26\u00d715\u00d738 cm), poids de 800 g seulement. <\/p>\n","protected":false},"featured_media":125254,"comment_status":"open","ping_status":"closed","template":"","meta":{"_acf_changed":false},"product_brand":[3019],"product_cat":[867],"product_tag":[3292,3295],"class_list":{"0":"post-126231","1":"product","2":"type-product","3":"status-publish","4":"has-post-thumbnail","6":"product_brand-margelisch","7":"product_cat-sacs-a-dos","8":"product_tag-pour-lui","9":"product_tag-pour-vous","10":"pa_farbe-cuir-de-vache","11":"pa_farbe-poly-coton","12":"pa_holz-noir","14":"first","15":"onbackorder","16":"taxable","17":"shipping-taxable","18":"purchasable","19":"product-type-simple"},"acf":[],"_links":{"self":[{"href":"https:\/\/one-horizon.ch\/fr\/wp-json\/wp\/v2\/product\/126231","targetHints":{"allow":["GET"]}}],"collection":[{"href":"https:\/\/one-horizon.ch\/fr\/wp-json\/wp\/v2\/product"}],"about":[{"href":"https:\/\/one-horizon.ch\/fr\/wp-json\/wp\/v2\/types\/product"}],"replies":[{"embeddable":true,"href":"https:\/\/one-horizon.ch\/fr\/wp-json\/wp\/v2\/comments?post=126231"}],"wp:featuredmedia":[{"embeddable":true,"href":"https:\/\/one-horizon.ch\/fr\/wp-json\/wp\/v2\/media\/125254"}],"wp:attachment":[{"href":"https:\/\/one-horizon.ch\/fr\/wp-json\/wp\/v2\/media?parent=126231"}],"wp:term":[{"taxonomy":"product_brand","embeddable":true,"href":"https:\/\/one-horizon.ch\/fr\/wp-json\/wp\/v2\/product_brand?post=126231"},{"taxonomy":"product_cat","embeddable":true,"href":"https:\/\/one-horizon.ch\/fr\/wp-json\/wp\/v2\/product_cat?post=126231"},{"taxonomy":"product_tag","embeddable":true,"href":"https:\/\/one-horizon.ch\/fr\/wp-json\/wp\/v2\/product_tag?post=126231"}],"curies":[{"name":"wp","href":"https:\/\/api.w.org\/{rel}","templated":true}]}}