{"id":126237,"date":"2026-05-08T17:03:34","date_gmt":"2026-05-08T15:03:34","guid":{"rendered":"https:\/\/one-horizon.ch\/product\/margelisch-gini-3-umhaengetasche\/"},"modified":"2026-05-08T17:03:34","modified_gmt":"2026-05-08T15:03:34","slug":"margelisch-gini-3-umhaengetasche","status":"publish","type":"product","link":"https:\/\/one-horizon.ch\/fr\/product\/margelisch-gini-3-umhaengetasche\/","title":{"rendered":"Gini 3"},"content":{"rendered":"<p>Le <strong>Gini 3<\/strong> de Margelisch est \u00e0 la fois moderne et r\u00e9tro &#8211; un sac \u00e0 bandouli\u00e8re qui regorge de d\u00e9tails de design \u00e9labor\u00e9s tout en affichant clairement son originalit\u00e9. Le cuir de vache certifi\u00e9 LWG est fabriqu\u00e9 \u00e0 la main et convainc par ses techniques de traitement innovantes. <\/p>\n<h2>Moderne et fonctionnel<\/h2>\n<p>Deux poches et une poche zipp\u00e9e \u00e0 l&#8217;int\u00e9rieur permettent de garder les choses en ordre. \u00c0 l&#8217;ext\u00e9rieur, une poche zipp\u00e9e avec bouton-pression compl\u00e8te l&#8217;acc\u00e8s aux objets souvent utilis\u00e9s &#8211; rapidement et facilement. <\/p>\n<h2>D\u00e9tails techniques<\/h2>\n<ul>\n<li><strong>Dimensions :<\/strong> 28 \u00d7 12 \u00d7 17 cm (L \u00d7 P \u00d7 H)<\/li>\n<li><strong>Poids :<\/strong> 400 g<\/li>\n<li><strong>Volume :<\/strong> 4,7 litres<\/li>\n<li><strong>Mat\u00e9riau :<\/strong> cuir de vache, certifi\u00e9 LWG<\/li>\n<li><strong>Int\u00e9rieur :<\/strong> 2 poches, 1 poche zipp\u00e9e<\/li>\n<\/ul>\n","protected":false},"excerpt":{"rendered":"<p>Le Gini 3 de Margelisch est un sac \u00e0 bandouli\u00e8re moderne et r\u00e9tro en cuir de vache certifi\u00e9 LWG &#8211; avec des d\u00e9tails de conception \u00e9labor\u00e9s, une poche avant \u00e0 bouton-pression et 2 poches int\u00e9rieures. Dimensions : 28\u00d712\u00d717 cm. <\/p>\n","protected":false},"featured_media":125332,"comment_status":"open","ping_status":"closed","template":"","meta":{"_acf_changed":false},"product_brand":[3019],"product_cat":[2519],"product_tag":[3292,3295],"class_list":{"0":"post-126237","1":"product","2":"type-product","3":"status-publish","4":"has-post-thumbnail","6":"product_brand-margelisch","7":"product_cat-sac-a-bandouliere","8":"product_tag-pour-lui","9":"product_tag-pour-vous","10":"pa_farbe-gris","11":"pa_farbe-jaune","12":"pa_farbe-vert","14":"first","15":"onbackorder","16":"taxable","17":"shipping-taxable","18":"purchasable","19":"product-type-variable"},"acf":[],"_links":{"self":[{"href":"https:\/\/one-horizon.ch\/fr\/wp-json\/wp\/v2\/product\/126237","targetHints":{"allow":["GET"]}}],"collection":[{"href":"https:\/\/one-horizon.ch\/fr\/wp-json\/wp\/v2\/product"}],"about":[{"href":"https:\/\/one-horizon.ch\/fr\/wp-json\/wp\/v2\/types\/product"}],"replies":[{"embeddable":true,"href":"https:\/\/one-horizon.ch\/fr\/wp-json\/wp\/v2\/comments?post=126237"}],"wp:featuredmedia":[{"embeddable":true,"href":"https:\/\/one-horizon.ch\/fr\/wp-json\/wp\/v2\/media\/125332"}],"wp:attachment":[{"href":"https:\/\/one-horizon.ch\/fr\/wp-json\/wp\/v2\/media?parent=126237"}],"wp:term":[{"taxonomy":"product_brand","embeddable":true,"href":"https:\/\/one-horizon.ch\/fr\/wp-json\/wp\/v2\/product_brand?post=126237"},{"taxonomy":"product_cat","embeddable":true,"href":"https:\/\/one-horizon.ch\/fr\/wp-json\/wp\/v2\/product_cat?post=126237"},{"taxonomy":"product_tag","embeddable":true,"href":"https:\/\/one-horizon.ch\/fr\/wp-json\/wp\/v2\/product_tag?post=126237"}],"curies":[{"name":"wp","href":"https:\/\/api.w.org\/{rel}","templated":true}]}}