{"id":126246,"date":"2026-05-08T17:03:16","date_gmt":"2026-05-08T15:03:16","guid":{"rendered":"https:\/\/one-horizon.ch\/product\/margelisch-codo-1-umhaengetasche\/"},"modified":"2026-05-08T17:03:16","modified_gmt":"2026-05-08T15:03:16","slug":"margelisch-codo-1-umhaengetasche","status":"publish","type":"product","link":"https:\/\/one-horizon.ch\/fr\/product\/margelisch-codo-1-umhaengetasche\/","title":{"rendered":"Codo 1"},"content":{"rendered":"<p>Le <strong>Codo 1<\/strong> de Margelisch est un sac \u00e0 bandouli\u00e8re \u00e0 la silhouette enchanteresse et dot\u00e9 d&#8217;un rabat avec une serrure \u00e0 pression en m\u00e9tal. Le cuir de vache certifi\u00e9 LWG est fabriqu\u00e9 \u00e0 la main dans le cadre d&#8217;une production certifi\u00e9e BSCI &#8211; un sac qui s&#8217;embellit au fil du temps. <\/p>\n<h2>Un design classique, un quotidien moderne<\/h2>\n<p>Deux poches et une poche int\u00e9rieure zipp\u00e9e &#8211; toutes renforc\u00e9es par un cuir de qualit\u00e9 &#8211; font du Codo 1 un compagnon fiable au quotidien. Le rabat lui conf\u00e8re une touche de f\u00e9minit\u00e9. <\/p>\n<h2>D\u00e9tails techniques<\/h2>\n<ul>\n<li><strong>Dimensions :<\/strong> 17 \u00d7 6 \u00d7 25 cm (L \u00d7 P \u00d7 H)<\/li>\n<li><strong>Poids :<\/strong> 470 g<\/li>\n<li><strong>Volume :<\/strong> 2,5 litres<\/li>\n<li><strong>Mat\u00e9riau :<\/strong> cuir de vache, certifi\u00e9 LWG<\/li>\n<li><strong>Fermeture :<\/strong> Rabat avec serrure \u00e0 pression en m\u00e9tal<\/li>\n<\/ul>\n","protected":false},"excerpt":{"rendered":"<p>Le Codo 1 de Margelisch s\u00e9duit par son \u00e9l\u00e9gant rabat et sa serrure \u00e0 pression en m\u00e9tal &#8211; cuir de vache certifi\u00e9 LWG, 2 poches + compartiment zipp\u00e9. Dimensions : 17\u00d76\u00d725 cm, 470 g. <\/p>\n","protected":false},"featured_media":125323,"comment_status":"open","ping_status":"closed","template":"","meta":{"_acf_changed":false},"product_brand":[3019],"product_cat":[2519],"product_tag":[3292,3295],"class_list":{"0":"post-126246","1":"product","2":"type-product","3":"status-publish","4":"has-post-thumbnail","6":"product_brand-margelisch","7":"product_cat-sac-a-bandouliere","8":"product_tag-pour-lui","9":"product_tag-pour-vous","10":"pa_farbe-gris","11":"pa_farbe-noir","12":"pa_farbe-petrole","14":"first","15":"onbackorder","16":"taxable","17":"shipping-taxable","18":"purchasable","19":"product-type-variable"},"acf":[],"_links":{"self":[{"href":"https:\/\/one-horizon.ch\/fr\/wp-json\/wp\/v2\/product\/126246","targetHints":{"allow":["GET"]}}],"collection":[{"href":"https:\/\/one-horizon.ch\/fr\/wp-json\/wp\/v2\/product"}],"about":[{"href":"https:\/\/one-horizon.ch\/fr\/wp-json\/wp\/v2\/types\/product"}],"replies":[{"embeddable":true,"href":"https:\/\/one-horizon.ch\/fr\/wp-json\/wp\/v2\/comments?post=126246"}],"wp:featuredmedia":[{"embeddable":true,"href":"https:\/\/one-horizon.ch\/fr\/wp-json\/wp\/v2\/media\/125323"}],"wp:attachment":[{"href":"https:\/\/one-horizon.ch\/fr\/wp-json\/wp\/v2\/media?parent=126246"}],"wp:term":[{"taxonomy":"product_brand","embeddable":true,"href":"https:\/\/one-horizon.ch\/fr\/wp-json\/wp\/v2\/product_brand?post=126246"},{"taxonomy":"product_cat","embeddable":true,"href":"https:\/\/one-horizon.ch\/fr\/wp-json\/wp\/v2\/product_cat?post=126246"},{"taxonomy":"product_tag","embeddable":true,"href":"https:\/\/one-horizon.ch\/fr\/wp-json\/wp\/v2\/product_tag?post=126246"}],"curies":[{"name":"wp","href":"https:\/\/api.w.org\/{rel}","templated":true}]}}