{"id":126250,"date":"2026-05-08T17:03:28","date_gmt":"2026-05-08T15:03:28","guid":{"rendered":"https:\/\/one-horizon.ch\/product\/margelisch-ebu-1-laptop-rucksack\/"},"modified":"2026-05-08T17:03:28","modified_gmt":"2026-05-08T15:03:28","slug":"margelisch-ebu-1-laptop-rucksack","status":"publish","type":"product","link":"https:\/\/one-horizon.ch\/fr\/product\/margelisch-ebu-1-laptop-rucksack\/","title":{"rendered":"Ebu 1"},"content":{"rendered":"<p>Le <strong>Ebu 1<\/strong> de Margelisch est une pi\u00e8ce 2 en 1 polyvalente : port\u00e9 comme sac \u00e0 dos ou comme sac \u00e0 bandouli\u00e8re &#8211; selon l&#8217;occasion et l&#8217;humeur. Le cuir de vachette certifi\u00e9 LWG garantit sa durabilit\u00e9, tandis que l&#8217;int\u00e9rieur bien pens\u00e9 permet de garder de l&#8217;ordre au quotidien. <\/p>\n<h2>Etui pour ordinateur portable inclus<\/h2>\n<p>La pochette pour ordinateur portable 13 pouces prot\u00e8ge efficacement l&#8217;appareil. Deux poches, un compartiment zipp\u00e9 et une poche frontale zipp\u00e9e offrent un grand espace de rangement dans un espace compact. Le compartiment zipp\u00e9 avec glissi\u00e8re \u00e0 bouton-pression est un d\u00e9tail de design \u00e9l\u00e9gant.  <\/p>\n<h2>D\u00e9tails techniques<\/h2>\n<ul>\n<li><strong>Dimensions :<\/strong> 28 \u00d7 9 \u00d7 30 cm (L \u00d7 P \u00d7 H)<\/li>\n<li><strong>Poids :<\/strong> 660 g<\/li>\n<li><strong>Volume :<\/strong> 7,5 litres<\/li>\n<li><strong>Compartiment pour ordinateur portable :<\/strong> jusqu&#8217;\u00e0 13 pouces<\/li>\n<li><strong>Mat\u00e9riau :<\/strong> cuir de vache, certifi\u00e9 LWG<\/li>\n<li><strong>Mode de transport :<\/strong> Sac \u00e0 dos ou sac \u00e0 bandouli\u00e8re (2 en 1)<\/li>\n<\/ul>\n","protected":false},"excerpt":{"rendered":"<p>Le Ebu 1 de Margelisch est un sac \u00e0 dos et un sac \u00e0 bandouli\u00e8re en cuir 2 en 1 &#8211; cuir de vachette certifi\u00e9 LWG, compartiment pour ordinateur portable 13&#8221;, poche frontale zipp\u00e9e. Dimensions : 28\u00d79\u00d730 cm, 660 g. <\/p>\n","protected":false},"featured_media":125329,"comment_status":"open","ping_status":"closed","template":"","meta":{"_acf_changed":false},"product_brand":[3019],"product_cat":[867],"product_tag":[3292,3295],"class_list":{"0":"post-126250","1":"product","2":"type-product","3":"status-publish","4":"has-post-thumbnail","6":"product_brand-margelisch","7":"product_cat-sacs-a-dos","8":"product_tag-pour-lui","9":"product_tag-pour-vous","10":"pa_farbe-bordeaux","11":"pa_farbe-gris","12":"pa_farbe-noir","14":"first","15":"onbackorder","16":"taxable","17":"shipping-taxable","18":"purchasable","19":"product-type-variable"},"acf":[],"_links":{"self":[{"href":"https:\/\/one-horizon.ch\/fr\/wp-json\/wp\/v2\/product\/126250","targetHints":{"allow":["GET"]}}],"collection":[{"href":"https:\/\/one-horizon.ch\/fr\/wp-json\/wp\/v2\/product"}],"about":[{"href":"https:\/\/one-horizon.ch\/fr\/wp-json\/wp\/v2\/types\/product"}],"replies":[{"embeddable":true,"href":"https:\/\/one-horizon.ch\/fr\/wp-json\/wp\/v2\/comments?post=126250"}],"wp:featuredmedia":[{"embeddable":true,"href":"https:\/\/one-horizon.ch\/fr\/wp-json\/wp\/v2\/media\/125329"}],"wp:attachment":[{"href":"https:\/\/one-horizon.ch\/fr\/wp-json\/wp\/v2\/media?parent=126250"}],"wp:term":[{"taxonomy":"product_brand","embeddable":true,"href":"https:\/\/one-horizon.ch\/fr\/wp-json\/wp\/v2\/product_brand?post=126250"},{"taxonomy":"product_cat","embeddable":true,"href":"https:\/\/one-horizon.ch\/fr\/wp-json\/wp\/v2\/product_cat?post=126250"},{"taxonomy":"product_tag","embeddable":true,"href":"https:\/\/one-horizon.ch\/fr\/wp-json\/wp\/v2\/product_tag?post=126250"}],"curies":[{"name":"wp","href":"https:\/\/api.w.org\/{rel}","templated":true}]}}