{"id":126266,"date":"2026-05-08T17:03:22","date_gmt":"2026-05-08T15:03:22","guid":{"rendered":"https:\/\/one-horizon.ch\/product\/margelisch-ebel-1-umhaengetasche\/"},"modified":"2026-05-08T17:03:22","modified_gmt":"2026-05-08T15:03:22","slug":"margelisch-ebel-1-umhaengetasche","status":"publish","type":"product","link":"https:\/\/one-horizon.ch\/fr\/product\/margelisch-ebel-1-umhaengetasche\/","title":{"rendered":"Ebel 1"},"content":{"rendered":"<p>Le sac <strong>Ebel 1<\/strong> de Margelisch respire le classicisme, le style et la valeur. Ce sac \u00e0 bandouli\u00e8re en cuir de vache certifi\u00e9 LWG est fabriqu\u00e9 \u00e0 la main et est \u00e9quip\u00e9 d&#8217;une poche avant plaqu\u00e9e avec une serrure \u00e0 pression en m\u00e9tal et un acc\u00e8s zipp\u00e9 au compartiment principal. <\/p>\n<h2>Int\u00e9rieur noble en cuir<\/h2>\n<p>Deux poches et une poche zipp\u00e9e \u00e0 l&#8217;int\u00e9rieur &#8211; toutes renforc\u00e9es par du cuir de vache &#8211; sont typiques de l&#8217;ADN Margelisch. La capacit\u00e9 g\u00e9n\u00e9reuse de 4,5 litres fait de l&#8217;Ebel 1 le compagnon id\u00e9al pour les journ\u00e9es prolong\u00e9es. <\/p>\n<h2>D\u00e9tails techniques<\/h2>\n<ul>\n<li><strong>Dimensions :<\/strong> 28 \u00d7 9 \u00d7 18 cm (L \u00d7 P \u00d7 H)<\/li>\n<li><strong>Poids :<\/strong> 600 g<\/li>\n<li><strong>Volume :<\/strong> 4,5 litres<\/li>\n<li><strong>Mat\u00e9riau :<\/strong> cuir de vache, certifi\u00e9 LWG<\/li>\n<li><strong>Ext\u00e9rieur :<\/strong> Poche avant avec rabat, acc\u00e8s zipp\u00e9, poche zipp\u00e9e<\/li>\n<\/ul>\n","protected":false},"excerpt":{"rendered":"<p>Le Ebel 1 de Margelisch est un sac \u00e0 bandouli\u00e8re en cuir de fabrication \u00e9labor\u00e9e avec poche frontale et fermeture \u00e9clair &#8211; en cuir de vache certifi\u00e9 LWG. Dimensions : 28\u00d79\u00d718 cm, 600 g, 4,5 litres. <\/p>\n","protected":false},"featured_media":125326,"comment_status":"open","ping_status":"closed","template":"","meta":{"_acf_changed":false},"product_brand":[3019],"product_cat":[2519],"product_tag":[3292,3295],"class_list":{"0":"post-126266","1":"product","2":"type-product","3":"status-publish","4":"has-post-thumbnail","6":"product_brand-margelisch","7":"product_cat-sac-a-bandouliere","8":"product_tag-pour-lui","9":"product_tag-pour-vous","10":"pa_farbe-gris","11":"pa_farbe-noir","12":"pa_farbe-petrole","14":"first","15":"onbackorder","16":"taxable","17":"shipping-taxable","18":"purchasable","19":"product-type-variable"},"acf":[],"_links":{"self":[{"href":"https:\/\/one-horizon.ch\/fr\/wp-json\/wp\/v2\/product\/126266","targetHints":{"allow":["GET"]}}],"collection":[{"href":"https:\/\/one-horizon.ch\/fr\/wp-json\/wp\/v2\/product"}],"about":[{"href":"https:\/\/one-horizon.ch\/fr\/wp-json\/wp\/v2\/types\/product"}],"replies":[{"embeddable":true,"href":"https:\/\/one-horizon.ch\/fr\/wp-json\/wp\/v2\/comments?post=126266"}],"wp:featuredmedia":[{"embeddable":true,"href":"https:\/\/one-horizon.ch\/fr\/wp-json\/wp\/v2\/media\/125326"}],"wp:attachment":[{"href":"https:\/\/one-horizon.ch\/fr\/wp-json\/wp\/v2\/media?parent=126266"}],"wp:term":[{"taxonomy":"product_brand","embeddable":true,"href":"https:\/\/one-horizon.ch\/fr\/wp-json\/wp\/v2\/product_brand?post=126266"},{"taxonomy":"product_cat","embeddable":true,"href":"https:\/\/one-horizon.ch\/fr\/wp-json\/wp\/v2\/product_cat?post=126266"},{"taxonomy":"product_tag","embeddable":true,"href":"https:\/\/one-horizon.ch\/fr\/wp-json\/wp\/v2\/product_tag?post=126266"}],"curies":[{"name":"wp","href":"https:\/\/api.w.org\/{rel}","templated":true}]}}