{"id":126278,"date":"2026-05-08T17:28:20","date_gmt":"2026-05-08T15:28:20","guid":{"rendered":"https:\/\/one-horizon.ch\/product\/margelisch-lele-1-umhaengetasche\/"},"modified":"2026-05-08T17:28:20","modified_gmt":"2026-05-08T15:28:20","slug":"margelisch-lele-1-umhaengetasche","status":"publish","type":"product","link":"https:\/\/one-horizon.ch\/fr\/product\/margelisch-lele-1-umhaengetasche\/","title":{"rendered":"Lele 1"},"content":{"rendered":"<p><strong>Le Lele 1<\/strong> de Margelisch se distingue par son design distinctif et sa simplicit\u00e9 \u00e9pur\u00e9e. Ce sac \u00e0 bandouli\u00e8re et \u00e0 bandouli\u00e8re en cuir de vache certifi\u00e9 LWG peut \u00eatre port\u00e9 en bandouli\u00e8re gr\u00e2ce \u00e0 sa poign\u00e9e courte ou en bandouli\u00e8re gr\u00e2ce \u00e0 sa longue sangle r\u00e9glable. <\/p>\n<h2>Deux options de port, un style<\/h2>\n<p>Les sangles sont s\u00e9curis\u00e9es par des boucles m\u00e9talliques \u00e0 ressort de haute qualit\u00e9 et peuvent \u00eatre utilis\u00e9es seules ou combin\u00e9es. Deux poches et une poche zipp\u00e9e \u00e0 l&#8217;int\u00e9rieur permettent de garder de l&#8217;ordre au quotidien. <\/p>\n<h2>D\u00e9tails techniques<\/h2>\n<ul>\n<li><strong>Dimensions :<\/strong> 23 \u00d7 7 \u00d7 14 cm (L \u00d7 P \u00d7 H)<\/li>\n<li><strong>Poids :<\/strong> 350 g<\/li>\n<li><strong>Volume :<\/strong> 2,2 litres<\/li>\n<li><strong>Mat\u00e9riau :<\/strong> cuir de vache, certifi\u00e9 LWG<\/li>\n<li><strong>Mode de transport :<\/strong> Sac \u00e0 bandouli\u00e8re (poign\u00e9e courte) ou sac \u00e0 bandouli\u00e8re (sangle longue)<\/li>\n<\/ul>\n","protected":false},"excerpt":{"rendered":"<p>Lele 1 de Margelisch est un sac \u00e0 bandouli\u00e8re et \u00e0 bandouli\u00e8re en cuir de vache certifi\u00e9 LWG &#8211; avec bandouli\u00e8re longue et courte, fermetures \u00e0 ressort en m\u00e9tal, 2 poches. Dimensions : 23\u00d77\u00d714 cm. <\/p>\n","protected":false},"featured_media":0,"comment_status":"open","ping_status":"closed","template":"","meta":{"_acf_changed":false},"product_brand":[3019],"product_cat":[2519],"product_tag":[3292,3295],"class_list":{"0":"post-126278","1":"product","2":"type-product","3":"status-publish","5":"product_brand-margelisch","6":"product_cat-sac-a-bandouliere","7":"product_tag-pour-lui","8":"product_tag-pour-vous","9":"pa_farbe-bordeaux","10":"pa_farbe-gris","11":"pa_farbe-jaune","12":"pa_farbe-marron-fonce","13":"pa_farbe-noir","15":"first","16":"outofstock","17":"taxable","18":"shipping-taxable","19":"product-type-variable"},"acf":[],"_links":{"self":[{"href":"https:\/\/one-horizon.ch\/fr\/wp-json\/wp\/v2\/product\/126278","targetHints":{"allow":["GET"]}}],"collection":[{"href":"https:\/\/one-horizon.ch\/fr\/wp-json\/wp\/v2\/product"}],"about":[{"href":"https:\/\/one-horizon.ch\/fr\/wp-json\/wp\/v2\/types\/product"}],"replies":[{"embeddable":true,"href":"https:\/\/one-horizon.ch\/fr\/wp-json\/wp\/v2\/comments?post=126278"}],"wp:attachment":[{"href":"https:\/\/one-horizon.ch\/fr\/wp-json\/wp\/v2\/media?parent=126278"}],"wp:term":[{"taxonomy":"product_brand","embeddable":true,"href":"https:\/\/one-horizon.ch\/fr\/wp-json\/wp\/v2\/product_brand?post=126278"},{"taxonomy":"product_cat","embeddable":true,"href":"https:\/\/one-horizon.ch\/fr\/wp-json\/wp\/v2\/product_cat?post=126278"},{"taxonomy":"product_tag","embeddable":true,"href":"https:\/\/one-horizon.ch\/fr\/wp-json\/wp\/v2\/product_tag?post=126278"}],"curies":[{"name":"wp","href":"https:\/\/api.w.org\/{rel}","templated":true}]}}