{"id":126296,"date":"2026-05-08T17:28:03","date_gmt":"2026-05-08T15:28:03","guid":{"rendered":"https:\/\/one-horizon.ch\/product\/margelisch-ocla-1-umhaengetasche\/"},"modified":"2026-05-08T17:28:03","modified_gmt":"2026-05-08T15:28:03","slug":"margelisch-ocla-1-umhaengetasche","status":"publish","type":"product","link":"https:\/\/one-horizon.ch\/fr\/product\/margelisch-ocla-1-umhaengetasche\/","title":{"rendered":"Ocla 1"},"content":{"rendered":"<p>Le sac <strong>Ocla 1<\/strong> de Margelisch est un sac \u00e0 bandouli\u00e8re de caract\u00e8re. Sa coupe particuli\u00e8re et ses compartiments zipp\u00e9s lat\u00e9raux en font une pi\u00e8ce au design unique. Le cuir de vachette d\u00e9licat certifi\u00e9 LWG lui conf\u00e8re une souplesse particuli\u00e8re.  <\/p>\n<h2>Un design au caract\u00e8re bien tremp\u00e9<\/h2>\n<p>Deux poches et une poche zipp\u00e9e \u00e0 l&#8217;int\u00e9rieur permettent de garder les choses en ordre. La bandouli\u00e8re r\u00e9glable permet d&#8217;utiliser le sac Ocla 1 de mani\u00e8re flexible. Le travail manuel certifi\u00e9 BSCI garantit des conditions de fabrication \u00e9quitables.  <\/p>\n<h2>D\u00e9tails techniques<\/h2>\n<ul>\n<li><strong>Dimensions :<\/strong> 29 \u00d7 10 \u00d7 19 cm (L \u00d7 P \u00d7 H)<\/li>\n<li><strong>Poids :<\/strong> 470 g<\/li>\n<li><strong>Volume :<\/strong> 5,5 litres<\/li>\n<li><strong>Mat\u00e9riau :<\/strong> cuir de vache, certifi\u00e9 LWG<\/li>\n<li><strong>Ext\u00e9rieur :<\/strong> 2 compartiments lat\u00e9raux zipp\u00e9s, acc\u00e8s zipp\u00e9<\/li>\n<\/ul>\n","protected":false},"excerpt":{"rendered":"<p>Le sac Ocla 1 de Margelisch se distingue par sa coupe particuli\u00e8re avec des poches lat\u00e9rales zipp\u00e9es &#8211; en cuir de vachette d\u00e9licat certifi\u00e9 LWG, 5,5 litres. Dimensions : 29\u00d710\u00d719 cm, 470 g. <\/p>\n","protected":false},"featured_media":125440,"comment_status":"open","ping_status":"closed","template":"","meta":{"_acf_changed":false},"product_brand":[3019],"product_cat":[2519],"product_tag":[3292,3295],"class_list":{"0":"post-126296","1":"product","2":"type-product","3":"status-publish","4":"has-post-thumbnail","6":"product_brand-margelisch","7":"product_cat-sac-a-bandouliere","8":"product_tag-pour-lui","9":"product_tag-pour-vous","10":"pa_farbe-jaune","11":"pa_farbe-vert","13":"first","14":"onbackorder","15":"taxable","16":"shipping-taxable","17":"purchasable","18":"product-type-variable"},"acf":[],"_links":{"self":[{"href":"https:\/\/one-horizon.ch\/fr\/wp-json\/wp\/v2\/product\/126296","targetHints":{"allow":["GET"]}}],"collection":[{"href":"https:\/\/one-horizon.ch\/fr\/wp-json\/wp\/v2\/product"}],"about":[{"href":"https:\/\/one-horizon.ch\/fr\/wp-json\/wp\/v2\/types\/product"}],"replies":[{"embeddable":true,"href":"https:\/\/one-horizon.ch\/fr\/wp-json\/wp\/v2\/comments?post=126296"}],"wp:featuredmedia":[{"embeddable":true,"href":"https:\/\/one-horizon.ch\/fr\/wp-json\/wp\/v2\/media\/125440"}],"wp:attachment":[{"href":"https:\/\/one-horizon.ch\/fr\/wp-json\/wp\/v2\/media?parent=126296"}],"wp:term":[{"taxonomy":"product_brand","embeddable":true,"href":"https:\/\/one-horizon.ch\/fr\/wp-json\/wp\/v2\/product_brand?post=126296"},{"taxonomy":"product_cat","embeddable":true,"href":"https:\/\/one-horizon.ch\/fr\/wp-json\/wp\/v2\/product_cat?post=126296"},{"taxonomy":"product_tag","embeddable":true,"href":"https:\/\/one-horizon.ch\/fr\/wp-json\/wp\/v2\/product_tag?post=126296"}],"curies":[{"name":"wp","href":"https:\/\/api.w.org\/{rel}","templated":true}]}}