{"id":126307,"date":"2026-05-08T17:28:14","date_gmt":"2026-05-08T15:28:14","guid":{"rendered":"https:\/\/one-horizon.ch\/product\/margelisch-nuria-3-laptoprucksack\/"},"modified":"2026-05-08T17:28:14","modified_gmt":"2026-05-08T15:28:14","slug":"margelisch-nuria-3-laptoprucksack","status":"publish","type":"product","link":"https:\/\/one-horizon.ch\/fr\/product\/margelisch-nuria-3-laptoprucksack\/","title":{"rendered":"Nuria 3"},"content":{"rendered":"<p>Le <strong>Nuria 3<\/strong> de Margelisch est le plus polyvalent des sacs \u00e0 dos en cuir : Utilis\u00e9 comme sac \u00e0 dos pour ordinateur portable au travail ou comme sac \u00e0 bandouli\u00e8re au quotidien, il s&#8217;adapte \u00e0 toutes les situations. Les bretelles amovibles du sac \u00e0 dos et une rallonge de sangle fournie font de cette transformation un jeu d&#8217;enfant. <\/p>\n<h2>Deux fa\u00e7ons de porter, un sac \u00e0 dos<\/h2>\n<p>Le compartiment pour ordinateur portable de 14 pouces est rembourr\u00e9, tandis qu&#8217;\u00e0 l&#8217;arri\u00e8re, une poche verticale zipp\u00e9e permet de ranger une tablette. Deux pochettes \u00e0 l&#8217;int\u00e9rieur permettent de tout garder en ordre. Le cuir de vache certifi\u00e9 LWG est fabriqu\u00e9 \u00e0 la main et certifi\u00e9 BSCI.  <\/p>\n<h2>D\u00e9tails techniques<\/h2>\n<ul>\n<li><strong>Dimensions :<\/strong> 28 \u00d7 13 \u00d7 33 cm (L \u00d7 P \u00d7 H)<\/li>\n<li><strong>Poids :<\/strong> 730 g<\/li>\n<li><strong>Volume :<\/strong> 7,7 litres<\/li>\n<li><strong>Compartiment pour ordinateur portable :<\/strong> jusqu&#8217;\u00e0 14 pouces, rembourr\u00e9<\/li>\n<li><strong>Mat\u00e9riau :<\/strong> cuir de vache, certifi\u00e9 LWG<\/li>\n<li><strong>Mode de transport :<\/strong> Sac \u00e0 dos ou sac \u00e0 bandouli\u00e8re (2 en 1)<\/li>\n<\/ul>\n","protected":false},"excerpt":{"rendered":"<p>Le Nuria 3 de Margelisch est un sac \u00e0 dos en cuir pour ordinateur portable et un sac \u00e0 bandouli\u00e8re 2 en 1 &#8211; cuir de vachette certifi\u00e9 LWG, compartiment pour ordinateur portable 14&#8221;, bandouli\u00e8re amovible pour sac \u00e0 dos. Dimensions : 28\u00d713\u00d733 cm, 730 g. <\/p>\n","protected":false},"featured_media":125446,"comment_status":"open","ping_status":"closed","template":"","meta":{"_acf_changed":false},"product_brand":[3019],"product_cat":[867],"product_tag":[3292,3295],"class_list":{"0":"post-126307","1":"product","2":"type-product","3":"status-publish","4":"has-post-thumbnail","6":"product_brand-margelisch","7":"product_cat-sacs-a-dos","8":"product_tag-pour-lui","9":"product_tag-pour-vous","10":"pa_farbe-gris","11":"pa_farbe-noir","12":"pa_farbe-vert","14":"first","15":"onbackorder","16":"taxable","17":"shipping-taxable","18":"purchasable","19":"product-type-variable"},"acf":[],"_links":{"self":[{"href":"https:\/\/one-horizon.ch\/fr\/wp-json\/wp\/v2\/product\/126307","targetHints":{"allow":["GET"]}}],"collection":[{"href":"https:\/\/one-horizon.ch\/fr\/wp-json\/wp\/v2\/product"}],"about":[{"href":"https:\/\/one-horizon.ch\/fr\/wp-json\/wp\/v2\/types\/product"}],"replies":[{"embeddable":true,"href":"https:\/\/one-horizon.ch\/fr\/wp-json\/wp\/v2\/comments?post=126307"}],"wp:featuredmedia":[{"embeddable":true,"href":"https:\/\/one-horizon.ch\/fr\/wp-json\/wp\/v2\/media\/125446"}],"wp:attachment":[{"href":"https:\/\/one-horizon.ch\/fr\/wp-json\/wp\/v2\/media?parent=126307"}],"wp:term":[{"taxonomy":"product_brand","embeddable":true,"href":"https:\/\/one-horizon.ch\/fr\/wp-json\/wp\/v2\/product_brand?post=126307"},{"taxonomy":"product_cat","embeddable":true,"href":"https:\/\/one-horizon.ch\/fr\/wp-json\/wp\/v2\/product_cat?post=126307"},{"taxonomy":"product_tag","embeddable":true,"href":"https:\/\/one-horizon.ch\/fr\/wp-json\/wp\/v2\/product_tag?post=126307"}],"curies":[{"name":"wp","href":"https:\/\/api.w.org\/{rel}","templated":true}]}}