{"id":126314,"date":"2026-05-08T17:27:57","date_gmt":"2026-05-08T15:27:57","guid":{"rendered":"https:\/\/one-horizon.ch\/product\/margelisch-una-1-umhaengetasche\/"},"modified":"2026-05-08T17:27:57","modified_gmt":"2026-05-08T15:27:57","slug":"margelisch-una-1-umhaengetasche","status":"publish","type":"product","link":"https:\/\/one-horizon.ch\/fr\/product\/margelisch-una-1-umhaengetasche\/","title":{"rendered":"Una 1"},"content":{"rendered":"<p>Le <strong>Una 1<\/strong> de Margelisch est un sac \u00e0 bandouli\u00e8re fin en cuir de vache certifi\u00e9 LWG pour une utilisation quotidienne. La poche verticale zipp\u00e9e \u00e0 l&#8217;avant, avec une glissi\u00e8re s\u00e9curis\u00e9e par un bouton-pression, est une caract\u00e9ristique de conception \u00e9l\u00e9gante qui le distingue des sacs ordinaires. <\/p>\n<h2>Pratique et \u00e9l\u00e9gant<\/h2>\n<p>Deux poches et une poche zipp\u00e9e \u00e0 l&#8217;int\u00e9rieur permettent de garder de l&#8217;ordre au quotidien. Le cuir certifi\u00e9 LWG est fabriqu\u00e9 \u00e0 la main dans le cadre d&#8217;une production certifi\u00e9e BSCI &#8211; durable et soucieuse de la qualit\u00e9. <\/p>\n<h2>D\u00e9tails techniques<\/h2>\n<ul>\n<li><strong>Dimensions :<\/strong> 23 \u00d7 7 \u00d7 18 cm (L \u00d7 P \u00d7 H)<\/li>\n<li><strong>Poids :<\/strong> 350 g<\/li>\n<li><strong>Volume :<\/strong> 2,8 litres<\/li>\n<li><strong>Mat\u00e9riau :<\/strong> cuir de vache, certifi\u00e9 LWG<\/li>\n<li><strong>Ext\u00e9rieur :<\/strong> poche verticale zipp\u00e9e, acc\u00e8s zipp\u00e9<\/li>\n<\/ul>\n","protected":false},"excerpt":{"rendered":"<p>Le Una 1 de Margelisch est un \u00e9l\u00e9gant compagnon de tous les jours en cuir de vache certifi\u00e9 LWG &#8211; avec une poche verticale zipp\u00e9e \u00e0 l&#8217;ext\u00e9rieur et 2 poches \u00e0 l&#8217;int\u00e9rieur. Dimensions : 23\u00d77\u00d718 cm, 350 g. <\/p>\n","protected":false},"featured_media":125437,"comment_status":"open","ping_status":"closed","template":"","meta":{"_acf_changed":false},"product_brand":[3019],"product_cat":[2519],"product_tag":[3292,3295],"class_list":{"0":"post-126314","1":"product","2":"type-product","3":"status-publish","4":"has-post-thumbnail","6":"product_brand-margelisch","7":"product_cat-sac-a-bandouliere","8":"product_tag-pour-lui","9":"product_tag-pour-vous","10":"pa_farbe-bordeaux","11":"pa_farbe-gris","12":"pa_farbe-jaune","13":"pa_farbe-noir","14":"pa_farbe-petrole","16":"first","17":"onbackorder","18":"taxable","19":"shipping-taxable","20":"purchasable","21":"product-type-variable"},"acf":[],"_links":{"self":[{"href":"https:\/\/one-horizon.ch\/fr\/wp-json\/wp\/v2\/product\/126314","targetHints":{"allow":["GET"]}}],"collection":[{"href":"https:\/\/one-horizon.ch\/fr\/wp-json\/wp\/v2\/product"}],"about":[{"href":"https:\/\/one-horizon.ch\/fr\/wp-json\/wp\/v2\/types\/product"}],"replies":[{"embeddable":true,"href":"https:\/\/one-horizon.ch\/fr\/wp-json\/wp\/v2\/comments?post=126314"}],"wp:featuredmedia":[{"embeddable":true,"href":"https:\/\/one-horizon.ch\/fr\/wp-json\/wp\/v2\/media\/125437"}],"wp:attachment":[{"href":"https:\/\/one-horizon.ch\/fr\/wp-json\/wp\/v2\/media?parent=126314"}],"wp:term":[{"taxonomy":"product_brand","embeddable":true,"href":"https:\/\/one-horizon.ch\/fr\/wp-json\/wp\/v2\/product_brand?post=126314"},{"taxonomy":"product_cat","embeddable":true,"href":"https:\/\/one-horizon.ch\/fr\/wp-json\/wp\/v2\/product_cat?post=126314"},{"taxonomy":"product_tag","embeddable":true,"href":"https:\/\/one-horizon.ch\/fr\/wp-json\/wp\/v2\/product_tag?post=126314"}],"curies":[{"name":"wp","href":"https:\/\/api.w.org\/{rel}","templated":true}]}}