{"id":126319,"date":"2026-05-08T17:27:39","date_gmt":"2026-05-08T15:27:39","guid":{"rendered":"https:\/\/one-horizon.ch\/product\/margelisch-neffel-1-umhaengetasche\/"},"modified":"2026-05-08T17:27:39","modified_gmt":"2026-05-08T15:27:39","slug":"margelisch-neffel-1-umhaengetasche","status":"publish","type":"product","link":"https:\/\/one-horizon.ch\/fr\/product\/margelisch-neffel-1-umhaengetasche\/","title":{"rendered":"Neffel 1"},"content":{"rendered":"<p>Le <strong>Neffel 1<\/strong> de Margelisch est con\u00e7u pour \u00eatre organis\u00e9 : Le rabat avec fermeture magn\u00e9tique et compartiment zipp\u00e9 int\u00e9gr\u00e9, l&#8217;acc\u00e8s principal zipp\u00e9 et le compartiment zipp\u00e9 arri\u00e8re permettent d&#8217;acc\u00e9der rapidement \u00e0 tout ce qui est important. Le cuir de vache certifi\u00e9 LWG est fait main et certifi\u00e9 BSCI. <\/p>\n<h2>Tout \u00e0 port\u00e9e de main<\/h2>\n<p>\u00c0 l&#8217;int\u00e9rieur, deux poches et une poche zipp\u00e9e permettent de ranger les objets du quotidien. Le Neffel 1 est le compagnon id\u00e9al de tous ceux qui aiment garder une vue d&#8217;ensemble. <\/p>\n<h2>D\u00e9tails techniques<\/h2>\n<ul>\n<li><strong>Dimensions :<\/strong> 26 \u00d7 8 \u00d7 17 cm (L \u00d7 P \u00d7 H)<\/li>\n<li><strong>Poids :<\/strong> 400 g<\/li>\n<li><strong>Volume :<\/strong> 3,5 litres<\/li>\n<li><strong>Mat\u00e9riau :<\/strong> cuir de vache, certifi\u00e9 LWG<\/li>\n<li><strong>Ext\u00e9rieur :<\/strong> Rabat magn\u00e9tique + poche zipp\u00e9e, acc\u00e8s zipp\u00e9, poche zipp\u00e9e \u00e0 l&#8217;arri\u00e8re<\/li>\n<\/ul>\n","protected":false},"excerpt":{"rendered":"<p>Le Neffel 1 de Margelisch est le sac \u00e0 bandouli\u00e8re le plus ordonn\u00e9 &#8211; cuir de vache certifi\u00e9 LWG, rabat \u00e0 fermeture magn\u00e9tique, poche arri\u00e8re zipp\u00e9e. Dimensions : 26\u00d78\u00d717 cm, 400 g. <\/p>\n","protected":false},"featured_media":125428,"comment_status":"open","ping_status":"closed","template":"","meta":{"_acf_changed":false},"product_brand":[3019],"product_cat":[2519],"product_tag":[3292,3295],"class_list":{"0":"post-126319","1":"product","2":"type-product","3":"status-publish","4":"has-post-thumbnail","6":"product_brand-margelisch","7":"product_cat-sac-a-bandouliere","8":"product_tag-pour-lui","9":"product_tag-pour-vous","10":"pa_farbe-jaune","11":"pa_farbe-marron-fonce","12":"pa_farbe-vert","14":"first","15":"onbackorder","16":"taxable","17":"shipping-taxable","18":"purchasable","19":"product-type-variable"},"acf":[],"_links":{"self":[{"href":"https:\/\/one-horizon.ch\/fr\/wp-json\/wp\/v2\/product\/126319","targetHints":{"allow":["GET"]}}],"collection":[{"href":"https:\/\/one-horizon.ch\/fr\/wp-json\/wp\/v2\/product"}],"about":[{"href":"https:\/\/one-horizon.ch\/fr\/wp-json\/wp\/v2\/types\/product"}],"replies":[{"embeddable":true,"href":"https:\/\/one-horizon.ch\/fr\/wp-json\/wp\/v2\/comments?post=126319"}],"wp:featuredmedia":[{"embeddable":true,"href":"https:\/\/one-horizon.ch\/fr\/wp-json\/wp\/v2\/media\/125428"}],"wp:attachment":[{"href":"https:\/\/one-horizon.ch\/fr\/wp-json\/wp\/v2\/media?parent=126319"}],"wp:term":[{"taxonomy":"product_brand","embeddable":true,"href":"https:\/\/one-horizon.ch\/fr\/wp-json\/wp\/v2\/product_brand?post=126319"},{"taxonomy":"product_cat","embeddable":true,"href":"https:\/\/one-horizon.ch\/fr\/wp-json\/wp\/v2\/product_cat?post=126319"},{"taxonomy":"product_tag","embeddable":true,"href":"https:\/\/one-horizon.ch\/fr\/wp-json\/wp\/v2\/product_tag?post=126319"}],"curies":[{"name":"wp","href":"https:\/\/api.w.org\/{rel}","templated":true}]}}