{"id":126341,"date":"2026-05-08T20:17:23","date_gmt":"2026-05-08T18:17:23","guid":{"rendered":"https:\/\/one-horizon.ch\/product\/rfid-geldborse-texas-2-margelisch\/"},"modified":"2026-05-08T20:17:23","modified_gmt":"2026-05-08T18:17:23","slug":"rfid-geldborse-texas-2-margelisch","status":"publish","type":"product","link":"https:\/\/one-horizon.ch\/fr\/product\/rfid-geldborse-texas-2-margelisch\/","title":{"rendered":"Porte-monnaie en cuir RFID Texas 2"},"content":{"rendered":"<p>Le <strong>porte-monnaie RFID Texas 2<\/strong> de MARGELISCH est synonyme de design rectiligne sans fioritures. Cuir de vache issu d&#8217;<strong>une production certifi\u00e9e LWG<\/strong>, certifi\u00e9 BSCI. <\/p>\n<h2>Protection RFID<\/h2>\n<p>Prot\u00e8ge efficacement vos cartes de cr\u00e9dit et vos cartes d&#8217;identit\u00e9 au quotidien.<\/p>\n<h2>\u00c9quipement<\/h2>\n<ul>\n<li>Fentes pour cartes<\/li>\n<li>Fente pour billets<\/li>\n<li>Protection RFID<\/li>\n<\/ul>\n<h2>Mat\u00e9riaux et dimensions<\/h2>\n<ul>\n<li>Cuir de vache, certifi\u00e9 LWG<\/li>\n<li><strong>L\/P\/H :<\/strong> 9,5 \u00d7 1,5 \u00d7 9 cm<\/li>\n<li><strong>Poids :<\/strong> environ 70 g<\/li>\n<\/ul>\n","protected":false},"excerpt":{"rendered":"<p>Portefeuille mince en cuir RFID Texas 2 de MARGELISCH, en cuir de vache certifi\u00e9 LWG. Format compact avec protection RFID et compartiments pour cartes &#8211; rectiligne et adapt\u00e9 \u00e0 la vie quotidienne. <\/p>\n","protected":false},"featured_media":0,"comment_status":"open","ping_status":"closed","template":"","meta":{"_acf_changed":false},"product_brand":[3019],"product_cat":[1908],"product_tag":[3292,3295],"class_list":{"0":"post-126341","1":"product","2":"type-product","3":"status-publish","5":"product_brand-margelisch","6":"product_cat-portefeuille","7":"product_tag-pour-lui","8":"product_tag-pour-vous","9":"pa_farbe-bleu-acier","10":"pa_farbe-noir","12":"first","13":"outofstock","14":"taxable","15":"shipping-taxable","16":"purchasable","17":"product-type-variable"},"acf":[],"_links":{"self":[{"href":"https:\/\/one-horizon.ch\/fr\/wp-json\/wp\/v2\/product\/126341","targetHints":{"allow":["GET"]}}],"collection":[{"href":"https:\/\/one-horizon.ch\/fr\/wp-json\/wp\/v2\/product"}],"about":[{"href":"https:\/\/one-horizon.ch\/fr\/wp-json\/wp\/v2\/types\/product"}],"replies":[{"embeddable":true,"href":"https:\/\/one-horizon.ch\/fr\/wp-json\/wp\/v2\/comments?post=126341"}],"wp:attachment":[{"href":"https:\/\/one-horizon.ch\/fr\/wp-json\/wp\/v2\/media?parent=126341"}],"wp:term":[{"taxonomy":"product_brand","embeddable":true,"href":"https:\/\/one-horizon.ch\/fr\/wp-json\/wp\/v2\/product_brand?post=126341"},{"taxonomy":"product_cat","embeddable":true,"href":"https:\/\/one-horizon.ch\/fr\/wp-json\/wp\/v2\/product_cat?post=126341"},{"taxonomy":"product_tag","embeddable":true,"href":"https:\/\/one-horizon.ch\/fr\/wp-json\/wp\/v2\/product_tag?post=126341"}],"curies":[{"name":"wp","href":"https:\/\/api.w.org\/{rel}","templated":true}]}}