{"id":126349,"date":"2026-05-08T17:27:45","date_gmt":"2026-05-08T15:27:45","guid":{"rendered":"https:\/\/one-horizon.ch\/product\/margelisch-cedel-1-laptop-umhaengetasche\/"},"modified":"2026-05-08T17:27:45","modified_gmt":"2026-05-08T15:27:45","slug":"margelisch-cedel-1-laptop-umhaengetasche","status":"publish","type":"product","link":"https:\/\/one-horizon.ch\/fr\/product\/margelisch-cedel-1-laptop-umhaengetasche\/","title":{"rendered":"Cedel 1"},"content":{"rendered":"<p>Le <strong>Cedel 1<\/strong> de Margelisch prouve qu&#8217;un sac de bureau peut aussi \u00eatre chic. Ce sac \u00e0 bandouli\u00e8re pour ordinateur portable en cuir de vache certifi\u00e9 LWG est dot\u00e9 de nombreux d\u00e9tails travaill\u00e9s \u00e0 la main &#8211; un compagnon de tous les jours qui allie style et fonctionnalit\u00e9. <\/p>\n<h2>Con\u00e7u pour le travail quotidien<\/h2>\n<p>Le compartiment rembourr\u00e9 pour ordinateur portable de 15 pouces prot\u00e8ge efficacement l&#8217;appareil. Deux pochettes, une poche zipp\u00e9e et une poche frontale \u00e0 bouton-pression permettent de ranger tout le reste. Le cuir de vache provient d&#8217;une production certifi\u00e9e LWG et le site de production est certifi\u00e9 BSCI.  <\/p>\n<h2>D\u00e9tails techniques<\/h2>\n<ul>\n<li><strong>Dimensions :<\/strong> 33 \u00d7 12 \u00d7 36 cm (L \u00d7 P \u00d7 H)<\/li>\n<li><strong>Poids :<\/strong> 770 g<\/li>\n<li><strong>Volume :<\/strong> 14,2 litres<\/li>\n<li><strong>Compartiment pour ordinateur portable :<\/strong> jusqu&#8217;\u00e0 15 pouces, rembourr\u00e9<\/li>\n<li><strong>Mat\u00e9riau :<\/strong> cuir de vache, certifi\u00e9 LWG<\/li>\n<\/ul>\n","protected":false},"excerpt":{"rendered":"<p>Le Cedel 1 de Margelisch est un sac \u00e0 bandouli\u00e8re chic pour ordinateur portable en cuir de vache certifi\u00e9 LWG &#8211; compartiment rembourr\u00e9 pour ordinateur portable 15&#8221;, 2 poches, poche frontale \u00e0 bouton-pression. Dimensions : 33\u00d712\u00d736 cm, 770 g. <\/p>\n","protected":false},"featured_media":125431,"comment_status":"open","ping_status":"closed","template":"","meta":{"_acf_changed":false},"product_brand":[3019],"product_cat":[2519],"product_tag":[3292,3295],"class_list":{"0":"post-126349","1":"product","2":"type-product","3":"status-publish","4":"has-post-thumbnail","6":"product_brand-margelisch","7":"product_cat-sac-a-bandouliere","8":"product_tag-pour-lui","9":"product_tag-pour-vous","10":"pa_farbe-gris","11":"pa_farbe-marron-fonce","12":"pa_farbe-noir","14":"first","15":"onbackorder","16":"taxable","17":"shipping-taxable","18":"purchasable","19":"product-type-variable"},"acf":[],"_links":{"self":[{"href":"https:\/\/one-horizon.ch\/fr\/wp-json\/wp\/v2\/product\/126349","targetHints":{"allow":["GET"]}}],"collection":[{"href":"https:\/\/one-horizon.ch\/fr\/wp-json\/wp\/v2\/product"}],"about":[{"href":"https:\/\/one-horizon.ch\/fr\/wp-json\/wp\/v2\/types\/product"}],"replies":[{"embeddable":true,"href":"https:\/\/one-horizon.ch\/fr\/wp-json\/wp\/v2\/comments?post=126349"}],"wp:featuredmedia":[{"embeddable":true,"href":"https:\/\/one-horizon.ch\/fr\/wp-json\/wp\/v2\/media\/125431"}],"wp:attachment":[{"href":"https:\/\/one-horizon.ch\/fr\/wp-json\/wp\/v2\/media?parent=126349"}],"wp:term":[{"taxonomy":"product_brand","embeddable":true,"href":"https:\/\/one-horizon.ch\/fr\/wp-json\/wp\/v2\/product_brand?post=126349"},{"taxonomy":"product_cat","embeddable":true,"href":"https:\/\/one-horizon.ch\/fr\/wp-json\/wp\/v2\/product_cat?post=126349"},{"taxonomy":"product_tag","embeddable":true,"href":"https:\/\/one-horizon.ch\/fr\/wp-json\/wp\/v2\/product_tag?post=126349"}],"curies":[{"name":"wp","href":"https:\/\/api.w.org\/{rel}","templated":true}]}}