{"id":126367,"date":"2026-05-08T20:16:56","date_gmt":"2026-05-08T18:16:56","guid":{"rendered":"https:\/\/one-horizon.ch\/product\/rfid-geldborse-london-2-margelisch\/"},"modified":"2026-05-08T20:16:56","modified_gmt":"2026-05-08T18:16:56","slug":"rfid-geldborse-london-2-margelisch","status":"publish","type":"product","link":"https:\/\/one-horizon.ch\/fr\/product\/rfid-geldborse-london-2-margelisch\/","title":{"rendered":"Porte-monnaie en cuir RFID London 2"},"content":{"rendered":"<p>Le <strong>porte-monnaie RFID London 2<\/strong> de MARGELISCH est synonyme de style britannique dans des couleurs naturelles sobres. Cuir de vache issu d&#8217;<strong>une production certifi\u00e9e LWG<\/strong>, certifi\u00e9 BSCI. <\/p>\n<h2>Protection RFID<\/h2>\n<p>Protection RFID int\u00e9gr\u00e9e pour des transactions s\u00e9curis\u00e9es au quotidien.<\/p>\n<h2>\u00c9quipement<\/h2>\n<ul>\n<li>Plusieurs fentes pour cartes<\/li>\n<li>Compartiment \u00e0 monnaie avec fermeture \u00e0 glissi\u00e8re<\/li>\n<li>Fente pour billets<\/li>\n<li>Protection RFID<\/li>\n<\/ul>\n<h2>Mat\u00e9riaux et dimensions<\/h2>\n<ul>\n<li>Cuir de vache, certifi\u00e9 LWG<\/li>\n<li><strong>L\/P\/H :<\/strong> 10 \u00d7 2 \u00d7 9 cm<\/li>\n<li><strong>Poids :<\/strong> environ 90 g<\/li>\n<\/ul>\n","protected":false},"excerpt":{"rendered":"<p>Porte-monnaie en cuir RFID London 2 de MARGELISCH en cuir de vache certifi\u00e9 LWG dans des tons naturels. Avec protection RFID, poche pour la monnaie et plusieurs compartiments pour cartes &#8211; classique et adapt\u00e9 \u00e0 la vie quotidienne. <\/p>\n","protected":false},"featured_media":0,"comment_status":"open","ping_status":"closed","template":"","meta":{"_acf_changed":false},"product_brand":[3019],"product_cat":[1908],"product_tag":[3292,3295],"class_list":{"0":"post-126367","1":"product","2":"type-product","3":"status-publish","5":"product_brand-margelisch","6":"product_cat-portefeuille","7":"product_tag-pour-lui","8":"product_tag-pour-vous","9":"pa_farbe-ananas-fr","10":"pa_farbe-bleu-acier","11":"pa_farbe-boue","12":"pa_farbe-noir","13":"pa_farbe-olive-fr","14":"pa_farbe-rouge-vin","16":"first","17":"outofstock","18":"taxable","19":"shipping-taxable","20":"purchasable","21":"product-type-variable"},"acf":[],"_links":{"self":[{"href":"https:\/\/one-horizon.ch\/fr\/wp-json\/wp\/v2\/product\/126367","targetHints":{"allow":["GET"]}}],"collection":[{"href":"https:\/\/one-horizon.ch\/fr\/wp-json\/wp\/v2\/product"}],"about":[{"href":"https:\/\/one-horizon.ch\/fr\/wp-json\/wp\/v2\/types\/product"}],"replies":[{"embeddable":true,"href":"https:\/\/one-horizon.ch\/fr\/wp-json\/wp\/v2\/comments?post=126367"}],"wp:attachment":[{"href":"https:\/\/one-horizon.ch\/fr\/wp-json\/wp\/v2\/media?parent=126367"}],"wp:term":[{"taxonomy":"product_brand","embeddable":true,"href":"https:\/\/one-horizon.ch\/fr\/wp-json\/wp\/v2\/product_brand?post=126367"},{"taxonomy":"product_cat","embeddable":true,"href":"https:\/\/one-horizon.ch\/fr\/wp-json\/wp\/v2\/product_cat?post=126367"},{"taxonomy":"product_tag","embeddable":true,"href":"https:\/\/one-horizon.ch\/fr\/wp-json\/wp\/v2\/product_tag?post=126367"}],"curies":[{"name":"wp","href":"https:\/\/api.w.org\/{rel}","templated":true}]}}