{"id":126391,"date":"2026-05-08T20:17:06","date_gmt":"2026-05-08T18:17:06","guid":{"rendered":"https:\/\/one-horizon.ch\/product\/rfid-geldborse-berlin-2-margelisch\/"},"modified":"2026-05-08T20:17:06","modified_gmt":"2026-05-08T18:17:06","slug":"rfid-geldborse-berlin-2-margelisch","status":"publish","type":"product","link":"https:\/\/one-horizon.ch\/fr\/product\/rfid-geldborse-berlin-2-margelisch\/","title":{"rendered":"Porte-monnaie en cuir RFID Berlin 2"},"content":{"rendered":"<p>Le <strong>porte-monnaie RFID Berlin 2<\/strong> de MARGELISCH est le mod\u00e8le haut de gamme de la collection &#8211; g\u00e9n\u00e9reux, de grande qualit\u00e9, intemporel. Cuir de vachette issu d&#8217;<strong>une production certifi\u00e9e LWG<\/strong>. <\/p>\n<h2>Protection RFID<\/h2>\n<p>Protection RFID compl\u00e8te pour tous les moyens de paiement et les cartes d&#8217;identit\u00e9.<\/p>\n<h2>\u00c9quipement<\/h2>\n<ul>\n<li>Grandes fentes pour cartes<\/li>\n<li>Compartiment \u00e0 monnaie avec fermeture \u00e0 glissi\u00e8re<\/li>\n<li>Plusieurs fentes pour billets de banque<\/li>\n<li>Protection RFID<\/li>\n<\/ul>\n<h2>Mat\u00e9riaux et dimensions<\/h2>\n<ul>\n<li>Cuir de vache, certifi\u00e9 LWG<\/li>\n<li><strong>L\/P\/H :<\/strong> 10 \u00d7 2,5 \u00d7 9,5 cm<\/li>\n<li><strong>Poids :<\/strong> environ 110 g<\/li>\n<\/ul>\n","protected":false},"excerpt":{"rendered":"<p>Porte-monnaie Premium en cuir RFID Berlin 2 de MARGELISCH, en cuir de vachette certifi\u00e9 LWG. Capacit\u00e9 g\u00e9n\u00e9reuse, protection RFID et style berlinois dans des couleurs naturelles intemporelles. <\/p>\n","protected":false},"featured_media":0,"comment_status":"open","ping_status":"closed","template":"","meta":{"_acf_changed":false},"product_brand":[3019],"product_cat":[1908],"product_tag":[3292,3295],"class_list":{"0":"post-126391","1":"product","2":"type-product","3":"status-publish","5":"product_brand-margelisch","6":"product_cat-portefeuille","7":"product_tag-pour-lui","8":"product_tag-pour-vous","9":"pa_farbe-ananas-fr","10":"pa_farbe-bleu-acier","11":"pa_farbe-boue","12":"pa_farbe-noir","13":"pa_farbe-olive-fr","14":"pa_farbe-rouge-vin","16":"first","17":"outofstock","18":"taxable","19":"shipping-taxable","20":"purchasable","21":"product-type-variable"},"acf":[],"_links":{"self":[{"href":"https:\/\/one-horizon.ch\/fr\/wp-json\/wp\/v2\/product\/126391","targetHints":{"allow":["GET"]}}],"collection":[{"href":"https:\/\/one-horizon.ch\/fr\/wp-json\/wp\/v2\/product"}],"about":[{"href":"https:\/\/one-horizon.ch\/fr\/wp-json\/wp\/v2\/types\/product"}],"replies":[{"embeddable":true,"href":"https:\/\/one-horizon.ch\/fr\/wp-json\/wp\/v2\/comments?post=126391"}],"wp:attachment":[{"href":"https:\/\/one-horizon.ch\/fr\/wp-json\/wp\/v2\/media?parent=126391"}],"wp:term":[{"taxonomy":"product_brand","embeddable":true,"href":"https:\/\/one-horizon.ch\/fr\/wp-json\/wp\/v2\/product_brand?post=126391"},{"taxonomy":"product_cat","embeddable":true,"href":"https:\/\/one-horizon.ch\/fr\/wp-json\/wp\/v2\/product_cat?post=126391"},{"taxonomy":"product_tag","embeddable":true,"href":"https:\/\/one-horizon.ch\/fr\/wp-json\/wp\/v2\/product_tag?post=126391"}],"curies":[{"name":"wp","href":"https:\/\/api.w.org\/{rel}","templated":true}]}}