{"id":126454,"date":"2026-05-08T20:06:16","date_gmt":"2026-05-08T18:06:16","guid":{"rendered":"https:\/\/one-horizon.ch\/product\/rpet-kulturbeutel-wamu-002\/"},"modified":"2026-05-08T20:06:16","modified_gmt":"2026-05-08T18:06:16","slug":"rpet-kulturbeutel-wamu-002","status":"publish","type":"product","link":"https:\/\/one-horizon.ch\/fr\/product\/rpet-kulturbeutel-wamu-002\/","title":{"rendered":"Trousse de toilette RPET Wamu-002"},"content":{"rendered":"<p>La <strong>trousse de toilette Wamu-002<\/strong> de MARGELISCH est votre compagnon id\u00e9al pour les voyages, la vie quotidienne ou la salle de sport. Fabriqu\u00e9e en <strong>PET recycl\u00e9 avec certification GRS<\/strong> et rev\u00eatement imperm\u00e9able PU\/TPU. <\/p>\n<h2>Durable &amp; fonctionnel<\/h2>\n<p>Le mat\u00e9riau sup\u00e9rieur et int\u00e9rieur est compos\u00e9 \u00e0 98% de rPET. Le rev\u00eatement hydrofuge prot\u00e8ge efficacement vos produits de soin de l&#8217;humidit\u00e9. <\/p>\n<h2>\u00c9quipement<\/h2>\n<ul>\n<li>Acc\u00e8s principal par fermeture \u00e0 glissi\u00e8re<\/li>\n<li>Poche zipp\u00e9e \u00e0 l&#8217;avant et \u00e0 l&#8217;arri\u00e8re<\/li>\n<li>Poche int\u00e9rieure et poche zipp\u00e9e<\/li>\n<li>Mat\u00e9riau l\u00e9ger et robuste<\/li>\n<\/ul>\n<h2>Masse et volume<\/h2>\n<ul>\n<li><strong>L\/P\/H :<\/strong> 24 \u00d7 10 \u00d7 15 cm<\/li>\n<li><strong>Volume :<\/strong> 3 litres<\/li>\n<\/ul>\n","protected":false},"excerpt":{"rendered":"<p>Trousse de toilette l\u00e9g\u00e8re en RPET Wamu-002 de MARGELISCH, en PET recycl\u00e9 certifi\u00e9 GRS avec rev\u00eatement imperm\u00e9able en PU\/TPU. 3 litres, 24\u00d710\u00d715 cm. Id\u00e9al pour les voyages et la vie quotidienne.  <\/p>\n","protected":false},"featured_media":125656,"comment_status":"open","ping_status":"closed","template":"","meta":{"_acf_changed":false},"product_brand":[3019],"product_cat":[1294],"product_tag":[3292,3295],"class_list":{"0":"post-126454","1":"product","2":"type-product","3":"status-publish","4":"has-post-thumbnail","6":"product_brand-margelisch","7":"product_cat-necessaires-fr","8":"product_tag-pour-lui","9":"product_tag-pour-vous","10":"pa_farbe-marron","11":"pa_farbe-petrole","12":"pa_farbe-rouge","13":"pa_farbe-vert-citron-2","14":"pa_farbe-vert-jungle","16":"first","17":"onbackorder","18":"taxable","19":"shipping-taxable","20":"purchasable","21":"product-type-variable"},"acf":[],"_links":{"self":[{"href":"https:\/\/one-horizon.ch\/fr\/wp-json\/wp\/v2\/product\/126454","targetHints":{"allow":["GET"]}}],"collection":[{"href":"https:\/\/one-horizon.ch\/fr\/wp-json\/wp\/v2\/product"}],"about":[{"href":"https:\/\/one-horizon.ch\/fr\/wp-json\/wp\/v2\/types\/product"}],"replies":[{"embeddable":true,"href":"https:\/\/one-horizon.ch\/fr\/wp-json\/wp\/v2\/comments?post=126454"}],"wp:featuredmedia":[{"embeddable":true,"href":"https:\/\/one-horizon.ch\/fr\/wp-json\/wp\/v2\/media\/125656"}],"wp:attachment":[{"href":"https:\/\/one-horizon.ch\/fr\/wp-json\/wp\/v2\/media?parent=126454"}],"wp:term":[{"taxonomy":"product_brand","embeddable":true,"href":"https:\/\/one-horizon.ch\/fr\/wp-json\/wp\/v2\/product_brand?post=126454"},{"taxonomy":"product_cat","embeddable":true,"href":"https:\/\/one-horizon.ch\/fr\/wp-json\/wp\/v2\/product_cat?post=126454"},{"taxonomy":"product_tag","embeddable":true,"href":"https:\/\/one-horizon.ch\/fr\/wp-json\/wp\/v2\/product_tag?post=126454"}],"curies":[{"name":"wp","href":"https:\/\/api.w.org\/{rel}","templated":true}]}}