{"id":126480,"date":"2026-05-08T20:06:10","date_gmt":"2026-05-08T18:06:10","guid":{"rendered":"https:\/\/one-horizon.ch\/product\/rolltop-rucksack-terem-001\/"},"modified":"2026-05-08T20:06:10","modified_gmt":"2026-05-08T18:06:10","slug":"rolltop-rucksack-terem-001","status":"publish","type":"product","link":"https:\/\/one-horizon.ch\/fr\/product\/rolltop-rucksack-terem-001\/","title":{"rendered":"Sac \u00e0 dos \u00e0 roulettes Terem-001"},"content":{"rendered":"<p>Le <strong>sac \u00e0 dos Rolltop Terem-001<\/strong> de MARGELISCH combine un design Rolltop intemporel avec des mat\u00e9riaux durables : <strong>98% rPET avec certification GRS<\/strong> et rev\u00eatement \u00e9tanche PU\/TPU.<\/p>\n<h2>Syst\u00e8me Rolltop<\/h2>\n<p>Le syst\u00e8me pratique de rolltop permet de varier le volume et d&#8217;assurer une protection fiable contre la pluie. Extensions zipp\u00e9es suppl\u00e9mentaires dans le rolltop pour plus de flexibilit\u00e9. <\/p>\n<h2>\u00c9quipement<\/h2>\n<ul>\n<li>Acc\u00e8s par roll-top avec extensions zipp\u00e9es<\/li>\n<li>Compartiment s\u00e9par\u00e9 pour ordinateur portable 15<\/li>\n<li>Poche avant zipp\u00e9e<\/li>\n<li>2 poches int\u00e9rieures<\/li>\n<li>Sangle de poitrine r\u00e9glable<\/li>\n<li>Dos rembourr\u00e9<\/li>\n<\/ul>\n<h2>Masse et poids<\/h2>\n<ul>\n<li><strong>L\/P\/H :<\/strong> 28 \u00d7 18 \u00d7 46 cm<\/li>\n<li><strong>Poids :<\/strong> 0,7 kg<\/li>\n<li><strong>Volume :<\/strong> 23 litres<\/li>\n<\/ul>\n","protected":false},"excerpt":{"rendered":"<p>Sac \u00e0 dos \u00e0 roulettes \u00e9l\u00e9gant Terem-001 de MARGELISCH en RPET certifi\u00e9 GRS. Imperm\u00e9able, compartiment pour ordinateur portable 15&#8221;, sangle de poitrine, 23 litres. 28\u00d718\u00d746 cm, 0,7 kg.  <\/p>\n","protected":false},"featured_media":125641,"comment_status":"open","ping_status":"closed","template":"","meta":{"_acf_changed":false},"product_brand":[3019],"product_cat":[867],"product_tag":[3292,3295],"class_list":{"0":"post-126480","1":"product","2":"type-product","3":"status-publish","4":"has-post-thumbnail","6":"product_brand-margelisch","7":"product_cat-sacs-a-dos","8":"product_tag-pour-lui","9":"product_tag-pour-vous","10":"pa_farbe-marron-orange","11":"pa_farbe-noir","12":"pa_farbe-petrole-vert-fonce","14":"first","15":"onbackorder","16":"taxable","17":"shipping-taxable","18":"purchasable","19":"product-type-variable"},"acf":[],"_links":{"self":[{"href":"https:\/\/one-horizon.ch\/fr\/wp-json\/wp\/v2\/product\/126480","targetHints":{"allow":["GET"]}}],"collection":[{"href":"https:\/\/one-horizon.ch\/fr\/wp-json\/wp\/v2\/product"}],"about":[{"href":"https:\/\/one-horizon.ch\/fr\/wp-json\/wp\/v2\/types\/product"}],"replies":[{"embeddable":true,"href":"https:\/\/one-horizon.ch\/fr\/wp-json\/wp\/v2\/comments?post=126480"}],"wp:featuredmedia":[{"embeddable":true,"href":"https:\/\/one-horizon.ch\/fr\/wp-json\/wp\/v2\/media\/125641"}],"wp:attachment":[{"href":"https:\/\/one-horizon.ch\/fr\/wp-json\/wp\/v2\/media?parent=126480"}],"wp:term":[{"taxonomy":"product_brand","embeddable":true,"href":"https:\/\/one-horizon.ch\/fr\/wp-json\/wp\/v2\/product_brand?post=126480"},{"taxonomy":"product_cat","embeddable":true,"href":"https:\/\/one-horizon.ch\/fr\/wp-json\/wp\/v2\/product_cat?post=126480"},{"taxonomy":"product_tag","embeddable":true,"href":"https:\/\/one-horizon.ch\/fr\/wp-json\/wp\/v2\/product_tag?post=126480"}],"curies":[{"name":"wp","href":"https:\/\/api.w.org\/{rel}","templated":true}]}}