{"id":126501,"date":"2026-05-08T20:06:04","date_gmt":"2026-05-08T18:06:04","guid":{"rendered":"https:\/\/one-horizon.ch\/product\/laptop-rucksack-lirn-001\/"},"modified":"2026-05-08T20:06:04","modified_gmt":"2026-05-08T18:06:04","slug":"laptop-rucksack-lirn-001","status":"publish","type":"product","link":"https:\/\/one-horizon.ch\/fr\/product\/laptop-rucksack-lirn-001\/","title":{"rendered":"Sac \u00e0 dos pour ordinateur portable Lirn-001"},"content":{"rendered":"<p>Le <strong>sac \u00e0 dos pour ordinateur portable Lirn-001<\/strong> de MARGELISCH allie un design sportif \u00e0 des mat\u00e9riaux durables : fabriqu\u00e9 en <strong>PET (rPET) recycl\u00e9 \u00e0 98%<\/strong> avec certification GRS et rev\u00eatement imperm\u00e9able PU\/TPU.<\/p>\n<h2>La durabilit\u00e9 rencontre la fonctionnalit\u00e9<\/h2>\n<p>La partie sup\u00e9rieure et la doublure sont en rPET certifi\u00e9 GRS. Les parties rigides, telles que les boucles de ceinture et les anneaux en D, sont fabriqu\u00e9es en polypropyl\u00e8ne recycl\u00e9. <\/p>\n<h2>\u00c9quipement<\/h2>\n<ul>\n<li>Compartiment s\u00e9par\u00e9 pour ordinateur portable 15<\/li>\n<li>Compartiment principal zipp\u00e9 avec poche \u00e0 rabat<\/li>\n<li>2 poches lat\u00e9rales ext\u00e9rieures<\/li>\n<li>2 poches int\u00e9rieures<\/li>\n<li>Sangle de poitrine r\u00e9glable<\/li>\n<li>Dos rembourr\u00e9<\/li>\n<\/ul>\n<h2>Masse et poids<\/h2>\n<ul>\n<li><strong>L\/P\/H :<\/strong> 26 \u00d7 16 \u00d7 45 cm<\/li>\n<li><strong>Poids :<\/strong> 0,95 kg<\/li>\n<li><strong>Volume :<\/strong> 18,5 litres<\/li>\n<\/ul>\n","protected":false},"excerpt":{"rendered":"<p>Sac \u00e0 dos sportif pour ordinateur portable Lirn-001 de MARGELISCH en RPET certifi\u00e9 GRS avec rev\u00eatement imperm\u00e9able PU\/TPU. Compartiment pour ordinateur portable 15&#8221;, 18,5 litres, sangle de poitrine. 26\u00d716\u00d745 cm, 0,95 kg.  <\/p>\n","protected":false},"featured_media":125632,"comment_status":"open","ping_status":"closed","template":"","meta":{"_acf_changed":false},"product_brand":[3019],"product_cat":[867],"product_tag":[3292,3295],"class_list":{"0":"post-126501","1":"product","2":"type-product","3":"status-publish","4":"has-post-thumbnail","6":"product_brand-margelisch","7":"product_cat-sacs-a-dos","8":"product_tag-pour-lui","9":"product_tag-pour-vous","10":"pa_farbe-blanc-rose-clair","11":"pa_farbe-lime-blanc","12":"pa_farbe-noir","13":"pa_farbe-petrole-gris-brume","14":"pa_farbe-rouille-noir","15":"pa_farbe-vert-olive-mousse","17":"first","18":"onbackorder","19":"taxable","20":"shipping-taxable","21":"purchasable","22":"product-type-variable"},"acf":[],"_links":{"self":[{"href":"https:\/\/one-horizon.ch\/fr\/wp-json\/wp\/v2\/product\/126501","targetHints":{"allow":["GET"]}}],"collection":[{"href":"https:\/\/one-horizon.ch\/fr\/wp-json\/wp\/v2\/product"}],"about":[{"href":"https:\/\/one-horizon.ch\/fr\/wp-json\/wp\/v2\/types\/product"}],"replies":[{"embeddable":true,"href":"https:\/\/one-horizon.ch\/fr\/wp-json\/wp\/v2\/comments?post=126501"}],"wp:featuredmedia":[{"embeddable":true,"href":"https:\/\/one-horizon.ch\/fr\/wp-json\/wp\/v2\/media\/125632"}],"wp:attachment":[{"href":"https:\/\/one-horizon.ch\/fr\/wp-json\/wp\/v2\/media?parent=126501"}],"wp:term":[{"taxonomy":"product_brand","embeddable":true,"href":"https:\/\/one-horizon.ch\/fr\/wp-json\/wp\/v2\/product_brand?post=126501"},{"taxonomy":"product_cat","embeddable":true,"href":"https:\/\/one-horizon.ch\/fr\/wp-json\/wp\/v2\/product_cat?post=126501"},{"taxonomy":"product_tag","embeddable":true,"href":"https:\/\/one-horizon.ch\/fr\/wp-json\/wp\/v2\/product_tag?post=126501"}],"curies":[{"name":"wp","href":"https:\/\/api.w.org\/{rel}","templated":true}]}}