{"id":126514,"date":"2026-05-08T19:57:48","date_gmt":"2026-05-08T17:57:48","guid":{"rendered":"https:\/\/one-horizon.ch\/product\/huefttasche-nukon-1-margelisch\/"},"modified":"2026-05-08T19:57:48","modified_gmt":"2026-05-08T17:57:48","slug":"huefttasche-nukon-1-margelisch","status":"publish","type":"product","link":"https:\/\/one-horizon.ch\/fr\/product\/huefttasche-nukon-1-margelisch\/","title":{"rendered":"Sac de hanche Nukon 1"},"content":{"rendered":"<p>Le <strong>sac de hanche Nukon 1<\/strong> de MARGELISCH est bien plus qu&#8217;un sac de hanche classique. Gr\u00e2ce \u00e0 sa coupe bien pens\u00e9e, il se porte aussi \u00e9l\u00e9gamment en crossbody sur la poitrine &#8211; un accessoire polyvalent pour les d\u00e9placements. <\/p>\n<h2>Finition de haute qualit\u00e9<\/h2>\n<p>Fabriqu\u00e9 en cuir de vache d\u00e9licat et robuste, issu d&#8217;une <strong>production certifi\u00e9e LWG<\/strong>. Le site de production est certifi\u00e9 amfori BSCI &#8211; pour des conditions de fabrication \u00e9quitables et transparentes. <\/p>\n<h2>\u00c9quipement<\/h2>\n<ul>\n<li>Acc\u00e8s zipp\u00e9 au compartiment principal<\/li>\n<li>Poche zipp\u00e9e suppl\u00e9mentaire \u00e0 l&#8217;arri\u00e8re<\/li>\n<li>Enti\u00e8rement doubl\u00e9<\/li>\n<li>Bandouli\u00e8re r\u00e9glable<\/li>\n<\/ul>\n<h2>Masse et poids<\/h2>\n<ul>\n<li><strong>L\/L\/P :<\/strong> 24 \u00d7 12 \u00d7 4 cm<\/li>\n<li><strong>Poids :<\/strong> 0,2 kg<\/li>\n<li><strong>Volume :<\/strong> environ 1 litre<\/li>\n<\/ul>\n","protected":false},"excerpt":{"rendered":"<p>Sac de hanche en cuir tendance de MARGELISCH en cuir de vache d\u00e9licat &#8211; \u00e0 porter en crossbody sur la poitrine. Compartiment principal zipp\u00e9 et compartiment dorsal, enti\u00e8rement doubl\u00e9. 24\u00d712\u00d74 cm, 0,2 kg.  <\/p>\n","protected":false},"featured_media":125570,"comment_status":"open","ping_status":"closed","template":"","meta":{"_acf_changed":false},"product_brand":[3019],"product_cat":[1321],"product_tag":[3292,3295],"class_list":{"0":"post-126514","1":"product","2":"type-product","3":"status-publish","4":"has-post-thumbnail","6":"product_brand-margelisch","7":"product_cat-sacs-ventraux","8":"product_tag-pour-lui","9":"product_tag-pour-vous","10":"pa_farbe-bleu-ciel","11":"pa_farbe-marron","12":"pa_farbe-marron-fonce","13":"pa_farbe-noir","14":"pa_farbe-peche","15":"pa_farbe-vert","16":"pa_farbe-vert-sauge","18":"first","19":"onbackorder","20":"taxable","21":"shipping-taxable","22":"purchasable","23":"product-type-variable"},"acf":[],"_links":{"self":[{"href":"https:\/\/one-horizon.ch\/fr\/wp-json\/wp\/v2\/product\/126514","targetHints":{"allow":["GET"]}}],"collection":[{"href":"https:\/\/one-horizon.ch\/fr\/wp-json\/wp\/v2\/product"}],"about":[{"href":"https:\/\/one-horizon.ch\/fr\/wp-json\/wp\/v2\/types\/product"}],"replies":[{"embeddable":true,"href":"https:\/\/one-horizon.ch\/fr\/wp-json\/wp\/v2\/comments?post=126514"}],"wp:featuredmedia":[{"embeddable":true,"href":"https:\/\/one-horizon.ch\/fr\/wp-json\/wp\/v2\/media\/125570"}],"wp:attachment":[{"href":"https:\/\/one-horizon.ch\/fr\/wp-json\/wp\/v2\/media?parent=126514"}],"wp:term":[{"taxonomy":"product_brand","embeddable":true,"href":"https:\/\/one-horizon.ch\/fr\/wp-json\/wp\/v2\/product_brand?post=126514"},{"taxonomy":"product_cat","embeddable":true,"href":"https:\/\/one-horizon.ch\/fr\/wp-json\/wp\/v2\/product_cat?post=126514"},{"taxonomy":"product_tag","embeddable":true,"href":"https:\/\/one-horizon.ch\/fr\/wp-json\/wp\/v2\/product_tag?post=126514"}],"curies":[{"name":"wp","href":"https:\/\/api.w.org\/{rel}","templated":true}]}}