{"id":126528,"date":"2026-05-08T19:58:10","date_gmt":"2026-05-08T17:58:10","guid":{"rendered":"https:\/\/one-horizon.ch\/product\/leder-federetui-hitch-1-margelisch\/"},"modified":"2026-05-08T19:58:10","modified_gmt":"2026-05-08T17:58:10","slug":"leder-federetui-hitch-1-margelisch","status":"publish","type":"product","link":"https:\/\/one-horizon.ch\/fr\/product\/leder-federetui-hitch-1-margelisch\/","title":{"rendered":"\u00c9tui \u00e0 plume en cuir Hitch 1"},"content":{"rendered":"<p>L&#8217;<strong>\u00e9tui \u00e0 plume en cuir Hitch 1<\/strong> de MARGELISCH est un classique dot\u00e9 d&#8217;une nouveaut\u00e9 astucieuse : la languette zipp\u00e9e avec bouton-pression int\u00e9gr\u00e9 emp\u00eache de mani\u00e8re fiable toute ouverture involontaire &#8211; vos stylos restent toujours en place.<\/p>\n<h2>Polyvalence d&#8217;utilisation<\/h2>\n<p>Hitch 1 n&#8217;est pas seulement un \u00e9tui \u00e0 plumes, il est \u00e9galement utilis\u00e9 par de nombreuses personnes comme une <strong>trousse de maquillage<\/strong> \u00e9l\u00e9gante, \u00e0 la fois fonctionnelle et esth\u00e9tique.<\/p>\n<h2>Mat\u00e9riaux et qualit\u00e9<\/h2>\n<ul>\n<li>Cuir de vache issu d&#8217;<strong>une production certifi\u00e9e LWG<\/strong><\/li>\n<li>Fabrication certifi\u00e9e BSCI<\/li>\n<li>Enti\u00e8rement doubl\u00e9<\/li>\n<\/ul>\n<h2>Masse et poids<\/h2>\n<ul>\n<li><strong>L\/L\/P :<\/strong> 19,5 \u00d7 8 \u00d7 7,5 cm<\/li>\n<li><strong>Poids :<\/strong> 0,09 kg<\/li>\n<\/ul>\n","protected":false},"excerpt":{"rendered":"<p>\u00c9tui \u00e0 plume en cuir Hitch 1 de MARGELISCH en cuir de vache &#8211; avec languette zipp\u00e9e innovante et bouton-pression pour une fermeture s\u00e9curis\u00e9e. \u00c9tui \u00e0 crayons \u00e9l\u00e9gant, \u00e9galement appr\u00e9ci\u00e9 comme trousse de maquillage. <\/p>\n","protected":false},"featured_media":125597,"comment_status":"open","ping_status":"closed","template":"","meta":{"_acf_changed":false},"product_brand":[3019],"product_cat":[3253],"product_tag":[3292,3295],"class_list":{"0":"post-126528","1":"product","2":"type-product","3":"status-publish","4":"has-post-thumbnail","6":"product_brand-margelisch","7":"product_cat-rangement-organiseur","8":"product_tag-pour-lui","9":"product_tag-pour-vous","10":"pa_farbe-bordeaux","11":"pa_farbe-gris","12":"pa_farbe-jaune","13":"pa_farbe-marron-fonce","14":"pa_farbe-noir","16":"first","17":"onbackorder","18":"taxable","19":"shipping-taxable","20":"purchasable","21":"product-type-variable"},"acf":[],"_links":{"self":[{"href":"https:\/\/one-horizon.ch\/fr\/wp-json\/wp\/v2\/product\/126528","targetHints":{"allow":["GET"]}}],"collection":[{"href":"https:\/\/one-horizon.ch\/fr\/wp-json\/wp\/v2\/product"}],"about":[{"href":"https:\/\/one-horizon.ch\/fr\/wp-json\/wp\/v2\/types\/product"}],"replies":[{"embeddable":true,"href":"https:\/\/one-horizon.ch\/fr\/wp-json\/wp\/v2\/comments?post=126528"}],"wp:featuredmedia":[{"embeddable":true,"href":"https:\/\/one-horizon.ch\/fr\/wp-json\/wp\/v2\/media\/125597"}],"wp:attachment":[{"href":"https:\/\/one-horizon.ch\/fr\/wp-json\/wp\/v2\/media?parent=126528"}],"wp:term":[{"taxonomy":"product_brand","embeddable":true,"href":"https:\/\/one-horizon.ch\/fr\/wp-json\/wp\/v2\/product_brand?post=126528"},{"taxonomy":"product_cat","embeddable":true,"href":"https:\/\/one-horizon.ch\/fr\/wp-json\/wp\/v2\/product_cat?post=126528"},{"taxonomy":"product_tag","embeddable":true,"href":"https:\/\/one-horizon.ch\/fr\/wp-json\/wp\/v2\/product_tag?post=126528"}],"curies":[{"name":"wp","href":"https:\/\/api.w.org\/{rel}","templated":true}]}}