{"id":126543,"date":"2026-05-08T20:52:53","date_gmt":"2026-05-08T18:52:53","guid":{"rendered":"https:\/\/one-horizon.ch\/product\/recycling-karton-geldborse-zermatt-1\/"},"modified":"2026-05-08T20:52:53","modified_gmt":"2026-05-08T18:52:53","slug":"recycling-karton-geldborse-zermatt-1","status":"publish","type":"product","link":"https:\/\/one-horizon.ch\/fr\/product\/recycling-karton-geldborse-zermatt-1\/","title":{"rendered":"Porte-monnaie en carton recycl\u00e9 Zermatt 1"},"content":{"rendered":"<p>Le <strong>porte-monnaie Zermatt 1<\/strong> de MARGELISCH combine l&#8217;inspiration des montagnes suisses avec une durabilit\u00e9 cons\u00e9quente. Fabriqu\u00e9 en <strong>carton recycl\u00e9<\/strong>, trait\u00e9 hydrofuge. <\/p>\n<h2>Une capacit\u00e9 g\u00e9n\u00e9reuse<\/h2>\n<p>Malgr\u00e9 son format mince, Zermatt 1 peut contenir des cartes, des billets et des pi\u00e8ces.<\/p>\n<h2>\u00c9quipement<\/h2>\n<ul>\n<li>Plusieurs fentes pour cartes<\/li>\n<li>Compartiment \u00e0 pi\u00e8ces<\/li>\n<li>Fente pour billets<\/li>\n<li>Protection RFID<\/li>\n<\/ul>\n<h2>Mat\u00e9riaux et dimensions<\/h2>\n<ul>\n<li>Carton recycl\u00e9, hydrofuge<\/li>\n<li><strong>L\/P\/H :<\/strong> 10 \u00d7 2 \u00d7 9 cm<\/li>\n<li><strong>Poids :<\/strong> environ 70 g<\/li>\n<\/ul>\n","protected":false},"excerpt":{"rendered":"<p>G\u00e9n\u00e9reux porte-monnaie en carton recycl\u00e9 Zermatt 1 de MARGELISCH. En carton recycl\u00e9, imperm\u00e9able et avec protection RFID &#8211; une d\u00e9claration durable pour le quotidien. <\/p>\n","protected":false},"featured_media":126206,"comment_status":"open","ping_status":"closed","template":"","meta":{"_acf_changed":false},"product_brand":[3019],"product_cat":[1908],"product_tag":[3292,3295],"class_list":{"0":"post-126543","1":"product","2":"type-product","3":"status-publish","4":"has-post-thumbnail","6":"product_brand-margelisch","7":"product_cat-portefeuille","8":"product_tag-pour-lui","9":"product_tag-pour-vous","10":"pa_farbe-nature","12":"first","13":"onbackorder","14":"taxable","15":"shipping-taxable","16":"purchasable","17":"product-type-simple"},"acf":[],"_links":{"self":[{"href":"https:\/\/one-horizon.ch\/fr\/wp-json\/wp\/v2\/product\/126543","targetHints":{"allow":["GET"]}}],"collection":[{"href":"https:\/\/one-horizon.ch\/fr\/wp-json\/wp\/v2\/product"}],"about":[{"href":"https:\/\/one-horizon.ch\/fr\/wp-json\/wp\/v2\/types\/product"}],"replies":[{"embeddable":true,"href":"https:\/\/one-horizon.ch\/fr\/wp-json\/wp\/v2\/comments?post=126543"}],"wp:featuredmedia":[{"embeddable":true,"href":"https:\/\/one-horizon.ch\/fr\/wp-json\/wp\/v2\/media\/126206"}],"wp:attachment":[{"href":"https:\/\/one-horizon.ch\/fr\/wp-json\/wp\/v2\/media?parent=126543"}],"wp:term":[{"taxonomy":"product_brand","embeddable":true,"href":"https:\/\/one-horizon.ch\/fr\/wp-json\/wp\/v2\/product_brand?post=126543"},{"taxonomy":"product_cat","embeddable":true,"href":"https:\/\/one-horizon.ch\/fr\/wp-json\/wp\/v2\/product_cat?post=126543"},{"taxonomy":"product_tag","embeddable":true,"href":"https:\/\/one-horizon.ch\/fr\/wp-json\/wp\/v2\/product_tag?post=126543"}],"curies":[{"name":"wp","href":"https:\/\/api.w.org\/{rel}","templated":true}]}}