{"id":126549,"date":"2026-05-08T19:58:03","date_gmt":"2026-05-08T17:58:03","guid":{"rendered":"https:\/\/one-horizon.ch\/product\/huefttasche-konu-1-margelisch\/"},"modified":"2026-05-08T19:58:03","modified_gmt":"2026-05-08T17:58:03","slug":"huefttasche-konu-1-margelisch","status":"publish","type":"product","link":"https:\/\/one-horizon.ch\/fr\/product\/huefttasche-konu-1-margelisch\/","title":{"rendered":"Sac de hanche Konu 1"},"content":{"rendered":"<p>Le <strong>Konu 1<\/strong> de MARGELISCH est une version plus g\u00e9n\u00e9reuse du c\u00e9l\u00e8bre sac de hanche. Sa coupe l\u00e9g\u00e8rement plus grande offre plus d&#8217;espace sans sacrifier son look \u00e9lanc\u00e9 &#8211; parfait port\u00e9 en crossbody sur la poitrine. <\/p>\n<h2>Cuir de vache de haute qualit\u00e9<\/h2>\n<p>Fabriqu\u00e9 en cuir de vache d\u00e9licat et robuste issu d&#8217;une <strong>production certifi\u00e9e LWG<\/strong>. Fabrication certifi\u00e9e BSCI. <\/p>\n<h2>\u00c9quipement<\/h2>\n<ul>\n<li>Acc\u00e8s zipp\u00e9 au compartiment principal<\/li>\n<li>Poche zipp\u00e9e suppl\u00e9mentaire \u00e0 l&#8217;arri\u00e8re<\/li>\n<li>Enti\u00e8rement doubl\u00e9<\/li>\n<li>Bandouli\u00e8re r\u00e9glable<\/li>\n<\/ul>\n<h2>Masse et poids<\/h2>\n<ul>\n<li><strong>L\/L\/P :<\/strong> 30 \u00d7 14 \u00d7 7,5 cm<\/li>\n<li><strong>Poids :<\/strong> 0,3 kg<\/li>\n<li><strong>Volume :<\/strong> environ 1,3 litre<\/li>\n<\/ul>\n","protected":false},"excerpt":{"rendered":"<p>Sac de hanche en cuir Konu 1 de MARGELISCH en cuir de vache d\u00e9licat &#8211; polyvalent et pouvant \u00eatre port\u00e9 comme un crossbody. Compartiments principal et dorsal zipp\u00e9s, enti\u00e8rement doubl\u00e9s. 30\u00d714\u00d77,5 cm, 0,3 kg.  <\/p>\n","protected":false},"featured_media":125582,"comment_status":"open","ping_status":"closed","template":"","meta":{"_acf_changed":false},"product_brand":[3019],"product_cat":[1321],"product_tag":[3292,3295],"class_list":{"0":"post-126549","1":"product","2":"type-product","3":"status-publish","4":"has-post-thumbnail","6":"product_brand-margelisch","7":"product_cat-sacs-ventraux","8":"product_tag-pour-lui","9":"product_tag-pour-vous","10":"pa_farbe-marron-fonce","11":"pa_farbe-navy-fr","12":"pa_farbe-noir","13":"pa_farbe-tan","15":"first","16":"onbackorder","17":"taxable","18":"shipping-taxable","19":"purchasable","20":"product-type-variable"},"acf":[],"_links":{"self":[{"href":"https:\/\/one-horizon.ch\/fr\/wp-json\/wp\/v2\/product\/126549","targetHints":{"allow":["GET"]}}],"collection":[{"href":"https:\/\/one-horizon.ch\/fr\/wp-json\/wp\/v2\/product"}],"about":[{"href":"https:\/\/one-horizon.ch\/fr\/wp-json\/wp\/v2\/types\/product"}],"replies":[{"embeddable":true,"href":"https:\/\/one-horizon.ch\/fr\/wp-json\/wp\/v2\/comments?post=126549"}],"wp:featuredmedia":[{"embeddable":true,"href":"https:\/\/one-horizon.ch\/fr\/wp-json\/wp\/v2\/media\/125582"}],"wp:attachment":[{"href":"https:\/\/one-horizon.ch\/fr\/wp-json\/wp\/v2\/media?parent=126549"}],"wp:term":[{"taxonomy":"product_brand","embeddable":true,"href":"https:\/\/one-horizon.ch\/fr\/wp-json\/wp\/v2\/product_brand?post=126549"},{"taxonomy":"product_cat","embeddable":true,"href":"https:\/\/one-horizon.ch\/fr\/wp-json\/wp\/v2\/product_cat?post=126549"},{"taxonomy":"product_tag","embeddable":true,"href":"https:\/\/one-horizon.ch\/fr\/wp-json\/wp\/v2\/product_tag?post=126549"}],"curies":[{"name":"wp","href":"https:\/\/api.w.org\/{rel}","templated":true}]}}