{"id":126555,"date":"2026-05-08T20:51:34","date_gmt":"2026-05-08T18:51:34","guid":{"rendered":"https:\/\/one-horizon.ch\/product\/recycling-karton-geldborse-brig-1\/"},"modified":"2026-05-08T20:51:34","modified_gmt":"2026-05-08T18:51:34","slug":"recycling-karton-geldborse-brig-1","status":"publish","type":"product","link":"https:\/\/one-horizon.ch\/fr\/product\/recycling-karton-geldborse-brig-1\/","title":{"rendered":"Porte-monnaie en carton recycl\u00e9 Brig 1"},"content":{"rendered":"<p>Le <strong>porte-monnaie Brig 1<\/strong> de MARGELISCH porte le nom de la ville valaisanne et symbolise l&#8217;authenticit\u00e9 et la durabilit\u00e9. Fabriqu\u00e9 en <strong>carton recycl\u00e9<\/strong>. <\/p>\n<h2>R\u00e9gional &amp; durable<\/h2>\n<p>Le Brig 1 est trait\u00e9 pour r\u00e9sister \u00e0 l&#8217;eau, il est \u00e9tonnamment robuste et enti\u00e8rement recyclable &#8211; un produit honn\u00eate pour les consommateurs conscients.<\/p>\n<h2>\u00c9quipement<\/h2>\n<ul>\n<li>Fentes pour cartes<\/li>\n<li>Fente pour billets<\/li>\n<li>Protection RFID<\/li>\n<\/ul>\n<h2>Mat\u00e9riaux et dimensions<\/h2>\n<ul>\n<li>Carton recycl\u00e9, hydrofuge<\/li>\n<li><strong>L\/P\/H :<\/strong> 10 \u00d7 1,5 \u00d7 9 cm<\/li>\n<li><strong>Poids :<\/strong> environ 60 g<\/li>\n<\/ul>\n","protected":false},"excerpt":{"rendered":"<p>Porte-monnaie \u00e9lanc\u00e9 en carton recycl\u00e9 Brig 1 de MARGELISCH, une petite ville du Valais. Durable, imperm\u00e9able et avec protection RFID &#8211; l&#8217;honn\u00eate compagnon de tous les jours. <\/p>\n","protected":false},"featured_media":126203,"comment_status":"open","ping_status":"closed","template":"","meta":{"_acf_changed":false},"product_brand":[3019],"product_cat":[1908],"product_tag":[3292,3295],"class_list":{"0":"post-126555","1":"product","2":"type-product","3":"status-publish","4":"has-post-thumbnail","6":"product_brand-margelisch","7":"product_cat-portefeuille","8":"product_tag-pour-lui","9":"product_tag-pour-vous","10":"pa_farbe-nature","12":"first","13":"onbackorder","14":"taxable","15":"shipping-taxable","16":"purchasable","17":"product-type-simple"},"acf":[],"_links":{"self":[{"href":"https:\/\/one-horizon.ch\/fr\/wp-json\/wp\/v2\/product\/126555","targetHints":{"allow":["GET"]}}],"collection":[{"href":"https:\/\/one-horizon.ch\/fr\/wp-json\/wp\/v2\/product"}],"about":[{"href":"https:\/\/one-horizon.ch\/fr\/wp-json\/wp\/v2\/types\/product"}],"replies":[{"embeddable":true,"href":"https:\/\/one-horizon.ch\/fr\/wp-json\/wp\/v2\/comments?post=126555"}],"wp:featuredmedia":[{"embeddable":true,"href":"https:\/\/one-horizon.ch\/fr\/wp-json\/wp\/v2\/media\/126203"}],"wp:attachment":[{"href":"https:\/\/one-horizon.ch\/fr\/wp-json\/wp\/v2\/media?parent=126555"}],"wp:term":[{"taxonomy":"product_brand","embeddable":true,"href":"https:\/\/one-horizon.ch\/fr\/wp-json\/wp\/v2\/product_brand?post=126555"},{"taxonomy":"product_cat","embeddable":true,"href":"https:\/\/one-horizon.ch\/fr\/wp-json\/wp\/v2\/product_cat?post=126555"},{"taxonomy":"product_tag","embeddable":true,"href":"https:\/\/one-horizon.ch\/fr\/wp-json\/wp\/v2\/product_tag?post=126555"}],"curies":[{"name":"wp","href":"https:\/\/api.w.org\/{rel}","templated":true}]}}