{"id":126558,"date":"2026-05-08T20:50:57","date_gmt":"2026-05-08T18:50:57","guid":{"rendered":"https:\/\/one-horizon.ch\/product\/recycling-karton-geldborse-milano-1\/"},"modified":"2026-05-08T20:50:57","modified_gmt":"2026-05-08T18:50:57","slug":"recycling-karton-geldborse-milano-1","status":"publish","type":"product","link":"https:\/\/one-horizon.ch\/fr\/product\/recycling-karton-geldborse-milano-1\/","title":{"rendered":"Porte-monnaie en carton recycl\u00e9 Milano 1"},"content":{"rendered":"<p>Le <strong>porte-monnaie Milano 1<\/strong> de MARGELISCH est une v\u00e9ritable particularit\u00e9 : fabriqu\u00e9 \u00e0 partir <strong>de carton recycl\u00e9<\/strong>, il est plus l\u00e9ger, plus robuste et plus durable qu&#8217;on ne pourrait le croire \u00e0 premi\u00e8re vue.<\/p>\n<h2>Durable jusque dans les moindres d\u00e9tails<\/h2>\n<p>Le mat\u00e9riau a subi un traitement hydrofuge et r\u00e9siste sans probl\u00e8me \u00e0 une utilisation quotidienne. Le porte-monnaie est enti\u00e8rement recyclable et constitue un signe de consommation consciente. <\/p>\n<h2>\u00c9quipement<\/h2>\n<ul>\n<li>Fentes pour cartes<\/li>\n<li>Fente pour billets<\/li>\n<li>Protection RFID<\/li>\n<li>Extr\u00eamement l\u00e9ger<\/li>\n<\/ul>\n<h2>Mat\u00e9riaux et dimensions<\/h2>\n<ul>\n<li>Carton recycl\u00e9, hydrofuge<\/li>\n<li><strong>L\/P\/H :<\/strong> 10 \u00d7 1 \u00d7 8 cm<\/li>\n<li><strong>Poids :<\/strong> environ 40 g<\/li>\n<\/ul>\n","protected":false},"excerpt":{"rendered":"<p>Portefeuille l\u00e9ger en carton recycl\u00e9 Milano 1 de MARGELISCH &#8211; durable, r\u00e9sistant \u00e0 l&#8217;eau et \u00e9tonnamment robuste. Fabriqu\u00e9 en carton recycl\u00e9, avec protection RFID. Id\u00e9al pour les voyages conscients.  <\/p>\n","protected":false},"featured_media":126186,"comment_status":"open","ping_status":"closed","template":"","meta":{"_acf_changed":false},"product_brand":[3019],"product_cat":[1908],"product_tag":[3292,3295],"class_list":{"0":"post-126558","1":"product","2":"type-product","3":"status-publish","4":"has-post-thumbnail","6":"product_brand-margelisch","7":"product_cat-portefeuille","8":"product_tag-pour-lui","9":"product_tag-pour-vous","10":"pa_farbe-nature","12":"first","13":"onbackorder","14":"taxable","15":"shipping-taxable","16":"purchasable","17":"product-type-simple"},"acf":[],"_links":{"self":[{"href":"https:\/\/one-horizon.ch\/fr\/wp-json\/wp\/v2\/product\/126558","targetHints":{"allow":["GET"]}}],"collection":[{"href":"https:\/\/one-horizon.ch\/fr\/wp-json\/wp\/v2\/product"}],"about":[{"href":"https:\/\/one-horizon.ch\/fr\/wp-json\/wp\/v2\/types\/product"}],"replies":[{"embeddable":true,"href":"https:\/\/one-horizon.ch\/fr\/wp-json\/wp\/v2\/comments?post=126558"}],"wp:featuredmedia":[{"embeddable":true,"href":"https:\/\/one-horizon.ch\/fr\/wp-json\/wp\/v2\/media\/126186"}],"wp:attachment":[{"href":"https:\/\/one-horizon.ch\/fr\/wp-json\/wp\/v2\/media?parent=126558"}],"wp:term":[{"taxonomy":"product_brand","embeddable":true,"href":"https:\/\/one-horizon.ch\/fr\/wp-json\/wp\/v2\/product_brand?post=126558"},{"taxonomy":"product_cat","embeddable":true,"href":"https:\/\/one-horizon.ch\/fr\/wp-json\/wp\/v2\/product_cat?post=126558"},{"taxonomy":"product_tag","embeddable":true,"href":"https:\/\/one-horizon.ch\/fr\/wp-json\/wp\/v2\/product_tag?post=126558"}],"curies":[{"name":"wp","href":"https:\/\/api.w.org\/{rel}","templated":true}]}}