{"id":126559,"date":"2026-05-08T20:51:24","date_gmt":"2026-05-08T18:51:24","guid":{"rendered":"https:\/\/one-horizon.ch\/product\/recycling-karton-geldborse-locarno-1\/"},"modified":"2026-05-08T20:51:24","modified_gmt":"2026-05-08T18:51:24","slug":"recycling-karton-geldborse-locarno-1","status":"publish","type":"product","link":"https:\/\/one-horizon.ch\/fr\/product\/recycling-karton-geldborse-locarno-1\/","title":{"rendered":"Porte-monnaie en carton recycl\u00e9 Locarno 1"},"content":{"rendered":"<p>Le <strong>porte-monnaie Locarno 1<\/strong> de MARGELISCH apporte la l\u00e9g\u00e8ret\u00e9 tessinoise et l&#8217;ambiance ensoleill\u00e9e dans votre sac. Fabriqu\u00e9 \u00e0 partir <strong>de carton recycl\u00e9<\/strong>, trait\u00e9 pour r\u00e9sister \u00e0 l&#8217;eau. <\/p>\n<h2>Durable &amp; l\u00e9ger<\/h2>\n<p>Enti\u00e8rement recyclable et \u00e9tonnamment r\u00e9sistant, le Locarno 1 est un v\u00e9ritable objet de conversation pour les personnalit\u00e9s soucieuses de d\u00e9veloppement durable.<\/p>\n<h2>\u00c9quipement<\/h2>\n<ul>\n<li>Fentes pour cartes<\/li>\n<li>Fente pour billets<\/li>\n<li>Protection RFID<\/li>\n<\/ul>\n<h2>Mat\u00e9riaux et dimensions<\/h2>\n<ul>\n<li>Carton recycl\u00e9, hydrofuge<\/li>\n<li><strong>L\/P\/H :<\/strong> 10 \u00d7 1,5 \u00d7 9 cm<\/li>\n<li><strong>Poids :<\/strong> environ 60 g<\/li>\n<\/ul>\n","protected":false},"excerpt":{"rendered":"<p>Porte-monnaie l\u00e9ger en carton recycl\u00e9 Locarno 1 de MARGELISCH. En carton recycl\u00e9 avec traitement hydrofuge et protection RFID &#8211; la l\u00e9g\u00e8ret\u00e9 tessinoise rencontre la durabilit\u00e9. <\/p>\n","protected":false},"featured_media":126194,"comment_status":"open","ping_status":"closed","template":"","meta":{"_acf_changed":false},"product_brand":[3019],"product_cat":[1908],"product_tag":[3292,3295],"class_list":{"0":"post-126559","1":"product","2":"type-product","3":"status-publish","4":"has-post-thumbnail","6":"product_brand-margelisch","7":"product_cat-portefeuille","8":"product_tag-pour-lui","9":"product_tag-pour-vous","10":"pa_farbe-nature","12":"first","13":"onbackorder","14":"taxable","15":"shipping-taxable","16":"purchasable","17":"product-type-simple"},"acf":[],"_links":{"self":[{"href":"https:\/\/one-horizon.ch\/fr\/wp-json\/wp\/v2\/product\/126559","targetHints":{"allow":["GET"]}}],"collection":[{"href":"https:\/\/one-horizon.ch\/fr\/wp-json\/wp\/v2\/product"}],"about":[{"href":"https:\/\/one-horizon.ch\/fr\/wp-json\/wp\/v2\/types\/product"}],"replies":[{"embeddable":true,"href":"https:\/\/one-horizon.ch\/fr\/wp-json\/wp\/v2\/comments?post=126559"}],"wp:featuredmedia":[{"embeddable":true,"href":"https:\/\/one-horizon.ch\/fr\/wp-json\/wp\/v2\/media\/126194"}],"wp:attachment":[{"href":"https:\/\/one-horizon.ch\/fr\/wp-json\/wp\/v2\/media?parent=126559"}],"wp:term":[{"taxonomy":"product_brand","embeddable":true,"href":"https:\/\/one-horizon.ch\/fr\/wp-json\/wp\/v2\/product_brand?post=126559"},{"taxonomy":"product_cat","embeddable":true,"href":"https:\/\/one-horizon.ch\/fr\/wp-json\/wp\/v2\/product_cat?post=126559"},{"taxonomy":"product_tag","embeddable":true,"href":"https:\/\/one-horizon.ch\/fr\/wp-json\/wp\/v2\/product_tag?post=126559"}],"curies":[{"name":"wp","href":"https:\/\/api.w.org\/{rel}","templated":true}]}}