{"id":126575,"date":"2026-05-08T20:14:07","date_gmt":"2026-05-08T18:14:07","guid":{"rendered":"https:\/\/one-horizon.ch\/product\/rfid-geldborse-london-3-margelisch\/"},"modified":"2026-05-08T20:14:07","modified_gmt":"2026-05-08T18:14:07","slug":"rfid-geldborse-london-3-margelisch","status":"publish","type":"product","link":"https:\/\/one-horizon.ch\/fr\/product\/rfid-geldborse-london-3-margelisch\/","title":{"rendered":"Porte-monnaie en cuir RFID London 3"},"content":{"rendered":"<p>Le <strong>porte-monnaie RFID London 3<\/strong> de MARGELISCH est un porte-monnaie \u00e9l\u00e9gant et fin pour tous les jours. Cuir de vachette issu d&#8217;<strong>une production certifi\u00e9e LWG<\/strong>, fabrication certifi\u00e9e BSCI. <\/p>\n<h2>Protection RFID<\/h2>\n<p>La protection RFID int\u00e9gr\u00e9e prot\u00e8ge vos cartes contre les lectures non autoris\u00e9es.<\/p>\n<h2>\u00c9quipement<\/h2>\n<ul>\n<li>Plusieurs fentes pour cartes<\/li>\n<li>Compartiment \u00e0 monnaie avec fermeture \u00e0 glissi\u00e8re<\/li>\n<li>Fente pour billets<\/li>\n<li>Protection RFID<\/li>\n<\/ul>\n<h2>Mat\u00e9riaux et dimensions<\/h2>\n<ul>\n<li>Cuir de vache, certifi\u00e9 LWG<\/li>\n<li><strong>L\/P\/H :<\/strong> 10 \u00d7 2 \u00d7 9 cm<\/li>\n<li><strong>Poids :<\/strong> environ 90 g<\/li>\n<\/ul>\n","protected":false},"excerpt":{"rendered":"<p>El\u00e9gant portefeuille en cuir RFID London 3 de MARGELISCH, en cuir de vachette certifi\u00e9 LWG. Avec une protection RFID, une poche pour la monnaie et une capacit\u00e9 g\u00e9n\u00e9reuse de cartes pour une utilisation quotidienne. <\/p>\n","protected":false},"featured_media":0,"comment_status":"open","ping_status":"closed","template":"","meta":{"_acf_changed":false},"product_brand":[3019],"product_cat":[1908],"product_tag":[3292,3295],"class_list":{"0":"post-126575","1":"product","2":"type-product","3":"status-publish","5":"product_brand-margelisch","6":"product_cat-portefeuille","7":"product_tag-pour-lui","8":"product_tag-pour-vous","9":"pa_farbe-bleu-ciel","10":"pa_farbe-moutarde-blonde","11":"pa_farbe-noir","12":"pa_farbe-peche","13":"pa_farbe-rouge-vin","14":"pa_farbe-sunrise","16":"first","17":"outofstock","18":"taxable","19":"shipping-taxable","20":"product-type-variable"},"acf":[],"_links":{"self":[{"href":"https:\/\/one-horizon.ch\/fr\/wp-json\/wp\/v2\/product\/126575","targetHints":{"allow":["GET"]}}],"collection":[{"href":"https:\/\/one-horizon.ch\/fr\/wp-json\/wp\/v2\/product"}],"about":[{"href":"https:\/\/one-horizon.ch\/fr\/wp-json\/wp\/v2\/types\/product"}],"replies":[{"embeddable":true,"href":"https:\/\/one-horizon.ch\/fr\/wp-json\/wp\/v2\/comments?post=126575"}],"wp:attachment":[{"href":"https:\/\/one-horizon.ch\/fr\/wp-json\/wp\/v2\/media?parent=126575"}],"wp:term":[{"taxonomy":"product_brand","embeddable":true,"href":"https:\/\/one-horizon.ch\/fr\/wp-json\/wp\/v2\/product_brand?post=126575"},{"taxonomy":"product_cat","embeddable":true,"href":"https:\/\/one-horizon.ch\/fr\/wp-json\/wp\/v2\/product_cat?post=126575"},{"taxonomy":"product_tag","embeddable":true,"href":"https:\/\/one-horizon.ch\/fr\/wp-json\/wp\/v2\/product_tag?post=126575"}],"curies":[{"name":"wp","href":"https:\/\/api.w.org\/{rel}","templated":true}]}}