{"id":126580,"date":"2026-05-08T20:16:44","date_gmt":"2026-05-08T18:16:44","guid":{"rendered":"https:\/\/one-horizon.ch\/product\/rfid-geldborse-wien-1-margelisch\/"},"modified":"2026-05-08T20:16:44","modified_gmt":"2026-05-08T18:16:44","slug":"rfid-geldborse-wien-1-margelisch","status":"publish","type":"product","link":"https:\/\/one-horizon.ch\/fr\/product\/rfid-geldborse-wien-1-margelisch\/","title":{"rendered":"Porte-monnaie en cuir RFID Vienne 1"},"content":{"rendered":"<p>Le <strong>porte-monnaie RFID Vienne 1<\/strong> de MARGELISCH allie l&#8217;\u00e9l\u00e9gance viennoise \u00e0 des couleurs naturelles intemporelles. Cuir de vache issu d&#8217;<strong>une production certifi\u00e9e LWG<\/strong>, certifi\u00e9 BSCI. <\/p>\n<h2>Protection RFID<\/h2>\n<p>Protection RFID compl\u00e8te pour toutes vos cartes de paiement.<\/p>\n<h2>\u00c9quipement<\/h2>\n<ul>\n<li>Grandes fentes pour cartes<\/li>\n<li>Compartiment \u00e0 monnaie avec fermeture \u00e0 glissi\u00e8re<\/li>\n<li>Plusieurs fentes pour billets de banque<\/li>\n<li>Protection RFID<\/li>\n<\/ul>\n<h2>Mat\u00e9riaux et dimensions<\/h2>\n<ul>\n<li>Cuir de vache, certifi\u00e9 LWG<\/li>\n<li><strong>L\/P\/H :<\/strong> 10 \u00d7 2,5 \u00d7 9,5 cm<\/li>\n<li><strong>Poids :<\/strong> environ 100 g<\/li>\n<\/ul>\n","protected":false},"excerpt":{"rendered":"<p>El\u00e9gant porte-monnaie en cuir RFID Vienne 1 de MARGELISCH, en cuir de vache certifi\u00e9 LWG. Grande capacit\u00e9 avec protection RFID dans des tons naturels sobres &#8211; \u00e9l\u00e9gant et fonctionnel. <\/p>\n","protected":false},"featured_media":0,"comment_status":"open","ping_status":"closed","template":"","meta":{"_acf_changed":false},"product_brand":[3019],"product_cat":[1908],"product_tag":[3292,3295],"class_list":{"0":"post-126580","1":"product","2":"type-product","3":"status-publish","5":"product_brand-margelisch","6":"product_cat-portefeuille","7":"product_tag-pour-lui","8":"product_tag-pour-vous","9":"pa_farbe-bleu-acier","10":"pa_farbe-boue","11":"pa_farbe-marron","12":"pa_farbe-noir","13":"pa_farbe-olive-fr","14":"pa_farbe-rouge-vin","16":"first","17":"outofstock","18":"taxable","19":"shipping-taxable","20":"purchasable","21":"product-type-variable"},"acf":[],"_links":{"self":[{"href":"https:\/\/one-horizon.ch\/fr\/wp-json\/wp\/v2\/product\/126580","targetHints":{"allow":["GET"]}}],"collection":[{"href":"https:\/\/one-horizon.ch\/fr\/wp-json\/wp\/v2\/product"}],"about":[{"href":"https:\/\/one-horizon.ch\/fr\/wp-json\/wp\/v2\/types\/product"}],"replies":[{"embeddable":true,"href":"https:\/\/one-horizon.ch\/fr\/wp-json\/wp\/v2\/comments?post=126580"}],"wp:attachment":[{"href":"https:\/\/one-horizon.ch\/fr\/wp-json\/wp\/v2\/media?parent=126580"}],"wp:term":[{"taxonomy":"product_brand","embeddable":true,"href":"https:\/\/one-horizon.ch\/fr\/wp-json\/wp\/v2\/product_brand?post=126580"},{"taxonomy":"product_cat","embeddable":true,"href":"https:\/\/one-horizon.ch\/fr\/wp-json\/wp\/v2\/product_cat?post=126580"},{"taxonomy":"product_tag","embeddable":true,"href":"https:\/\/one-horizon.ch\/fr\/wp-json\/wp\/v2\/product_tag?post=126580"}],"curies":[{"name":"wp","href":"https:\/\/api.w.org\/{rel}","templated":true}]}}