{"id":126593,"date":"2026-05-08T20:16:23","date_gmt":"2026-05-08T18:16:23","guid":{"rendered":"https:\/\/one-horizon.ch\/product\/rfid-geldborse-oxford-1-margelisch\/"},"modified":"2026-05-08T20:16:23","modified_gmt":"2026-05-08T18:16:23","slug":"rfid-geldborse-oxford-1-margelisch","status":"publish","type":"product","link":"https:\/\/one-horizon.ch\/fr\/product\/rfid-geldborse-oxford-1-margelisch\/","title":{"rendered":"Porte-monnaie en cuir RFID Oxford 1"},"content":{"rendered":"<p>Le <strong>porte-monnaie RFID Oxford 1<\/strong> de MARGELISCH est synonyme de design intemporel dans des tons naturels. Cuir de vache issu d&#8217;<strong>une production certifi\u00e9e LWG<\/strong>. <\/p>\n<h2>Protection RFID<\/h2>\n<p>Prot\u00e8ge vos cartes de cr\u00e9dit contre la lecture sans contact.<\/p>\n<h2>\u00c9quipement<\/h2>\n<ul>\n<li>Plusieurs fentes pour cartes<\/li>\n<li>Compartiment \u00e0 monnaie avec fermeture \u00e0 glissi\u00e8re<\/li>\n<li>Fente pour billets<\/li>\n<li>Protection RFID<\/li>\n<\/ul>\n<h2>Mat\u00e9riaux et dimensions<\/h2>\n<ul>\n<li>Cuir de vache, certifi\u00e9 LWG<\/li>\n<li><strong>L\/P\/H :<\/strong> 10 \u00d7 2 \u00d7 9 cm<\/li>\n<li><strong>Poids :<\/strong> environ 90 g<\/li>\n<\/ul>\n","protected":false},"excerpt":{"rendered":"<p>Porte-monnaie en cuir RFID Oxford 1 de MARGELISCH en cuir de vache certifi\u00e9 LWG dans des tons naturels. Avec protection RFID, poche pour la monnaie et plusieurs compartiments pour les cartes, pour un quotidien \u00e9l\u00e9gant. <\/p>\n","protected":false},"featured_media":126057,"comment_status":"open","ping_status":"closed","template":"","meta":{"_acf_changed":false},"product_brand":[3019],"product_cat":[1908],"product_tag":[3292,3295],"class_list":{"0":"post-126593","1":"product","2":"type-product","3":"status-publish","4":"has-post-thumbnail","6":"product_brand-margelisch","7":"product_cat-portefeuille","8":"product_tag-pour-lui","9":"product_tag-pour-vous","10":"pa_farbe-ananas-fr","11":"pa_farbe-bleu-acier","12":"pa_farbe-boue","13":"pa_farbe-noir","14":"pa_farbe-olive-fr","15":"pa_farbe-rouge-vin","17":"first","18":"onbackorder","19":"taxable","20":"shipping-taxable","21":"purchasable","22":"product-type-variable"},"acf":[],"_links":{"self":[{"href":"https:\/\/one-horizon.ch\/fr\/wp-json\/wp\/v2\/product\/126593","targetHints":{"allow":["GET"]}}],"collection":[{"href":"https:\/\/one-horizon.ch\/fr\/wp-json\/wp\/v2\/product"}],"about":[{"href":"https:\/\/one-horizon.ch\/fr\/wp-json\/wp\/v2\/types\/product"}],"replies":[{"embeddable":true,"href":"https:\/\/one-horizon.ch\/fr\/wp-json\/wp\/v2\/comments?post=126593"}],"wp:featuredmedia":[{"embeddable":true,"href":"https:\/\/one-horizon.ch\/fr\/wp-json\/wp\/v2\/media\/126057"}],"wp:attachment":[{"href":"https:\/\/one-horizon.ch\/fr\/wp-json\/wp\/v2\/media?parent=126593"}],"wp:term":[{"taxonomy":"product_brand","embeddable":true,"href":"https:\/\/one-horizon.ch\/fr\/wp-json\/wp\/v2\/product_brand?post=126593"},{"taxonomy":"product_cat","embeddable":true,"href":"https:\/\/one-horizon.ch\/fr\/wp-json\/wp\/v2\/product_cat?post=126593"},{"taxonomy":"product_tag","embeddable":true,"href":"https:\/\/one-horizon.ch\/fr\/wp-json\/wp\/v2\/product_tag?post=126593"}],"curies":[{"name":"wp","href":"https:\/\/api.w.org\/{rel}","templated":true}]}}