{"id":126608,"date":"2026-05-08T20:16:38","date_gmt":"2026-05-08T18:16:38","guid":{"rendered":"https:\/\/one-horizon.ch\/product\/rfid-geldborse-hamburg-2-margelisch\/"},"modified":"2026-05-08T20:16:38","modified_gmt":"2026-05-08T18:16:38","slug":"rfid-geldborse-hamburg-2-margelisch","status":"publish","type":"product","link":"https:\/\/one-horizon.ch\/fr\/product\/rfid-geldborse-hamburg-2-margelisch\/","title":{"rendered":"Porte-monnaie en cuir RFID Hambourg 2"},"content":{"rendered":"<p>Le <strong>porte-monnaie RFID Hamburg 2<\/strong> de MARGELISCH s\u00e9duit par ses lignes droites hans\u00e9atiques et ses couleurs naturelles. Cuir de vachette issu d&#8217;<strong>une production certifi\u00e9e LWG<\/strong>. <\/p>\n<h2>Protection RFID<\/h2>\n<p>Prot\u00e8ge vos cartes de cr\u00e9dit au quotidien contre les lectures ind\u00e9sirables.<\/p>\n<h2>\u00c9quipement<\/h2>\n<ul>\n<li>Fentes pour cartes<\/li>\n<li>Compartiment \u00e0 monnaie avec fermeture \u00e0 glissi\u00e8re<\/li>\n<li>Fente pour billets<\/li>\n<li>Protection RFID<\/li>\n<\/ul>\n<h2>Mat\u00e9riaux et dimensions<\/h2>\n<ul>\n<li>Cuir de vache, certifi\u00e9 LWG<\/li>\n<li><strong>L\/P\/H :<\/strong> 10 \u00d7 1,5 \u00d7 9 cm<\/li>\n<li><strong>Poids :<\/strong> environ 80 g<\/li>\n<\/ul>\n","protected":false},"excerpt":{"rendered":"<p>Porte-monnaie en cuir RFID Hamburg 2 de MARGELISCH en cuir de vache certifi\u00e9 LWG dans des tons naturels. Compact, il est dot\u00e9 d&#8217;une protection RFID et de compartiments pratiques pour les cartes. <\/p>\n","protected":false},"featured_media":0,"comment_status":"open","ping_status":"closed","template":"","meta":{"_acf_changed":false},"product_brand":[3019],"product_cat":[1908],"product_tag":[3292,3295],"class_list":{"0":"post-126608","1":"product","2":"type-product","3":"status-publish","5":"product_brand-margelisch","6":"product_cat-portefeuille","7":"product_tag-pour-lui","8":"product_tag-pour-vous","9":"pa_farbe-ananas-fr","10":"pa_farbe-bleu-acier","11":"pa_farbe-boue","12":"pa_farbe-noir","13":"pa_farbe-olive-fr","15":"first","16":"outofstock","17":"taxable","18":"shipping-taxable","19":"purchasable","20":"product-type-variable"},"acf":[],"_links":{"self":[{"href":"https:\/\/one-horizon.ch\/fr\/wp-json\/wp\/v2\/product\/126608","targetHints":{"allow":["GET"]}}],"collection":[{"href":"https:\/\/one-horizon.ch\/fr\/wp-json\/wp\/v2\/product"}],"about":[{"href":"https:\/\/one-horizon.ch\/fr\/wp-json\/wp\/v2\/types\/product"}],"replies":[{"embeddable":true,"href":"https:\/\/one-horizon.ch\/fr\/wp-json\/wp\/v2\/comments?post=126608"}],"wp:attachment":[{"href":"https:\/\/one-horizon.ch\/fr\/wp-json\/wp\/v2\/media?parent=126608"}],"wp:term":[{"taxonomy":"product_brand","embeddable":true,"href":"https:\/\/one-horizon.ch\/fr\/wp-json\/wp\/v2\/product_brand?post=126608"},{"taxonomy":"product_cat","embeddable":true,"href":"https:\/\/one-horizon.ch\/fr\/wp-json\/wp\/v2\/product_cat?post=126608"},{"taxonomy":"product_tag","embeddable":true,"href":"https:\/\/one-horizon.ch\/fr\/wp-json\/wp\/v2\/product_tag?post=126608"}],"curies":[{"name":"wp","href":"https:\/\/api.w.org\/{rel}","templated":true}]}}