{"id":126643,"date":"2026-05-08T20:16:13","date_gmt":"2026-05-08T18:16:13","guid":{"rendered":"https:\/\/one-horizon.ch\/product\/rfid-geldborse-new-york-2a-margelisch\/"},"modified":"2026-05-08T20:16:13","modified_gmt":"2026-05-08T18:16:13","slug":"rfid-geldborse-new-york-2a-margelisch","status":"publish","type":"product","link":"https:\/\/one-horizon.ch\/fr\/product\/rfid-geldborse-new-york-2a-margelisch\/","title":{"rendered":"Porte-monnaie en cuir RFID New York 2A"},"content":{"rendered":"<p>Le <strong>porte-monnaie RFID New York 2A<\/strong> de MARGELISCH allie l&#8217;\u00e9nergie new-yorkaise \u00e0 une finition en cuir de haute qualit\u00e9. Cuir de vachette issu d&#8217;<strong>une production certifi\u00e9e LWG<\/strong>. <\/p>\n<h2>Protection RFID<\/h2>\n<p>Protection fiable de toutes vos cartes de cr\u00e9dit et d&#8217;identit\u00e9.<\/p>\n<h2>\u00c9quipement<\/h2>\n<ul>\n<li>Grandes fentes pour cartes<\/li>\n<li>Compartiment \u00e0 monnaie avec fermeture \u00e0 glissi\u00e8re<\/li>\n<li>Fentes pour billets de banque<\/li>\n<li>Protection RFID<\/li>\n<\/ul>\n<h2>Mat\u00e9riaux et dimensions<\/h2>\n<ul>\n<li>Cuir de vache, certifi\u00e9 LWG<\/li>\n<li><strong>L\/P\/H :<\/strong> 10 \u00d7 2,5 \u00d7 9,5 cm<\/li>\n<li><strong>Poids :<\/strong> environ 100 g<\/li>\n<\/ul>\n","protected":false},"excerpt":{"rendered":"<p>Portefeuille en cuir RFID New York 2A de MARGELISCH en cuir de vache certifi\u00e9 LWG dans des couleurs fra\u00eeches. G\u00e9n\u00e9reux, styl\u00e9 et dot\u00e9 d&#8217;une protection RFID fiable. <\/p>\n","protected":false},"featured_media":0,"comment_status":"open","ping_status":"closed","template":"","meta":{"_acf_changed":false},"product_brand":[3019],"product_cat":[1908],"product_tag":[3292,3295],"class_list":{"0":"post-126643","1":"product","2":"type-product","3":"status-publish","5":"product_brand-margelisch","6":"product_cat-portefeuille","7":"product_tag-pour-lui","8":"product_tag-pour-vous","9":"pa_farbe-gris","10":"pa_farbe-jaune","11":"pa_farbe-petrole","12":"pa_farbe-vert","14":"first","15":"outofstock","16":"taxable","17":"shipping-taxable","18":"purchasable","19":"product-type-variable"},"acf":[],"_links":{"self":[{"href":"https:\/\/one-horizon.ch\/fr\/wp-json\/wp\/v2\/product\/126643","targetHints":{"allow":["GET"]}}],"collection":[{"href":"https:\/\/one-horizon.ch\/fr\/wp-json\/wp\/v2\/product"}],"about":[{"href":"https:\/\/one-horizon.ch\/fr\/wp-json\/wp\/v2\/types\/product"}],"replies":[{"embeddable":true,"href":"https:\/\/one-horizon.ch\/fr\/wp-json\/wp\/v2\/comments?post=126643"}],"wp:attachment":[{"href":"https:\/\/one-horizon.ch\/fr\/wp-json\/wp\/v2\/media?parent=126643"}],"wp:term":[{"taxonomy":"product_brand","embeddable":true,"href":"https:\/\/one-horizon.ch\/fr\/wp-json\/wp\/v2\/product_brand?post=126643"},{"taxonomy":"product_cat","embeddable":true,"href":"https:\/\/one-horizon.ch\/fr\/wp-json\/wp\/v2\/product_cat?post=126643"},{"taxonomy":"product_tag","embeddable":true,"href":"https:\/\/one-horizon.ch\/fr\/wp-json\/wp\/v2\/product_tag?post=126643"}],"curies":[{"name":"wp","href":"https:\/\/api.w.org\/{rel}","templated":true}]}}