{"id":126654,"date":"2026-05-08T20:15:52","date_gmt":"2026-05-08T18:15:52","guid":{"rendered":"https:\/\/one-horizon.ch\/product\/rfid-geldborse-zuerich-1a-margelisch\/"},"modified":"2026-05-08T20:15:52","modified_gmt":"2026-05-08T18:15:52","slug":"rfid-geldborse-zuerich-1a-margelisch","status":"publish","type":"product","link":"https:\/\/one-horizon.ch\/fr\/product\/rfid-geldborse-zuerich-1a-margelisch\/","title":{"rendered":"Porte-monnaie en cuir RFID Zurich 1A"},"content":{"rendered":"<p>Le <strong>porte-monnaie RFID Zurich 1A<\/strong> de MARGELISCH porte l&#8217;esprit de la m\u00e9tropole suisse dans des couleurs fra\u00eeches. Cuir de vachette issu d&#8217;<strong>une production certifi\u00e9e LWG<\/strong>. <\/p>\n<h2>Protection RFID<\/h2>\n<p>Prot\u00e8ge vos cartes de cr\u00e9dit contre la lecture sans contact.<\/p>\n<h2>\u00c9quipement<\/h2>\n<ul>\n<li>Plusieurs fentes pour cartes<\/li>\n<li>Compartiment \u00e0 monnaie avec fermeture \u00e0 glissi\u00e8re<\/li>\n<li>Fente pour billets<\/li>\n<li>Protection RFID<\/li>\n<\/ul>\n<h2>Mat\u00e9riaux et dimensions<\/h2>\n<ul>\n<li>Cuir de vache, certifi\u00e9 LWG<\/li>\n<li><strong>L\/P\/H :<\/strong> 10 \u00d7 2 \u00d7 9 cm<\/li>\n<li><strong>Poids :<\/strong> environ 90 g<\/li>\n<\/ul>\n","protected":false},"excerpt":{"rendered":"<p>Porte-monnaie en cuir RFID Zurich 1A de MARGELISCH en cuir de vache certifi\u00e9 LWG dans des couleurs fra\u00eeches. Avec protection RFID, poche pour la monnaie et g\u00e9n\u00e9reux compartiments pour cartes &#8211; Made with Swiss Spirit. <\/p>\n","protected":false},"featured_media":125988,"comment_status":"open","ping_status":"closed","template":"","meta":{"_acf_changed":false},"product_brand":[3019],"product_cat":[1908],"product_tag":[3292,3295],"class_list":{"0":"post-126654","1":"product","2":"type-product","3":"status-publish","4":"has-post-thumbnail","6":"product_brand-margelisch","7":"product_cat-portefeuille","8":"product_tag-pour-lui","9":"product_tag-pour-vous","10":"pa_farbe-gris","11":"pa_farbe-jaune","12":"pa_farbe-petrole","13":"pa_farbe-vert","15":"first","16":"onbackorder","17":"taxable","18":"shipping-taxable","19":"purchasable","20":"product-type-variable"},"acf":[],"_links":{"self":[{"href":"https:\/\/one-horizon.ch\/fr\/wp-json\/wp\/v2\/product\/126654","targetHints":{"allow":["GET"]}}],"collection":[{"href":"https:\/\/one-horizon.ch\/fr\/wp-json\/wp\/v2\/product"}],"about":[{"href":"https:\/\/one-horizon.ch\/fr\/wp-json\/wp\/v2\/types\/product"}],"replies":[{"embeddable":true,"href":"https:\/\/one-horizon.ch\/fr\/wp-json\/wp\/v2\/comments?post=126654"}],"wp:featuredmedia":[{"embeddable":true,"href":"https:\/\/one-horizon.ch\/fr\/wp-json\/wp\/v2\/media\/125988"}],"wp:attachment":[{"href":"https:\/\/one-horizon.ch\/fr\/wp-json\/wp\/v2\/media?parent=126654"}],"wp:term":[{"taxonomy":"product_brand","embeddable":true,"href":"https:\/\/one-horizon.ch\/fr\/wp-json\/wp\/v2\/product_brand?post=126654"},{"taxonomy":"product_cat","embeddable":true,"href":"https:\/\/one-horizon.ch\/fr\/wp-json\/wp\/v2\/product_cat?post=126654"},{"taxonomy":"product_tag","embeddable":true,"href":"https:\/\/one-horizon.ch\/fr\/wp-json\/wp\/v2\/product_tag?post=126654"}],"curies":[{"name":"wp","href":"https:\/\/api.w.org\/{rel}","templated":true}]}}