{"id":126663,"date":"2026-05-08T20:16:04","date_gmt":"2026-05-08T18:16:04","guid":{"rendered":"https:\/\/one-horizon.ch\/product\/rfid-geldborse-wien-1a-margelisch\/"},"modified":"2026-05-08T20:16:04","modified_gmt":"2026-05-08T18:16:04","slug":"rfid-geldborse-wien-1a-margelisch","status":"publish","type":"product","link":"https:\/\/one-horizon.ch\/fr\/product\/rfid-geldborse-wien-1a-margelisch\/","title":{"rendered":"Porte-monnaie en cuir RFID Vienne 1A"},"content":{"rendered":"<p>Le <strong>porte-monnaie RFID Vienne 1A<\/strong> de MARGELISCH allie l&#8217;\u00e9l\u00e9gance viennoise \u00e0 une finition de haute qualit\u00e9. Fabriqu\u00e9 en cuir de vache issu d&#8217;une <strong>production certifi\u00e9e LWG<\/strong>. <\/p>\n<h2>Protection RFID<\/h2>\n<p>Protection compl\u00e8te de toutes vos cartes de paiement contre la lecture non autoris\u00e9e.<\/p>\n<h2>\u00c9quipement<\/h2>\n<ul>\n<li>Grandes fentes pour cartes<\/li>\n<li>Compartiment \u00e0 monnaie avec fermeture \u00e0 glissi\u00e8re<\/li>\n<li>Plusieurs fentes pour billets de banque<\/li>\n<li>Protection RFID<\/li>\n<\/ul>\n<h2>Mat\u00e9riaux et dimensions<\/h2>\n<ul>\n<li>Cuir de vache, certifi\u00e9 LWG<\/li>\n<li><strong>L\/P\/H :<\/strong> 10 \u00d7 2,5 \u00d7 9,5 cm<\/li>\n<li><strong>Poids :<\/strong> environ 100 g<\/li>\n<\/ul>\n","protected":false},"excerpt":{"rendered":"<p>\u00c9l\u00e9gant porte-monnaie en cuir RFID Vienne 1A de MARGELISCH en cuir de vachette certifi\u00e9 LWG dans des couleurs \u00e9clatantes. Grande capacit\u00e9 avec protection RFID &#8211; le style viennois rencontre la qualit\u00e9 suisse. <\/p>\n","protected":false},"featured_media":0,"comment_status":"open","ping_status":"closed","template":"","meta":{"_acf_changed":false},"product_brand":[3019],"product_cat":[1908],"product_tag":[3292,3295],"class_list":{"0":"post-126663","1":"product","2":"type-product","3":"status-publish","5":"product_brand-margelisch","6":"product_cat-portefeuille","7":"product_tag-pour-lui","8":"product_tag-pour-vous","9":"pa_farbe-gris","10":"pa_farbe-jaune","11":"pa_farbe-petrole","12":"pa_farbe-vert","14":"first","15":"outofstock","16":"taxable","17":"shipping-taxable","18":"purchasable","19":"product-type-variable"},"acf":[],"_links":{"self":[{"href":"https:\/\/one-horizon.ch\/fr\/wp-json\/wp\/v2\/product\/126663","targetHints":{"allow":["GET"]}}],"collection":[{"href":"https:\/\/one-horizon.ch\/fr\/wp-json\/wp\/v2\/product"}],"about":[{"href":"https:\/\/one-horizon.ch\/fr\/wp-json\/wp\/v2\/types\/product"}],"replies":[{"embeddable":true,"href":"https:\/\/one-horizon.ch\/fr\/wp-json\/wp\/v2\/comments?post=126663"}],"wp:attachment":[{"href":"https:\/\/one-horizon.ch\/fr\/wp-json\/wp\/v2\/media?parent=126663"}],"wp:term":[{"taxonomy":"product_brand","embeddable":true,"href":"https:\/\/one-horizon.ch\/fr\/wp-json\/wp\/v2\/product_brand?post=126663"},{"taxonomy":"product_cat","embeddable":true,"href":"https:\/\/one-horizon.ch\/fr\/wp-json\/wp\/v2\/product_cat?post=126663"},{"taxonomy":"product_tag","embeddable":true,"href":"https:\/\/one-horizon.ch\/fr\/wp-json\/wp\/v2\/product_tag?post=126663"}],"curies":[{"name":"wp","href":"https:\/\/api.w.org\/{rel}","templated":true}]}}